{"id":4595,"date":"2026-03-18T21:50:41","date_gmt":"2026-03-18T21:50:41","guid":{"rendered":"https:\/\/habibimb.com\/?post_type=product&#038;p=4595"},"modified":"2026-03-18T21:50:27","modified_gmt":"2026-03-18T21:50:27","slug":"decant-badee-al-oud-honor-and-glory-lattafa-unisex-5ml","status":"publish","type":"product","link":"https:\/\/habibimb.com\/en\/product\/decant-badee-al-oud-honor-and-glory-lattafa-unisex-5ml\/","title":{"rendered":"Decant Badee Al Oud Honor and Glory, Lattafa, 5"},"content":{"rendered":"<p><strong data-start=\"87\" data-end=\"127\">B<em>adee Al Oud Honor &amp; Glory \u2013 Lattafa este un parfum unisex intens \u0219i sofisticat, cu o combina\u021bie unic\u0103 de note dulci, cremoase \u0219i lemnoase.<\/em><\/strong><br data-start=\"230\" data-end=\"233\" \/><em><strong>Aroma sa distinctiv\u0103 \u00eembin\u0103 elegan\u021ba oriental\u0103 cu accente moderne, oferind o experien\u021b\u0103 olfactiv\u0103 memorabil\u0103 \u0219i luxoas\u0103.<\/strong><\/em><\/p>","protected":false},"excerpt":{"rendered":"<p data-start=\"515\" data-end=\"644\"><strong data-start=\"515\" data-end=\"532\">Note de v\u00e2rf:<\/strong> ananas, acorduri dulci<br data-start=\"555\" data-end=\"558\" \/><strong data-start=\"558\" data-end=\"577\">Note de mijloc:<\/strong> crem\u0103 de vanilie, condimente<br data-start=\"606\" data-end=\"609\" \/><strong data-start=\"609\" data-end=\"626\">Note de baz\u0103:<\/strong> oud, lemn, mosc<\/p>","protected":false},"featured_media":4599,"comment_status":"open","ping_status":"closed","template":"","meta":{"om_disable_all_campaigns":false,"_monsterinsights_skip_tracking":false,"_monsterinsights_sitenote_active":false,"_monsterinsights_sitenote_note":"","_monsterinsights_sitenote_category":0},"product_brand":[63],"product_cat":[108],"product_tag":[],"class_list":{"0":"post-4595","1":"product","2":"type-product","3":"status-publish","4":"has-post-thumbnail","6":"product_brand-lattafa","7":"product_cat-decanturi","9":"first","10":"instock","11":"shipping-taxable","12":"purchasable","13":"product-type-simple"},"aioseo_notices":[],"ct_brands":[{"id":63,"name":"Lattafa","slug":"lattafa"}],"_links":{"self":[{"href":"https:\/\/habibimb.com\/en\/wp-json\/wp\/v2\/product\/4595","targetHints":{"allow":["GET"]}}],"collection":[{"href":"https:\/\/habibimb.com\/en\/wp-json\/wp\/v2\/product"}],"about":[{"href":"https:\/\/habibimb.com\/en\/wp-json\/wp\/v2\/types\/product"}],"replies":[{"embeddable":true,"href":"https:\/\/habibimb.com\/en\/wp-json\/wp\/v2\/comments?post=4595"}],"wp:featuredmedia":[{"embeddable":true,"href":"https:\/\/habibimb.com\/en\/wp-json\/wp\/v2\/media\/4599"}],"wp:attachment":[{"href":"https:\/\/habibimb.com\/en\/wp-json\/wp\/v2\/media?parent=4595"}],"wp:term":[{"taxonomy":"product_brand","embeddable":true,"href":"https:\/\/habibimb.com\/en\/wp-json\/wp\/v2\/product_brand?post=4595"},{"taxonomy":"product_cat","embeddable":true,"href":"https:\/\/habibimb.com\/en\/wp-json\/wp\/v2\/product_cat?post=4595"},{"taxonomy":"product_tag","embeddable":true,"href":"https:\/\/habibimb.com\/en\/wp-json\/wp\/v2\/product_tag?post=4595"}],"curies":[{"name":"wp","href":"https:\/\/api.w.org\/{rel}","templated":true}]}}