{"id":4586,"date":"2026-03-18T21:13:00","date_gmt":"2026-03-18T21:13:00","guid":{"rendered":"https:\/\/habibimb.com\/?post_type=product&#038;p=4586"},"modified":"2026-03-18T21:13:00","modified_gmt":"2026-03-18T21:13:00","slug":"decant-prive-platinum-riffs-barbati-5ml","status":"publish","type":"product","link":"https:\/\/habibimb.com\/en\/product\/decant-prive-platinum-riffs-barbati-5ml\/","title":{"rendered":"Decant Prive Platinum, Riffs, 5"},"content":{"rendered":"<h2>Dezl\u0103n\u021buie-\u021bi parfumul semn\u0103tur\u0103<\/h2>\n<p>Descoper\u0103 farmecul Apa De Parfum Prive Platinum, un parfum creat pentru a ridica esen\u021ba masculinit\u0103\u021bii moderne. Aceast\u0103 ap\u0103 de parfum rafinat\u0103 de 5 ml ofer\u0103 un amestec irezistibil de rafinament \u0219i carism\u0103, f\u0103c\u00e2ndu-l un plus esen\u021bial pentru colec\u021bia ta de parfumuri. Experimenta\u021bi primul spritz, deoarece dezv\u0103luie o tapiserie bogat\u0103 de arome concepute pentru a capta aten\u021bia \u0219i a evoca admira\u021bie.<\/p>\n<h2>Un amestec armonios de note<\/h2>\n<p>Profilul Apa De Parfum Prive Platinum este o capodoper\u0103 care armonizeaz\u0103 notele de v\u00e2rf vibrante cu subtonuri profunde. Parfumul se deschide cu o explozie de citrice r\u0103coritoare, trec\u00e2nd f\u0103r\u0103 probleme \u00eentr-o inim\u0103 de ierburi picante \u0219i aromatice care revigoreaz\u0103 sim\u021burile. \u00cen cele din urm\u0103, notele calde de baz\u0103 ale lemnului bogat \u0219i moscului subtil ofer\u0103 o impresie de durat\u0103 care persist\u0103 pe tot parcursul zilei.<\/p>\n<h2>Creat pentru b\u0103rbatul modern<\/h2>\n<p>Acest parfum nu este doar un parfum; este o experien\u021b\u0103 adaptat\u0103 pentru domnul cu discern\u0103m\u00e2nt. Fie c\u0103 v\u0103 \u00eembr\u0103ca\u021bi pentru un eveniment formal sau c\u0103uta\u021bi un parfum de semn\u0103tur\u0103 pentru purtarea de zi cu zi, Apa De Parfum Prive Platinum \u00eentruchipeaz\u0103 versatilitatea, asigur\u00e2ndu-v\u0103 c\u0103 l\u0103sa\u021bi o urm\u0103 memorabil\u0103 oriunde merge\u021bi. Ambalajul s\u0103u elegant reflect\u0103 luxul con\u021binut \u00een interior, f\u0103c\u00e2ndu-l un cadou perfect pentru tine sau pentru b\u0103rba\u021bii speciali din via\u021ba ta.<\/p>\n<p>R\u0103sf\u0103\u021ba\u021bi-v\u0103 cu esen\u021ba rafinamentului cu Apa De Parfum Prive Platinum. Ridic\u0103-\u021bi rutina zilnic\u0103 \u0219i define\u0219te-\u021bi identitatea prin acest parfum captivant care celebreaz\u0103 caracterul unic al fiec\u0103rui b\u0103rbat. Cu o combina\u021bie de ingrediente premium \u0219i m\u0103iestrie magistral\u0103, aceast\u0103 ap\u0103 de parfum ofer\u0103 o experien\u021b\u0103 olfactiv\u0103 f\u0103r\u0103 egal. Nu purta doar un parfum; \u00eentruchipeaz\u0103 un stil de via\u021b\u0103.<\/p>","protected":false},"excerpt":{"rendered":"<p>Inspirat din Creed Silver Mountain\u00a0Water<\/p>\n<p><strong data-start=\"102\" data-end=\"119\">Note de v\u00e2rf:<\/strong> ananas, bergamot\u0103, m\u0103r<br data-start=\"142\" data-end=\"145\" \/><strong data-start=\"145\" data-end=\"164\" data-is-only-node=\"\">Note de mijloc:<\/strong> mesteac\u0103n, patchouli, iasomie<br data-start=\"194\" data-end=\"197\" \/><strong data-start=\"197\" data-end=\"214\">Note de baz\u0103:<\/strong> mosc, vanilie, mu\u0219chi de stejar<\/p>","protected":false},"featured_media":1874,"comment_status":"open","ping_status":"closed","template":"","meta":{"om_disable_all_campaigns":false,"_monsterinsights_skip_tracking":false,"_monsterinsights_sitenote_active":false,"_monsterinsights_sitenote_note":"","_monsterinsights_sitenote_category":0},"product_brand":[73],"product_cat":[108],"product_tag":[],"class_list":{"0":"post-4586","1":"product","2":"type-product","3":"status-publish","4":"has-post-thumbnail","6":"product_brand-riiffs","7":"product_cat-decanturi","9":"first","10":"instock","11":"shipping-taxable","12":"purchasable","13":"product-type-simple"},"aioseo_notices":[],"ct_brands":[{"id":73,"name":"Riiffs","slug":"riiffs"}],"_links":{"self":[{"href":"https:\/\/habibimb.com\/en\/wp-json\/wp\/v2\/product\/4586","targetHints":{"allow":["GET"]}}],"collection":[{"href":"https:\/\/habibimb.com\/en\/wp-json\/wp\/v2\/product"}],"about":[{"href":"https:\/\/habibimb.com\/en\/wp-json\/wp\/v2\/types\/product"}],"replies":[{"embeddable":true,"href":"https:\/\/habibimb.com\/en\/wp-json\/wp\/v2\/comments?post=4586"}],"wp:featuredmedia":[{"embeddable":true,"href":"https:\/\/habibimb.com\/en\/wp-json\/wp\/v2\/media\/1874"}],"wp:attachment":[{"href":"https:\/\/habibimb.com\/en\/wp-json\/wp\/v2\/media?parent=4586"}],"wp:term":[{"taxonomy":"product_brand","embeddable":true,"href":"https:\/\/habibimb.com\/en\/wp-json\/wp\/v2\/product_brand?post=4586"},{"taxonomy":"product_cat","embeddable":true,"href":"https:\/\/habibimb.com\/en\/wp-json\/wp\/v2\/product_cat?post=4586"},{"taxonomy":"product_tag","embeddable":true,"href":"https:\/\/habibimb.com\/en\/wp-json\/wp\/v2\/product_tag?post=4586"}],"curies":[{"name":"wp","href":"https:\/\/api.w.org\/{rel}","templated":true}]}}