{"id":4584,"date":"2026-03-18T21:11:09","date_gmt":"2026-03-18T21:11:09","guid":{"rendered":"https:\/\/habibimb.com\/?post_type=product&#038;p=4584"},"modified":"2026-03-18T21:11:10","modified_gmt":"2026-03-18T21:11:10","slug":"decant-imperial-blue-riiffs-barbati-5ml","status":"publish","type":"product","link":"https:\/\/habibimb.com\/en\/product\/decant-imperial-blue-riiffs-barbati-5ml\/","title":{"rendered":"Decant Imperial Blue, Riiffs, 5"},"content":{"rendered":"<h2>Descoperi\u021bi esen\u021ba masculinit\u0103\u021bii<\/h2>\n<p>V\u0103 prezent\u0103m Apa De Parfum Imperial Blue de la Riiffs &#8211; un parfum conceput pentru b\u0103rbatul modern care \u00eentruchipeaz\u0103 elegan\u021ba \u0219i rafinamentul. Cu un amestec perfect de prospe\u021bime \u0219i c\u0103ldur\u0103, acest parfum premium ofer\u0103 un profil olfactiv distins care capteaz\u0103 aten\u021bia \u0219i \u00eenc\u00e2nt\u0103 sim\u021burile. Fie pentru purtarea zilnic\u0103 sau pentru ocazii speciale, Imperial Blue este \u00eenso\u021bitorul t\u0103u ideal, ajut\u00e2ndu-te s\u0103 la\u0219i o impresie de neuitat.<\/p>\n<h2>Note de parfum care captiveaz\u0103<\/h2>\n<p>Aroma intrigant\u0103 a albastru imperial se deschide cu note vibrante de bergamot\u0103 \u0219i l\u0103m\u00e2ie, oferind o explozie r\u0103coritoare care revigoreaz\u0103 spiritul. Pe m\u0103sur\u0103 ce parfumul se desf\u0103\u0219oar\u0103, notele de inim\u0103 de iasomie \u0219i lavand\u0103 aduc un echilibru floral elegant, \u00eentruchip\u00e2nd un sentiment de rafinament. \u00cen cele din urm\u0103, notele de baz\u0103 de lemn de cedru \u0219i ambr\u0103 ofer\u0103 un final cald \u0219i primitor, f\u0103c\u00e2nd din acest parfum o pl\u0103cere a mul\u021bimii. Profilul de parfum complex \u0219i stratificat v\u0103 asigur\u0103 c\u0103 r\u0103m\u00e2ne\u021bi memorabil mult timp dup\u0103 ce a\u021bi p\u0103r\u0103sit camera.<\/p>\n<h2>Elegan\u021b\u0103 \u00een fiecare spray<\/h2>\n<p>Fabricat \u00eentr-o sticl\u0103 elegant\u0103 de 5 ml, Apa De Parfum Imperial Blue este conceput nu doar pentru parfumul s\u0103u, ci \u0219i ca o pies\u0103 de art\u0103. Culoarea albastr\u0103 bogat\u0103 \u0219i designul elegant reflect\u0103 esen\u021ba luxoas\u0103 con\u021binut\u0103 \u00een interior. Perfect pentru cadouri sau r\u0103sf\u0103\u021b personal, acest parfum promite s\u0103-\u021bi ridice rutina de zi cu zi \u00eentr-un ritual de rafinament. Cufunda\u021bi-v\u0103 \u00een luxul Imperial Blue \u0219i l\u0103sa\u021bi-v\u0103 \u00eencrederea s\u0103 str\u0103luceasc\u0103.<\/p>\n<p>Cu formula sa de lung\u0103 durat\u0103, doar c\u00e2teva pulveriz\u0103ri din acest parfum \u00eemb\u0103t\u0103tor te vor men\u021bine proasp\u0103t pe tot parcursul zilei. Descoper\u0103 esen\u021ba rafinamentului cu Apa De Parfum Imperial Blue de la Riiffs &#8211; experimenteaz\u0103-l ast\u0103zi \u0219i redefine\u0219te-\u021bi parfumul semn\u0103tur\u0103.<\/p>","protected":false},"excerpt":{"rendered":"<p>Inspirat din Versace\u00a0Eros<\/p>\n<p><strong data-start=\"106\" data-end=\"123\">Note de v\u00e2rf:<\/strong> bergamot\u0103, l\u0103m\u00e2ie, note marine<br data-start=\"154\" data-end=\"157\" \/><strong data-start=\"157\" data-end=\"176\" data-is-only-node=\"\">Note de mijloc:<\/strong> lavand\u0103, condimente, note aromatice<br data-start=\"212\" data-end=\"215\" \/><strong data-start=\"215\" data-end=\"232\">Note de baz\u0103:<\/strong> mosc, lemn de cedru, ambroxan<\/p>","protected":false},"featured_media":2276,"comment_status":"open","ping_status":"closed","template":"","meta":{"om_disable_all_campaigns":false,"_monsterinsights_skip_tracking":false,"_monsterinsights_sitenote_active":false,"_monsterinsights_sitenote_note":"","_monsterinsights_sitenote_category":0},"product_brand":[73],"product_cat":[108],"product_tag":[],"class_list":{"0":"post-4584","1":"product","2":"type-product","3":"status-publish","4":"has-post-thumbnail","6":"product_brand-riiffs","7":"product_cat-decanturi","9":"first","10":"instock","11":"shipping-taxable","12":"purchasable","13":"product-type-simple"},"aioseo_notices":[],"ct_brands":[{"id":73,"name":"Riiffs","slug":"riiffs"}],"_links":{"self":[{"href":"https:\/\/habibimb.com\/en\/wp-json\/wp\/v2\/product\/4584","targetHints":{"allow":["GET"]}}],"collection":[{"href":"https:\/\/habibimb.com\/en\/wp-json\/wp\/v2\/product"}],"about":[{"href":"https:\/\/habibimb.com\/en\/wp-json\/wp\/v2\/types\/product"}],"replies":[{"embeddable":true,"href":"https:\/\/habibimb.com\/en\/wp-json\/wp\/v2\/comments?post=4584"}],"wp:featuredmedia":[{"embeddable":true,"href":"https:\/\/habibimb.com\/en\/wp-json\/wp\/v2\/media\/2276"}],"wp:attachment":[{"href":"https:\/\/habibimb.com\/en\/wp-json\/wp\/v2\/media?parent=4584"}],"wp:term":[{"taxonomy":"product_brand","embeddable":true,"href":"https:\/\/habibimb.com\/en\/wp-json\/wp\/v2\/product_brand?post=4584"},{"taxonomy":"product_cat","embeddable":true,"href":"https:\/\/habibimb.com\/en\/wp-json\/wp\/v2\/product_cat?post=4584"},{"taxonomy":"product_tag","embeddable":true,"href":"https:\/\/habibimb.com\/en\/wp-json\/wp\/v2\/product_tag?post=4584"}],"curies":[{"name":"wp","href":"https:\/\/api.w.org\/{rel}","templated":true}]}}