{"id":4582,"date":"2026-03-18T21:09:14","date_gmt":"2026-03-18T21:09:14","guid":{"rendered":"https:\/\/habibimb.com\/?post_type=product&#038;p=4582"},"modified":"2026-04-09T11:23:47","modified_gmt":"2026-04-09T11:23:47","slug":"decant-riqqa-arl-al-zaafaran-unisex-5ml","status":"publish","type":"product","link":"https:\/\/habibimb.com\/en\/product\/decant-riqqa-arl-al-zaafaran-unisex-5ml\/","title":{"rendered":"Decant Riqqa, Arl Al Zaafaran, 5"},"content":{"rendered":"<p><strong>Descoper\u0103 Elegan\u021ba Etern\u0103<\/strong><\/p>\n<p><strong>\u00ce\u021bi prezent\u0103m Apa de Parfum Riqqa de la Arl Al Zaafaran, un parfum sofisticat unisex, creat pentru a captiva sim\u021burile. Aceast\u0103 ap\u0103 de parfum de 5 ml ofer\u0103 un echilibru delicat \u00eentre opulen\u021b\u0103 \u0219i farmec subtil, fiind alegerea perfect\u0103 pentru persoanele care caut\u0103 un parfum atemporal care s\u0103 le completeze personalitatea. Indiferent dac\u0103 este purtat la un eveniment special sau zilnic, compozi\u021bia unic\u0103 a lui Riqqa asigur\u0103 o impresie de durat\u0103.<\/strong><\/p>\n<p><strong>Un Amestec Armonios de Note<\/strong><\/p>\n<p><strong>Profilul olfactiv al lui Riqqa combin\u0103 note atent selectate care se transform\u0103 \u00eentr-o experien\u021b\u0103 senzorial\u0103 memorabil\u0103. Se deschide cu note de v\u00e2rf proaspete, care se \u00eembin\u0103 armonios \u00eentr-o inim\u0103 cu acorduri florale \u0219i lemnoase. \u00cen cele din urm\u0103, notele de baz\u0103 au tonuri calde \u0219i persistente, care radiaz\u0103 sofisticare la fiecare pulverizare. Designul s\u0103u unisex asigur\u0103 versatilitate, fiind ideal at\u00e2t pentru b\u0103rba\u021bi, c\u00e2t \u0219i pentru femei care doresc s\u0103-\u0219i ridice stilul zilnic.<\/strong><\/p>","protected":false},"excerpt":{"rendered":"<p><strong>Inspirat din Angel&#8217;s Share Kilian<\/strong><\/p>\n<div class=\"flex flex-col text-sm pb-25\">\n<section class=\"text-token-text-primary w-full focus:outline-none [--shadow-height:45px] has-data-writing-block:pointer-events-none has-data-writing-block:-mt-(--shadow-height) has-data-writing-block:pt-(--shadow-height) [&amp;:has([data-writing-block])&gt;*]:pointer-events-auto scroll-mt-[calc(var(--header-height)+min(200px,max(70px,20svh)))]\" dir=\"auto\" data-turn-id=\"request-WEB:2bf9c5c5-8a81-4317-9990-19f1189bce4c-7\" data-testid=\"conversation-turn-14\" data-scroll-anchor=\"true\" data-turn=\"assistant\">\n<div class=\"text-base my-auto mx-auto pb-10 [--thread-content-margin:var(--thread-content-margin-xs,calc(var(--spacing)*4))] @w-sm\/main:[--thread-content-margin:var(--thread-content-margin-sm,calc(var(--spacing)*6))] @w-lg\/main:[--thread-content-margin:var(--thread-content-margin-lg,calc(var(--spacing)*16))] px-(--thread-content-margin)\">\n<div class=\"[--thread-content-max-width:40rem] @w-lg\/main:[--thread-content-max-width:48rem] mx-auto max-w-(--thread-content-max-width) flex-1 group\/turn-messages focus-visible:outline-hidden relative flex w-full min-w-0 flex-col agent-turn\">\n<div class=\"flex max-w-full flex-col gap-4 grow\">\n<div class=\"min-h-8 text-message relative flex w-full flex-col items-end gap-2 text-start break-words whitespace-normal outline-none keyboard-focused:focus-ring [.text-message+&amp;]:mt-1\" dir=\"auto\" tabindex=\"0\" data-message-author-role=\"assistant\" data-message-id=\"5bd0a9b4-188b-4233-9ae2-2c79e2c8149f\" data-message-model-slug=\"gpt-5-3\" data-turn-start-message=\"true\">\n<div class=\"flex w-full flex-col gap-1 empty:hidden\">\n<div class=\"markdown prose dark:prose-invert w-full wrap-break-word dark markdown-new-styling\">\n<p data-start=\"107\" data-end=\"230\" data-is-last-node=\"\" data-is-only-node=\"\"><strong data-start=\"107\" data-end=\"124\">Note de v\u00e2rf:<\/strong> \u0219ofran, note condimentate<br data-start=\"150\" data-end=\"153\" \/><strong data-start=\"153\" data-end=\"172\" data-is-only-node=\"\">Note de mijloc:<\/strong> trandafir, caramel<br data-start=\"191\" data-end=\"194\" \/><strong data-start=\"194\" data-end=\"211\">Note de baz\u0103:<\/strong> oud, vanilie, mosc<\/p>\n<\/div>\n<\/div>\n<\/div>\n<\/div>\n<div class=\"z-0 flex min-h-[46px] justify-start\"><\/div>\n<div class=\"mt-3 w-full empty:hidden\">\n<div class=\"text-center\"><\/div>\n<\/div>\n<\/div>\n<\/div>\n<\/section>\n<\/div>\n<div class=\"pointer-events-none h-px w-px absolute bottom-0\" aria-hidden=\"true\" data-edge=\"true\"><\/div>","protected":false},"featured_media":3284,"comment_status":"open","ping_status":"closed","template":"","meta":{"om_disable_all_campaigns":false,"_monsterinsights_skip_tracking":false,"_monsterinsights_sitenote_active":false,"_monsterinsights_sitenote_note":"","_monsterinsights_sitenote_category":0},"product_brand":[64],"product_cat":[108],"product_tag":[],"class_list":{"0":"post-4582","1":"product","2":"type-product","3":"status-publish","4":"has-post-thumbnail","6":"product_brand-ard-al-zaafaran","7":"product_cat-decanturi","9":"first","10":"instock","11":"shipping-taxable","12":"purchasable","13":"product-type-simple"},"aioseo_notices":[],"ct_brands":[{"id":64,"name":"Ard Al Zaafaran","slug":"ard-al-zaafaran"}],"_links":{"self":[{"href":"https:\/\/habibimb.com\/en\/wp-json\/wp\/v2\/product\/4582","targetHints":{"allow":["GET"]}}],"collection":[{"href":"https:\/\/habibimb.com\/en\/wp-json\/wp\/v2\/product"}],"about":[{"href":"https:\/\/habibimb.com\/en\/wp-json\/wp\/v2\/types\/product"}],"replies":[{"embeddable":true,"href":"https:\/\/habibimb.com\/en\/wp-json\/wp\/v2\/comments?post=4582"}],"wp:featuredmedia":[{"embeddable":true,"href":"https:\/\/habibimb.com\/en\/wp-json\/wp\/v2\/media\/3284"}],"wp:attachment":[{"href":"https:\/\/habibimb.com\/en\/wp-json\/wp\/v2\/media?parent=4582"}],"wp:term":[{"taxonomy":"product_brand","embeddable":true,"href":"https:\/\/habibimb.com\/en\/wp-json\/wp\/v2\/product_brand?post=4582"},{"taxonomy":"product_cat","embeddable":true,"href":"https:\/\/habibimb.com\/en\/wp-json\/wp\/v2\/product_cat?post=4582"},{"taxonomy":"product_tag","embeddable":true,"href":"https:\/\/habibimb.com\/en\/wp-json\/wp\/v2\/product_tag?post=4582"}],"curies":[{"name":"wp","href":"https:\/\/api.w.org\/{rel}","templated":true}]}}