{"id":4577,"date":"2026-03-18T21:05:37","date_gmt":"2026-03-18T21:05:37","guid":{"rendered":"https:\/\/habibimb.com\/?post_type=product&#038;p=4577"},"modified":"2026-04-09T11:24:26","modified_gmt":"2026-04-09T11:24:26","slug":"decant-fakhar-extract-women-by-lattafa-femei-5ml","status":"publish","type":"product","link":"https:\/\/habibimb.com\/en\/product\/decant-fakhar-extract-women-by-lattafa-femei-5ml\/","title":{"rendered":"Decant Fakhar Extract Women, By Lattafa, 5"},"content":{"rendered":"<h2>R\u0103sf\u0103\u021ba\u021bi-v\u0103 cu bog\u0103\u021bia Fakhar Extract<\/h2>\n<p>V\u0103 prezent\u0103m Apa de Parfum Fakhar Extract pentru femei de la Lattafa, un parfum captivant conceput pentru femeia modern\u0103 care \u00eentruchipeaz\u0103 for\u021ba \u0219i elegan\u021ba. Aceast\u0103 sticl\u0103 de 100 ml \u00eencapsuleaz\u0103 un amestec de note rafinate care func\u021bioneaz\u0103 armonios pentru a crea un parfum atr\u0103g\u0103tor \u0219i memorabil. Fie c\u0103 te \u00eembraci pentru o ocazie special\u0103 sau adaugi o not\u0103 de lux vie\u021bii tale de zi cu zi, acest parfum \u00ee\u021bi ridic\u0103 prezen\u021ba.<\/p>\n<h2>O c\u0103l\u0103torie \u00eenc\u00e2nt\u0103toare a parfumurilor<\/h2>\n<p>Fakhar Extract se deschide cu note de v\u00e2rf vibrante care \u00ee\u021bi revigoreaz\u0103 sim\u021burile, invit\u00e2ndu-te \u00eentr-o lume de prospe\u021bime \u0219i farmec. Pe m\u0103sur\u0103 ce notele de mijloc se desf\u0103\u0219oar\u0103, ve\u021bi descoperi un buchet floral care rezoneaz\u0103 cu feminitatea, umpl\u00e2nd aerul cu o arom\u0103 fascinant\u0103. \u00cen cele din urm\u0103, notele de baz\u0103 se instaleaz\u0103 \u00eentr-o esen\u021b\u0103 cald\u0103 \u0219i p\u0103m\u00e2nteasc\u0103 care persist\u0103 pe piele, cre\u00e2nd o experien\u021b\u0103 olfactiv\u0103 de neuitat. Acest amestec armonios v\u0103 asigur\u0103 c\u0103 ie\u0219i\u021bi \u00een eviden\u021b\u0103 \u00een orice mul\u021bime, l\u0103s\u00e2nd o urm\u0103 de elegan\u021b\u0103 oriunde merge\u021bi.<\/p>\n<h2>Perfect pentru orice ocazie<\/h2>\n<p>Fie c\u0103 merge\u021bi la serviciu, ie\u0219i\u021bi \u00een ora\u0219 sau participa\u021bi la un eveniment formal, Apa de Parfum Fakhar Extract este \u00eenso\u021bitorul perfect. Formula sa de lung\u0103 durat\u0103 v\u0103 asigur\u0103 c\u0103 r\u0103m\u00e2ne\u021bi \u00eenv\u0103luit \u00een frumuse\u021be \u0219i rafinament de diminea\u021ba p\u00e2n\u0103 seara. Mai mult, sticla de 100 ml nu este doar perfect\u0103 pentru utilizarea de zi cu zi, ci este \u0219i un cadou \u00eenc\u00e2nt\u0103tor pentru femeile speciale din via\u021ba ta. Arat\u0103-le c\u00e2t de mult \u00eenseamn\u0103 pentru tine cu un parfum care spune multe.<\/p>\n<p>Cu ambalajul s\u0103u rafinat \u0219i parfumul captivant, Fakhar Extract este mai mult dec\u00e2t un simplu parfum; este o experien\u021b\u0103. Adaug\u0103-l ast\u0103zi la colec\u021bia ta de parfumuri \u0219i ridic\u0103-\u021bi esen\u021ba cu dedicarea Lattafa pentru calitate \u0219i lux.<\/p>","protected":false},"excerpt":{"rendered":"<p><strong>Note de v\u00e2rf<\/strong>: bergamot\u0103, crin, rodie<\/p>\n<p><strong>Note de mijloc<\/strong>: trandafir, iasomie, caprifoi, tuberoz\u0103, bujor, gardenie<\/p>\n<p><strong>Note de baz\u0103<\/strong>: vanilie, lemn de santal, ambroxan, mosc alb<\/p>","protected":false},"featured_media":2369,"comment_status":"open","ping_status":"closed","template":"","meta":{"om_disable_all_campaigns":false,"_monsterinsights_skip_tracking":false,"_monsterinsights_sitenote_active":false,"_monsterinsights_sitenote_note":"","_monsterinsights_sitenote_category":0},"product_brand":[63],"product_cat":[108],"product_tag":[],"class_list":{"0":"post-4577","1":"product","2":"type-product","3":"status-publish","4":"has-post-thumbnail","6":"product_brand-lattafa","7":"product_cat-decanturi","9":"first","10":"instock","11":"shipping-taxable","12":"purchasable","13":"product-type-simple"},"aioseo_notices":[],"ct_brands":[{"id":63,"name":"Lattafa","slug":"lattafa"}],"_links":{"self":[{"href":"https:\/\/habibimb.com\/en\/wp-json\/wp\/v2\/product\/4577","targetHints":{"allow":["GET"]}}],"collection":[{"href":"https:\/\/habibimb.com\/en\/wp-json\/wp\/v2\/product"}],"about":[{"href":"https:\/\/habibimb.com\/en\/wp-json\/wp\/v2\/types\/product"}],"replies":[{"embeddable":true,"href":"https:\/\/habibimb.com\/en\/wp-json\/wp\/v2\/comments?post=4577"}],"wp:featuredmedia":[{"embeddable":true,"href":"https:\/\/habibimb.com\/en\/wp-json\/wp\/v2\/media\/2369"}],"wp:attachment":[{"href":"https:\/\/habibimb.com\/en\/wp-json\/wp\/v2\/media?parent=4577"}],"wp:term":[{"taxonomy":"product_brand","embeddable":true,"href":"https:\/\/habibimb.com\/en\/wp-json\/wp\/v2\/product_brand?post=4577"},{"taxonomy":"product_cat","embeddable":true,"href":"https:\/\/habibimb.com\/en\/wp-json\/wp\/v2\/product_cat?post=4577"},{"taxonomy":"product_tag","embeddable":true,"href":"https:\/\/habibimb.com\/en\/wp-json\/wp\/v2\/product_tag?post=4577"}],"curies":[{"name":"wp","href":"https:\/\/api.w.org\/{rel}","templated":true}]}}