{"id":4575,"date":"2026-03-18T21:03:50","date_gmt":"2026-03-18T21:03:50","guid":{"rendered":"https:\/\/habibimb.com\/?post_type=product&#038;p=4575"},"modified":"2026-03-18T21:03:50","modified_gmt":"2026-03-18T21:03:50","slug":"decant-ana-al-awwal-red-nusuk-femei-5ml","status":"publish","type":"product","link":"https:\/\/habibimb.com\/en\/product\/decant-ana-al-awwal-red-nusuk-femei-5ml\/","title":{"rendered":"Decant Ana Al Awwal Red, Nusuk, 5"},"content":{"rendered":"<h2>Dezv\u0103luie-\u021bi parfumul semn\u0103tur\u0103<\/h2>\n<p>V\u0103 prezent\u0103m <strong>Apa de Parfum Ana Al Awwal Red<\/strong> de la Nusuk, un parfum captivant conceput special pentru femeile care \u00eembr\u0103\u021bi\u0219eaz\u0103 elegan\u021ba \u0219i rafinamentul. Acest parfum rafinat \u00eencapsuleaz\u0103 esen\u021ba feminit\u0103\u021bii, oferind o experien\u021b\u0103 olfactiv\u0103 unic\u0103 care rezoneaz\u0103 cu \u00eencredere \u0219i farmec. Fie c\u0103 te preg\u0103te\u0219ti pentru o ocazie special\u0103 sau pur \u0219i simplu vrei s\u0103 te r\u0103sfe\u021bi cu un parfum luxos, Ana Al Awwal Red este \u00eenso\u021bitorul t\u0103u perfect.<\/p>\n<h2>O simfonie de note de parfum<\/h2>\n<p>Ana Al Awwal Red este creat cu o combina\u021bie atent selectat\u0103 de note de parfum care te poart\u0103 \u00eentr-o c\u0103l\u0103torie senzorial\u0103. Notele de v\u00e2rf se \u00eenc\u00e2nt\u0103 cu o explozie de arome proaspete \u0219i fructate, \u00eembin\u00e2ndu-se perfect cu nuan\u021be florale care \u00eentruchipeaz\u0103 feminitatea. Pe m\u0103sur\u0103 ce parfumul se dezvolt\u0103, inima dezv\u0103luie note mai profunde care adaug\u0103 c\u0103ldur\u0103 \u0219i profunzime, f\u0103c\u00e2ndu-l o alegere ideal\u0103 pentru oricine dore\u0219te s\u0103 lase o impresie memorabil\u0103. Notele de baz\u0103 persist\u0103 u\u0219or, \u00eenv\u0103luindu-te \u00eentr-o \u00eembr\u0103\u021bi\u0219are subtil\u0103 care \u00eencurajeaz\u0103 \u00eencrederea pe tot parcursul zilei.<\/p>\n<h2>Perfect pentru orice ocazie<\/h2>\n<p>Acest flacon de 100 ml de <strong>Apa de Parfum Ana Al Awwal Red<\/strong> este perfect dimensionat pentru a te \u00eenso\u021bi oriunde te-ai duce. Designul s\u0103u rafinat asigur\u0103 c\u0103 adaug\u0103 o not\u0103 de lux chiuvetei dvs., facilit\u00e2nd \u00een acela\u0219i timp strecurarea \u00een geant\u0103 pentru aplicarea din mers. Fie c\u0103 participa\u021bi la o cin\u0103 formal\u0103, la o \u00eent\u00e2lnire informal\u0103 sau la o \u00eent\u00e2lnire de afaceri important\u0103, acest parfum este suficient de versatil pentru a se potrivi oric\u0103rui scenariu. \u00cembun\u0103t\u0103\u021be\u0219te-\u021bi rutina zilnic\u0103 cu un strop de Ana Al Awwal Red \u0219i las\u0103-\u021bi prezen\u021ba s\u0103 fie sim\u021bit\u0103 mult timp dup\u0103 ce ai p\u0103r\u0103sit camera. R<\/p>","protected":false},"excerpt":{"rendered":"<ul>\n<li class=\"\" data-start=\"155\" data-end=\"212\">\n<p class=\"\" data-start=\"157\" data-end=\"212\"><strong data-start=\"157\" data-end=\"173\">Note de v\u00e2rf<\/strong>: Grapefruit, Bergamot\u0103<\/p>\n<\/li>\n<li class=\"\" data-start=\"213\" data-end=\"272\">\n<p class=\"\" data-start=\"215\" data-end=\"272\"><strong data-start=\"215\" data-end=\"233\">Note de mijloc<\/strong>: \u0218ofran, Lavand\u0103, Pralin\u0103<\/p>\n<\/li>\n<li class=\"\" data-start=\"273\" data-end=\"374\">\n<p class=\"\" data-start=\"275\" data-end=\"374\"><strong data-start=\"275\" data-end=\"291\">Note de baz\u0103<\/strong>: Lichen, Mosc<\/p>\n<\/li>\n<li data-start=\"273\" data-end=\"374\">Inspirat din Baccarat Rouge<\/li>\n<\/ul>","protected":false},"featured_media":1706,"comment_status":"open","ping_status":"closed","template":"","meta":{"om_disable_all_campaigns":false,"_monsterinsights_skip_tracking":false,"_monsterinsights_sitenote_active":false,"_monsterinsights_sitenote_note":"","_monsterinsights_sitenote_category":0},"product_brand":[77],"product_cat":[108],"product_tag":[],"class_list":{"0":"post-4575","1":"product","2":"type-product","3":"status-publish","4":"has-post-thumbnail","6":"product_brand-nusuk","7":"product_cat-decanturi","9":"first","10":"instock","11":"shipping-taxable","12":"purchasable","13":"product-type-simple"},"aioseo_notices":[],"ct_brands":[{"id":77,"name":"Nusuk","slug":"nusuk"}],"_links":{"self":[{"href":"https:\/\/habibimb.com\/en\/wp-json\/wp\/v2\/product\/4575","targetHints":{"allow":["GET"]}}],"collection":[{"href":"https:\/\/habibimb.com\/en\/wp-json\/wp\/v2\/product"}],"about":[{"href":"https:\/\/habibimb.com\/en\/wp-json\/wp\/v2\/types\/product"}],"replies":[{"embeddable":true,"href":"https:\/\/habibimb.com\/en\/wp-json\/wp\/v2\/comments?post=4575"}],"wp:featuredmedia":[{"embeddable":true,"href":"https:\/\/habibimb.com\/en\/wp-json\/wp\/v2\/media\/1706"}],"wp:attachment":[{"href":"https:\/\/habibimb.com\/en\/wp-json\/wp\/v2\/media?parent=4575"}],"wp:term":[{"taxonomy":"product_brand","embeddable":true,"href":"https:\/\/habibimb.com\/en\/wp-json\/wp\/v2\/product_brand?post=4575"},{"taxonomy":"product_cat","embeddable":true,"href":"https:\/\/habibimb.com\/en\/wp-json\/wp\/v2\/product_cat?post=4575"},{"taxonomy":"product_tag","embeddable":true,"href":"https:\/\/habibimb.com\/en\/wp-json\/wp\/v2\/product_tag?post=4575"}],"curies":[{"name":"wp","href":"https:\/\/api.w.org\/{rel}","templated":true}]}}