{"id":4573,"date":"2026-03-18T21:01:51","date_gmt":"2026-03-18T21:01:51","guid":{"rendered":"https:\/\/habibimb.com\/?post_type=product&#038;p=4573"},"modified":"2026-03-18T21:01:51","modified_gmt":"2026-03-18T21:01:51","slug":"decant-riwayah-azuro-fariis-unisex-5ml","status":"publish","type":"product","link":"https:\/\/habibimb.com\/en\/product\/decant-riwayah-azuro-fariis-unisex-5ml\/","title":{"rendered":"Decant Riwayah Azuro, Fariis, 5"},"content":{"rendered":"<p><strong>Riwayah Azuro \u2013 Fariis (Unisex, 5 ml) este un parfum fresh-aromatic, curat \u0219i energizant, perfect pentru purtare zilnic\u0103.<br \/>\n<\/strong><\/p>","protected":false},"excerpt":{"rendered":"<p><strong>Inspirat din Gissah Akoya<\/strong><\/p>\n<p>Note de v\u00e2rf: bergamot\u0103, portocal\u0103, zmeur\u0103<\/p>\n<p>Note de mijloc: caramel, lavand\u0103 absolut, iasomie sambac<\/p>\n<p>Note de baz\u0103: paciuli, lemn de santal, tonka<\/p>","protected":false},"featured_media":4396,"comment_status":"open","ping_status":"closed","template":"","meta":{"om_disable_all_campaigns":false,"_monsterinsights_skip_tracking":false,"_monsterinsights_sitenote_active":false,"_monsterinsights_sitenote_note":"","_monsterinsights_sitenote_category":0},"product_brand":[102],"product_cat":[108],"product_tag":[],"class_list":{"0":"post-4573","1":"product","2":"type-product","3":"status-publish","4":"has-post-thumbnail","6":"product_brand-fariis","7":"product_cat-decanturi","9":"first","10":"instock","11":"shipping-taxable","12":"purchasable","13":"product-type-simple"},"aioseo_notices":[],"ct_brands":[{"id":102,"name":"Fariis","slug":"fariis"}],"_links":{"self":[{"href":"https:\/\/habibimb.com\/en\/wp-json\/wp\/v2\/product\/4573","targetHints":{"allow":["GET"]}}],"collection":[{"href":"https:\/\/habibimb.com\/en\/wp-json\/wp\/v2\/product"}],"about":[{"href":"https:\/\/habibimb.com\/en\/wp-json\/wp\/v2\/types\/product"}],"replies":[{"embeddable":true,"href":"https:\/\/habibimb.com\/en\/wp-json\/wp\/v2\/comments?post=4573"}],"wp:featuredmedia":[{"embeddable":true,"href":"https:\/\/habibimb.com\/en\/wp-json\/wp\/v2\/media\/4396"}],"wp:attachment":[{"href":"https:\/\/habibimb.com\/en\/wp-json\/wp\/v2\/media?parent=4573"}],"wp:term":[{"taxonomy":"product_brand","embeddable":true,"href":"https:\/\/habibimb.com\/en\/wp-json\/wp\/v2\/product_brand?post=4573"},{"taxonomy":"product_cat","embeddable":true,"href":"https:\/\/habibimb.com\/en\/wp-json\/wp\/v2\/product_cat?post=4573"},{"taxonomy":"product_tag","embeddable":true,"href":"https:\/\/habibimb.com\/en\/wp-json\/wp\/v2\/product_tag?post=4573"}],"curies":[{"name":"wp","href":"https:\/\/api.w.org\/{rel}","templated":true}]}}