{"id":4572,"date":"2026-03-18T21:00:50","date_gmt":"2026-03-18T21:00:50","guid":{"rendered":"https:\/\/habibimb.com\/?post_type=product&#038;p=4572"},"modified":"2026-03-18T21:31:36","modified_gmt":"2026-03-18T21:31:36","slug":"decant-scandal-by-patric-unisex-5ml","status":"publish","type":"product","link":"https:\/\/habibimb.com\/en\/product\/decant-scandal-by-patric-unisex-5ml\/","title":{"rendered":"Decant Scandal By Patric, 5"},"content":{"rendered":"<h2>Prezentarea scandalului de c\u0103tre Patric<\/h2>\n<p>Experimenteaz\u0103 farmecul Scandal by Patric, un parfum unisex care \u00eencapsuleaz\u0103 rafinamentul \u0219i farmecul \u00een fiecare pic\u0103tur\u0103. Conceput\u0103 pentru persoanele care apreciaz\u0103 luxul \u0219i stilul, aceast\u0103 ap\u0103 de parfum de 100 ml este completarea perfect\u0103 pentru colec\u021bia ta de parfumuri. Profilul s\u0103u olfactiv intrigant \u00eel face potrivit pentru orice ocazie, indiferent dac\u0103 v\u0103 \u00eendrepta\u021bi spre o \u00eent\u00e2lnire de afaceri sau o sear\u0103 cu prietenii.<\/p>\n<h2>Profilul parfumului<\/h2>\n<p>Scandal by Patric se deschide cu un amestec vibrant de note proaspete de citrice, revigor\u00e2ndu-\u021bi sim\u021burile \u0219i cre\u00e2nd o prim\u0103 impresie revigorant\u0103. Pe m\u0103sur\u0103 ce parfumul se desf\u0103\u0219oar\u0103, apar note de inim\u0103 de flori bogate, frumos echilibrate de condimente subtile care adaug\u0103 profunzime \u0219i caracter. \u00cen cele din urm\u0103, notele de baz\u0103 de lemn cald \u0219i mosc moale las\u0103 un final persistent \u0219i elegant care \u00eei captiveaz\u0103 pe cei din jur. Acest amestec armonios asigur\u0103 c\u0103 Scandal va fi un \u00eenso\u021bitor memorabil pe tot parcursul zilei.<\/p>\n<h2>De ce s\u0103 alegi Scandal By Patric?<\/h2>\n<p>Alegerea Scandal by Patric \u00eenseamn\u0103 \u00eembr\u0103\u021bi\u0219area unui parfum care este la fel de versatil ca \u0219i tine. Farmecul s\u0103u unisex \u00eel face un cadou minunat pentru cei dragi sau un r\u0103sf\u0103\u021b special pentru tine. Sticla cu design elegant nu numai c\u0103 reflect\u0103 natura luxoas\u0103 a parfumului, dar ofer\u0103 \u0219i un afi\u0219aj uimitor pe toalet\u0103. Fabricat cu ingrediente de \u00eenalt\u0103 calitate, acest parfum ofer\u0103 o purtare de lung\u0103 durat\u0103, asigur\u00e2ndu-v\u0103 c\u0103 r\u0103m\u00e2ne\u021bi \u00een centrul aten\u021biei de diminea\u021ba p\u00e2n\u0103 seara.<\/p>\n<p>Nu rata ocazia de a-\u021bi \u00eembun\u0103t\u0103\u021bi jocul de parfumuri cu Scandal de la Patric. Fie c\u0103 \u00eel por\u021bi zilnic pentru un impuls de \u00eencredere sau \u00een momente speciale, acest parfum rafinat promite s\u0103 fac\u0103 o declara\u021bie. R\u0103sf\u0103\u021ba\u021bi-v\u0103 cu farmecul atemporal \u0219i rafinamentul pe care \u00eel aduce \u0219i descoperi\u021bi de ce Scandal by Patric este un must-have pentru iubitorii de parfumuri de pretutindeni.<\/p>","protected":false},"excerpt":{"rendered":"<p>Asemanator cu Scandal Jean Paul Gaultier<\/p>\n<p><strong data-start=\"100\" data-end=\"117\">Note de v\u00e2rf:<\/strong> citrice, note dulci<br data-start=\"137\" data-end=\"140\" \/><strong data-start=\"140\" data-end=\"159\" data-is-only-node=\"\">Note de mijloc:<\/strong> flori albe, miere<br data-start=\"177\" data-end=\"180\" \/><strong data-start=\"180\" data-end=\"197\">Note de baz\u0103:<\/strong> vanilie, mosc, patchouli<\/p>","protected":false},"featured_media":3017,"comment_status":"open","ping_status":"closed","template":"","meta":{"om_disable_all_campaigns":false,"_monsterinsights_skip_tracking":false,"_monsterinsights_sitenote_active":false,"_monsterinsights_sitenote_note":"","_monsterinsights_sitenote_category":0},"product_brand":[76],"product_cat":[108],"product_tag":[],"class_list":{"0":"post-4572","1":"product","2":"type-product","3":"status-publish","4":"has-post-thumbnail","6":"product_brand-by-patric","7":"product_cat-decanturi","9":"first","10":"instock","11":"shipping-taxable","12":"purchasable","13":"product-type-simple"},"aioseo_notices":[],"ct_brands":[{"id":76,"name":"By Patric","slug":"by-patric"}],"_links":{"self":[{"href":"https:\/\/habibimb.com\/en\/wp-json\/wp\/v2\/product\/4572","targetHints":{"allow":["GET"]}}],"collection":[{"href":"https:\/\/habibimb.com\/en\/wp-json\/wp\/v2\/product"}],"about":[{"href":"https:\/\/habibimb.com\/en\/wp-json\/wp\/v2\/types\/product"}],"replies":[{"embeddable":true,"href":"https:\/\/habibimb.com\/en\/wp-json\/wp\/v2\/comments?post=4572"}],"wp:featuredmedia":[{"embeddable":true,"href":"https:\/\/habibimb.com\/en\/wp-json\/wp\/v2\/media\/3017"}],"wp:attachment":[{"href":"https:\/\/habibimb.com\/en\/wp-json\/wp\/v2\/media?parent=4572"}],"wp:term":[{"taxonomy":"product_brand","embeddable":true,"href":"https:\/\/habibimb.com\/en\/wp-json\/wp\/v2\/product_brand?post=4572"},{"taxonomy":"product_cat","embeddable":true,"href":"https:\/\/habibimb.com\/en\/wp-json\/wp\/v2\/product_cat?post=4572"},{"taxonomy":"product_tag","embeddable":true,"href":"https:\/\/habibimb.com\/en\/wp-json\/wp\/v2\/product_tag?post=4572"}],"curies":[{"name":"wp","href":"https:\/\/api.w.org\/{rel}","templated":true}]}}