{"id":4568,"date":"2026-03-18T20:56:56","date_gmt":"2026-03-18T20:56:56","guid":{"rendered":"https:\/\/habibimb.com\/?post_type=product&#038;p=4568"},"modified":"2026-03-18T21:32:28","modified_gmt":"2026-03-18T21:32:28","slug":"decant-noor-riiffs-unisex-5ml","status":"publish","type":"product","link":"https:\/\/habibimb.com\/en\/product\/decant-noor-riiffs-unisex-5ml\/","title":{"rendered":"Decant Noor, Riiffs, 5"},"content":{"rendered":"<ol>\n<li>Extract de Parfum Noor by Riiffs \u2013 o esen\u021b\u0103 unisex captivant\u0103, ce \u00eembin\u0103 perfect notele lemnoase \u0219i orientale. Aroma sa cald\u0103 \u0219i profund\u0103 eman\u0103 rafinament \u0219i echilibru. Persist\u0103 elegant pe piele, oferind o prezen\u021b\u0103 distinct\u0103 \u0219i seduc\u0103toare. Ideal pentru momente speciale \u0219i personalit\u0103\u021bi puternice.<\/li>\n<\/ol>","protected":false},"excerpt":{"rendered":"<p>Inspirat din Bianco Latte Giardini di Toscana<\/p>","protected":false},"featured_media":3458,"comment_status":"open","ping_status":"closed","template":"","meta":{"om_disable_all_campaigns":false,"_monsterinsights_skip_tracking":false,"_monsterinsights_sitenote_active":false,"_monsterinsights_sitenote_note":"","_monsterinsights_sitenote_category":0},"product_brand":[73],"product_cat":[108],"product_tag":[],"class_list":{"0":"post-4568","1":"product","2":"type-product","3":"status-publish","4":"has-post-thumbnail","6":"product_brand-riiffs","7":"product_cat-decanturi","9":"first","10":"instock","11":"shipping-taxable","12":"purchasable","13":"product-type-simple"},"aioseo_notices":[],"ct_brands":[{"id":73,"name":"Riiffs","slug":"riiffs"}],"_links":{"self":[{"href":"https:\/\/habibimb.com\/en\/wp-json\/wp\/v2\/product\/4568","targetHints":{"allow":["GET"]}}],"collection":[{"href":"https:\/\/habibimb.com\/en\/wp-json\/wp\/v2\/product"}],"about":[{"href":"https:\/\/habibimb.com\/en\/wp-json\/wp\/v2\/types\/product"}],"replies":[{"embeddable":true,"href":"https:\/\/habibimb.com\/en\/wp-json\/wp\/v2\/comments?post=4568"}],"wp:featuredmedia":[{"embeddable":true,"href":"https:\/\/habibimb.com\/en\/wp-json\/wp\/v2\/media\/3458"}],"wp:attachment":[{"href":"https:\/\/habibimb.com\/en\/wp-json\/wp\/v2\/media?parent=4568"}],"wp:term":[{"taxonomy":"product_brand","embeddable":true,"href":"https:\/\/habibimb.com\/en\/wp-json\/wp\/v2\/product_brand?post=4568"},{"taxonomy":"product_cat","embeddable":true,"href":"https:\/\/habibimb.com\/en\/wp-json\/wp\/v2\/product_cat?post=4568"},{"taxonomy":"product_tag","embeddable":true,"href":"https:\/\/habibimb.com\/en\/wp-json\/wp\/v2\/product_tag?post=4568"}],"curies":[{"name":"wp","href":"https:\/\/api.w.org\/{rel}","templated":true}]}}