{"id":4564,"date":"2026-03-18T20:53:05","date_gmt":"2026-03-18T20:53:05","guid":{"rendered":"https:\/\/habibimb.com\/?post_type=product&#038;p=4564"},"modified":"2026-03-18T21:33:13","modified_gmt":"2026-03-18T21:33:13","slug":"decant-ateeq-nusuk-unisex-5ml","status":"publish","type":"product","link":"https:\/\/habibimb.com\/en\/product\/decant-ateeq-nusuk-unisex-5ml\/","title":{"rendered":"Decant, Ateeq, Nusuk, 5"},"content":{"rendered":"<p><strong>Ateeq este un parfum oriental-aromatic sofisticat, cu o deschidere luminoas\u0103 de lime, grapefruit \u0219i note calde de miere cu scor\u021bi\u0219oar\u0103. \u00cen inima sa se reg\u0103sesc lavand\u0103, iasomie \u0219i accente fine de tutun. Baza ofer\u0103 profunzime cu vanilie orchid\u0103, tonka, cedru \u0219i mosc, l\u0103s\u00e2nd o amprent\u0103 cald\u0103 \u0219i persistent\u0103.<\/strong><\/p>","protected":false},"excerpt":{"rendered":"<p>Inspirat din Naxos Xerjoff<\/p>\n<div class=\"flex flex-col text-sm pb-25\">\n<section class=\"text-token-text-primary w-full focus:outline-none [--shadow-height:45px] has-data-writing-block:pointer-events-none has-data-writing-block:-mt-(--shadow-height) has-data-writing-block:pt-(--shadow-height) [&amp;:has([data-writing-block])&gt;*]:pointer-events-auto scroll-mt-[calc(var(--header-height)+min(200px,max(70px,20svh)))]\" dir=\"auto\" data-turn-id=\"request-WEB:2bf9c5c5-8a81-4317-9990-19f1189bce4c-19\" data-testid=\"conversation-turn-38\" data-scroll-anchor=\"true\" data-turn=\"assistant\">\n<div class=\"text-base my-auto mx-auto pb-10 [--thread-content-margin:var(--thread-content-margin-xs,calc(var(--spacing)*4))] @w-sm\/main:[--thread-content-margin:var(--thread-content-margin-sm,calc(var(--spacing)*6))] @w-lg\/main:[--thread-content-margin:var(--thread-content-margin-lg,calc(var(--spacing)*16))] px-(--thread-content-margin)\">\n<div class=\"[--thread-content-max-width:40rem] @w-lg\/main:[--thread-content-max-width:48rem] mx-auto max-w-(--thread-content-max-width) flex-1 group\/turn-messages focus-visible:outline-hidden relative flex w-full min-w-0 flex-col agent-turn\">\n<div class=\"flex max-w-full flex-col gap-4 grow\">\n<div class=\"min-h-8 text-message relative flex w-full flex-col items-end gap-2 text-start break-words whitespace-normal outline-none keyboard-focused:focus-ring [.text-message+&amp;]:mt-1\" dir=\"auto\" tabindex=\"0\" data-message-author-role=\"assistant\" data-message-id=\"f3b8f872-e3dc-4795-a6a9-2e26bfeb09e9\" data-message-model-slug=\"gpt-5-3\" data-turn-start-message=\"true\">\n<div class=\"flex w-full flex-col gap-1 empty:hidden\">\n<div class=\"markdown prose dark:prose-invert w-full wrap-break-word dark markdown-new-styling\">\n<p data-start=\"97\" data-end=\"237\" data-is-last-node=\"\" data-is-only-node=\"\"><strong data-start=\"97\" data-end=\"114\">Note de v\u00e2rf:<\/strong> citrice, note condimentate<br data-start=\"141\" data-end=\"144\" \/><strong data-start=\"144\" data-end=\"163\" data-is-only-node=\"\">Note de mijloc:<\/strong> flori albe, note aromatice<br data-start=\"190\" data-end=\"193\" \/><strong data-start=\"193\" data-end=\"210\">Note de baz\u0103:<\/strong> ambra, mosc, note lemnoase<\/p>\n<\/div>\n<\/div>\n<\/div>\n<\/div>\n<div class=\"z-0 flex min-h-[46px] justify-start\"><\/div>\n<div class=\"mt-3 w-full empty:hidden\">\n<div class=\"text-center\"><\/div>\n<\/div>\n<\/div>\n<\/div>\n<\/section>\n<\/div>\n<div class=\"pointer-events-none h-px w-px absolute bottom-0\" aria-hidden=\"true\" data-edge=\"true\"><\/div>","protected":false},"featured_media":3417,"comment_status":"open","ping_status":"closed","template":"","meta":{"om_disable_all_campaigns":false,"_monsterinsights_skip_tracking":false,"_monsterinsights_sitenote_active":false,"_monsterinsights_sitenote_note":"","_monsterinsights_sitenote_category":0},"product_brand":[77],"product_cat":[108],"product_tag":[],"class_list":{"0":"post-4564","1":"product","2":"type-product","3":"status-publish","4":"has-post-thumbnail","6":"product_brand-nusuk","7":"product_cat-decanturi","9":"first","10":"instock","11":"shipping-taxable","12":"purchasable","13":"product-type-simple"},"aioseo_notices":[],"ct_brands":[{"id":77,"name":"Nusuk","slug":"nusuk"}],"_links":{"self":[{"href":"https:\/\/habibimb.com\/en\/wp-json\/wp\/v2\/product\/4564","targetHints":{"allow":["GET"]}}],"collection":[{"href":"https:\/\/habibimb.com\/en\/wp-json\/wp\/v2\/product"}],"about":[{"href":"https:\/\/habibimb.com\/en\/wp-json\/wp\/v2\/types\/product"}],"replies":[{"embeddable":true,"href":"https:\/\/habibimb.com\/en\/wp-json\/wp\/v2\/comments?post=4564"}],"wp:featuredmedia":[{"embeddable":true,"href":"https:\/\/habibimb.com\/en\/wp-json\/wp\/v2\/media\/3417"}],"wp:attachment":[{"href":"https:\/\/habibimb.com\/en\/wp-json\/wp\/v2\/media?parent=4564"}],"wp:term":[{"taxonomy":"product_brand","embeddable":true,"href":"https:\/\/habibimb.com\/en\/wp-json\/wp\/v2\/product_brand?post=4564"},{"taxonomy":"product_cat","embeddable":true,"href":"https:\/\/habibimb.com\/en\/wp-json\/wp\/v2\/product_cat?post=4564"},{"taxonomy":"product_tag","embeddable":true,"href":"https:\/\/habibimb.com\/en\/wp-json\/wp\/v2\/product_tag?post=4564"}],"curies":[{"name":"wp","href":"https:\/\/api.w.org\/{rel}","templated":true}]}}