{"id":4561,"date":"2026-03-18T20:50:11","date_gmt":"2026-03-18T20:50:11","guid":{"rendered":"https:\/\/habibimb.com\/?post_type=product&#038;p=4561"},"modified":"2026-03-18T21:33:25","modified_gmt":"2026-03-18T21:33:25","slug":"decant-prive-oros-riffs-unisex-5ml","status":"publish","type":"product","link":"https:\/\/habibimb.com\/en\/product\/decant-prive-oros-riffs-unisex-5ml\/","title":{"rendered":"Decant Prive Oros, Riffs, 5"},"content":{"rendered":"<h2>Dezv\u0103lui\u021bi esen\u021ba luxului<\/h2>\n<p>Descoper\u0103 alura captivant\u0103 a Apa De Parfum Prive Oros, Riffs, Unisex-100ml. Creat pentru persoanele care s\u0103rb\u0103toresc rafinamentul, acest parfum rafinat este un amestec armonios de note bogate care v\u0103 \u00eembun\u0103t\u0103\u021besc experien\u021ba de zi cu zi. Indiferent dac\u0103 intra\u021bi \u00eentr-o \u00eent\u00e2lnire sau porni\u021bi \u00eentr-o ie\u0219ire \u00een ora\u0219, acest parfum unisex v\u0103 asigur\u0103 c\u0103 l\u0103sa\u021bi o impresie de durat\u0103.<\/p>\n<h2>Note care rezoneaz\u0103<\/h2>\n<p>Apa De Parfum Prive Oros \u00eembr\u0103\u021bi\u0219eaz\u0103 un profil de parfum opulent care include note de v\u00e2rf aromate, note florale delicate \u0219i o baz\u0103 solid\u0103, \u00eemp\u0103m\u00e2ntat\u0103. Fiecare not\u0103 se desf\u0103\u0219oar\u0103 f\u0103r\u0103 probleme, cre\u00e2nd o c\u0103l\u0103torie parfumat\u0103 care rezoneaz\u0103 cu \u00eencredere \u0219i gra\u021bie. Interac\u021biunea acestor elemente reflect\u0103 un stil de via\u021b\u0103 elegant, f\u0103c\u00e2ndu-l completarea perfect\u0103 pentru orice colec\u021bie de parfumuri.<\/p>\n<h2>\u00cembun\u0103t\u0103\u021bi\u021bi-v\u0103 experien\u021ba senzorial\u0103<\/h2>\n<p>Designul sticlei de 100 ml eman\u0103 rafinament, prezent\u00e2nd esen\u021ba luxoas\u0103 a parfumului din interior. Cu c\u00e2teva pulveriz\u0103ri, v\u0103 pute\u021bi cufunda \u00eentr-o lume a elegan\u021bei \u0219i farmecului. Apa De Parfum Prive Oros, Riffs, Unisex-100ml este mai mult dec\u00e2t un parfum; Este o extensie a identit\u0103\u021bii tale, accentu\u00e2nd rafinamentul \u0219i alura atemporal\u0103 at\u00e2t pentru b\u0103rba\u021bi, c\u00e2t \u0219i pentru femei.<\/p>","protected":false},"excerpt":{"rendered":"<p>Inspirat din Good Girl Carolina Herrera<\/p>\n<p>&nbsp;<\/p>\n<p><strong>Note de v\u00e2rf:<\/strong> Migdale, Cafea, Bergamot\u0103, L\u0103m\u00e2ie;<\/p>\n<p><strong>Note de mijloc:<\/strong> Tuberoz\u0103, Iasomie de Sambac, Floare de portocal;<\/p>\n<p><strong>Note de baz\u0103:<\/strong>\u00a0Praline, Lemn de santal, Boabe de tonka, Cacao, Vanilie, Patchouli, Lemn de cedru.<\/p>","protected":false},"featured_media":1871,"comment_status":"open","ping_status":"closed","template":"","meta":{"om_disable_all_campaigns":false,"_monsterinsights_skip_tracking":false,"_monsterinsights_sitenote_active":false,"_monsterinsights_sitenote_note":"","_monsterinsights_sitenote_category":0},"product_brand":[73],"product_cat":[108],"product_tag":[],"class_list":{"0":"post-4561","1":"product","2":"type-product","3":"status-publish","4":"has-post-thumbnail","6":"product_brand-riiffs","7":"product_cat-decanturi","9":"first","10":"instock","11":"shipping-taxable","12":"purchasable","13":"product-type-simple"},"aioseo_notices":[],"ct_brands":[{"id":73,"name":"Riiffs","slug":"riiffs"}],"_links":{"self":[{"href":"https:\/\/habibimb.com\/en\/wp-json\/wp\/v2\/product\/4561","targetHints":{"allow":["GET"]}}],"collection":[{"href":"https:\/\/habibimb.com\/en\/wp-json\/wp\/v2\/product"}],"about":[{"href":"https:\/\/habibimb.com\/en\/wp-json\/wp\/v2\/types\/product"}],"replies":[{"embeddable":true,"href":"https:\/\/habibimb.com\/en\/wp-json\/wp\/v2\/comments?post=4561"}],"wp:featuredmedia":[{"embeddable":true,"href":"https:\/\/habibimb.com\/en\/wp-json\/wp\/v2\/media\/1871"}],"wp:attachment":[{"href":"https:\/\/habibimb.com\/en\/wp-json\/wp\/v2\/media?parent=4561"}],"wp:term":[{"taxonomy":"product_brand","embeddable":true,"href":"https:\/\/habibimb.com\/en\/wp-json\/wp\/v2\/product_brand?post=4561"},{"taxonomy":"product_cat","embeddable":true,"href":"https:\/\/habibimb.com\/en\/wp-json\/wp\/v2\/product_cat?post=4561"},{"taxonomy":"product_tag","embeddable":true,"href":"https:\/\/habibimb.com\/en\/wp-json\/wp\/v2\/product_tag?post=4561"}],"curies":[{"name":"wp","href":"https:\/\/api.w.org\/{rel}","templated":true}]}}