{"id":4559,"date":"2026-03-18T20:49:01","date_gmt":"2026-03-18T20:49:01","guid":{"rendered":"https:\/\/habibimb.com\/?post_type=product&#038;p=4559"},"modified":"2026-03-18T21:34:14","modified_gmt":"2026-03-18T21:34:14","slug":"decant-demerald-intense-riiffs-barbati-5ml","status":"publish","type":"product","link":"https:\/\/habibimb.com\/en\/product\/decant-demerald-intense-riiffs-barbati-5ml\/","title":{"rendered":"Decant D&#8217;emerald Intense, Riiffs, 5"},"content":{"rendered":"<p>Un parfum intens, rafinat \u0219i elegant, cu o arom\u0103 lemnos-aromatic\u0103. D\u2019Emerald Intense exprim\u0103 putere \u0219i rafinament, potrivit pentru b\u0103rbatul modern care prefer\u0103 un miros persistent \u0219i sofisticat.<\/p>","protected":false},"excerpt":{"rendered":"<p>Note de v\u00e2rf: bergamot\u0103, citrice, coac\u0103z\u0103 neagr\u0103, ghimbir<\/p>\n<p>Note de mijloc: iasomie, trandafir, salvie, geranium<\/p>\n<p>Note de baz\u0103: patchouli, ambr\u0103, lemn de cedru, vanilie<\/p>","protected":false},"featured_media":3646,"comment_status":"open","ping_status":"closed","template":"","meta":{"om_disable_all_campaigns":false,"_monsterinsights_skip_tracking":false,"_monsterinsights_sitenote_active":false,"_monsterinsights_sitenote_note":"","_monsterinsights_sitenote_category":0},"product_brand":[73],"product_cat":[108],"product_tag":[],"class_list":{"0":"post-4559","1":"product","2":"type-product","3":"status-publish","4":"has-post-thumbnail","6":"product_brand-riiffs","7":"product_cat-decanturi","9":"first","10":"instock","11":"shipping-taxable","12":"purchasable","13":"product-type-simple"},"aioseo_notices":[],"ct_brands":[{"id":73,"name":"Riiffs","slug":"riiffs"}],"_links":{"self":[{"href":"https:\/\/habibimb.com\/en\/wp-json\/wp\/v2\/product\/4559","targetHints":{"allow":["GET"]}}],"collection":[{"href":"https:\/\/habibimb.com\/en\/wp-json\/wp\/v2\/product"}],"about":[{"href":"https:\/\/habibimb.com\/en\/wp-json\/wp\/v2\/types\/product"}],"replies":[{"embeddable":true,"href":"https:\/\/habibimb.com\/en\/wp-json\/wp\/v2\/comments?post=4559"}],"wp:featuredmedia":[{"embeddable":true,"href":"https:\/\/habibimb.com\/en\/wp-json\/wp\/v2\/media\/3646"}],"wp:attachment":[{"href":"https:\/\/habibimb.com\/en\/wp-json\/wp\/v2\/media?parent=4559"}],"wp:term":[{"taxonomy":"product_brand","embeddable":true,"href":"https:\/\/habibimb.com\/en\/wp-json\/wp\/v2\/product_brand?post=4559"},{"taxonomy":"product_cat","embeddable":true,"href":"https:\/\/habibimb.com\/en\/wp-json\/wp\/v2\/product_cat?post=4559"},{"taxonomy":"product_tag","embeddable":true,"href":"https:\/\/habibimb.com\/en\/wp-json\/wp\/v2\/product_tag?post=4559"}],"curies":[{"name":"wp","href":"https:\/\/api.w.org\/{rel}","templated":true}]}}