{"id":4557,"date":"2026-03-18T20:46:44","date_gmt":"2026-03-18T20:46:44","guid":{"rendered":"https:\/\/habibimb.com\/?post_type=product&#038;p=4557"},"modified":"2026-03-18T21:34:06","modified_gmt":"2026-03-18T21:34:06","slug":"decant-khamrah-qahwa-lattafa-unisex-5ml","status":"publish","type":"product","link":"https:\/\/habibimb.com\/en\/product\/decant-khamrah-qahwa-lattafa-unisex-5ml\/","title":{"rendered":"Decant Khamrah Qahwa, Lattafa, 5"},"content":{"rendered":"<h2>Dezv\u0103luirea lui Khamrah Qahwa<\/h2>\n<p>P\u0103\u0219e\u0219te \u00eentr-o lume \u00een care se \u00eempletesc arome captivante \u0219i tradi\u021bii bogate. Apa de Parfum Khamrah Qahwa de la Lattafa nu este doar un parfum; este o experien\u021b\u0103 \u00eentr-o sticl\u0103. Conceput at\u00e2t pentru b\u0103rba\u021bi, c\u00e2t \u0219i pentru femei, acest parfum unisex este un amestec splendid de note luxoase care evoc\u0103 c\u0103ldura \u0219i ospitalitatea culturii cafelei arabe. R\u0103sf\u0103\u021ba\u021bi-v\u0103 cu un parfum care transcende simplul parfum \u0219i devine o declara\u021bie de elegan\u021b\u0103 \u0219i rafinament.<\/p>\n<h2>Note care spun o poveste<\/h2>\n<p>Khamrah Qahwa se deschide cu un buchet bogat de note de cafea pr\u0103jit\u0103, echilibrate frumos cu note subtile de condimente care revigoreaz\u0103 sim\u021burile. Pe m\u0103sur\u0103 ce aprofundezi, inima dezv\u0103luie un amestec armonios de elemente florale, oferind o esen\u021b\u0103 moale \u0219i elegant\u0103 care se \u00eemplete\u0219te cu caracterul \u00eendr\u0103zne\u021b al cafelei. Parfumul culmineaz\u0103 cu o baz\u0103 cald\u0103 de vanilie \u0219i chihlimbar, \u00eenv\u0103luindu-te \u00eentr-o \u00eembr\u0103\u021bi\u0219are reconfortant\u0103 care dureaz\u0103 toat\u0103 ziua. Aceast\u0103 compozi\u021bie unic\u0103 \u00eel face potrivit pentru orice ocazie, fie ea formal\u0103 sau casual.<\/p>\n<h2>Elegan\u021b\u0103 \u00eentr-o sticl\u0103 de 100 ml<\/h2>\n<p>\u00cenvelit \u00eentr-o sticl\u0103 rafinat\u0103 de 100 ml, prezentarea Khamrah Qahwa este la fel de atr\u0103g\u0103toare ca \u0219i parfumul s\u0103u. Designul s\u0103u reflect\u0103 rafinamentul, f\u0103c\u00e2ndu-l un plus perfect pentru colec\u021bia ta de parfumuri sau ca un cadou vibrant pentru cei dragi. Cu fiecare pulverizare, l\u0103sa\u021bi aromele \u00eenc\u00e2nt\u0103toare s\u0103 v\u0103 conduc\u0103 \u00eentr-o lume plin\u0103 de farmec \u0219i intrig\u0103. Simte-te \u00eencrez\u0103tor \u0219i atr\u0103g\u0103tor, \u0219tiind c\u0103 por\u021bi un parfum care surprinde esen\u021ba tradi\u021biei \u0219i modernit\u0103\u021bii.<\/p>\n<p>\u00cembr\u0103\u021bi\u0219eaz\u0103 alura captivant\u0103 a Apa de Parfum Khamrah Qahwa de la Lattafa, un parfum care las\u0103 o amprent\u0103 de neuitat oriunde te-ai duce. Descoperi\u021bi un parfum care nu numai c\u0103 v\u0103 \u00eenc\u00e2nt\u0103 sim\u021bul mirosului, dar v\u0103 \u00eenal\u021b\u0103 \u0219i spiritul, f\u0103c\u00e2ndu-l o alegere esen\u021bial\u0103 pentru orice pasionat de parfumuri.<\/p>","protected":false},"excerpt":{"rendered":"<p>Note de varf: scortisoara, cardamom si ghimbir;<br \/>\nNote de mijloc: pralina, fructe confiate si flori albe;<br \/>\nNote de baza: cafea, vanilie, rasina benzoica, mosc si boabe de tonka.<\/p>","protected":false},"featured_media":2185,"comment_status":"open","ping_status":"closed","template":"","meta":{"om_disable_all_campaigns":false,"_monsterinsights_skip_tracking":false,"_monsterinsights_sitenote_active":false,"_monsterinsights_sitenote_note":"","_monsterinsights_sitenote_category":0},"product_brand":[63],"product_cat":[108],"product_tag":[],"class_list":{"0":"post-4557","1":"product","2":"type-product","3":"status-publish","4":"has-post-thumbnail","6":"product_brand-lattafa","7":"product_cat-decanturi","9":"first","10":"instock","11":"shipping-taxable","12":"purchasable","13":"product-type-simple"},"aioseo_notices":[],"ct_brands":[{"id":63,"name":"Lattafa","slug":"lattafa"}],"_links":{"self":[{"href":"https:\/\/habibimb.com\/en\/wp-json\/wp\/v2\/product\/4557","targetHints":{"allow":["GET"]}}],"collection":[{"href":"https:\/\/habibimb.com\/en\/wp-json\/wp\/v2\/product"}],"about":[{"href":"https:\/\/habibimb.com\/en\/wp-json\/wp\/v2\/types\/product"}],"replies":[{"embeddable":true,"href":"https:\/\/habibimb.com\/en\/wp-json\/wp\/v2\/comments?post=4557"}],"wp:featuredmedia":[{"embeddable":true,"href":"https:\/\/habibimb.com\/en\/wp-json\/wp\/v2\/media\/2185"}],"wp:attachment":[{"href":"https:\/\/habibimb.com\/en\/wp-json\/wp\/v2\/media?parent=4557"}],"wp:term":[{"taxonomy":"product_brand","embeddable":true,"href":"https:\/\/habibimb.com\/en\/wp-json\/wp\/v2\/product_brand?post=4557"},{"taxonomy":"product_cat","embeddable":true,"href":"https:\/\/habibimb.com\/en\/wp-json\/wp\/v2\/product_cat?post=4557"},{"taxonomy":"product_tag","embeddable":true,"href":"https:\/\/habibimb.com\/en\/wp-json\/wp\/v2\/product_tag?post=4557"}],"curies":[{"name":"wp","href":"https:\/\/api.w.org\/{rel}","templated":true}]}}