{"id":4554,"date":"2026-03-18T20:44:13","date_gmt":"2026-03-18T20:44:13","guid":{"rendered":"https:\/\/habibimb.com\/?post_type=product&#038;p=4554"},"modified":"2026-03-18T21:33:59","modified_gmt":"2026-03-18T21:33:59","slug":"decant-teriaq-lattafa-unisex-5ml","status":"publish","type":"product","link":"https:\/\/habibimb.com\/en\/product\/decant-teriaq-lattafa-unisex-5ml\/","title":{"rendered":"Decant Teriaq, Lattafa, 5"},"content":{"rendered":"<p>Teriaq de la Lattafa este o crea\u0163ie olfactiv\u0103 unisex care \u00eembin\u0103 elegan\u021ba gourmand cu sofisticarea oriental\u0103. Debutul s\u0103u dulce-picant, dominat de caramelul bogat, migdala amar\u0103, caisele coapte \u015fi piperul roz, atrage aten\u021bia imediat \u0219i ofer\u0103 un caracter juc\u0103u\u0219, dar rafinat.<\/p>","protected":false},"excerpt":{"rendered":"<p>Note de v\u00e2rf: caramel, migdal\u0103 amar\u0103, caise, piper roz;<\/p>\n<p>Note de mijloc: miere, rubarb\u0103, flori albe, trandafir;<\/p>\n<p>Note de baz\u0103: piele, vanilie, mosc, labdanum, vetiver.<\/p>","protected":false},"featured_media":3721,"comment_status":"open","ping_status":"closed","template":"","meta":{"om_disable_all_campaigns":false,"_monsterinsights_skip_tracking":false,"_monsterinsights_sitenote_active":false,"_monsterinsights_sitenote_note":"","_monsterinsights_sitenote_category":0},"product_brand":[63],"product_cat":[108],"product_tag":[],"class_list":{"0":"post-4554","1":"product","2":"type-product","3":"status-publish","4":"has-post-thumbnail","6":"product_brand-lattafa","7":"product_cat-decanturi","9":"first","10":"instock","11":"shipping-taxable","12":"purchasable","13":"product-type-simple"},"aioseo_notices":[],"ct_brands":[{"id":63,"name":"Lattafa","slug":"lattafa"}],"_links":{"self":[{"href":"https:\/\/habibimb.com\/en\/wp-json\/wp\/v2\/product\/4554","targetHints":{"allow":["GET"]}}],"collection":[{"href":"https:\/\/habibimb.com\/en\/wp-json\/wp\/v2\/product"}],"about":[{"href":"https:\/\/habibimb.com\/en\/wp-json\/wp\/v2\/types\/product"}],"replies":[{"embeddable":true,"href":"https:\/\/habibimb.com\/en\/wp-json\/wp\/v2\/comments?post=4554"}],"wp:featuredmedia":[{"embeddable":true,"href":"https:\/\/habibimb.com\/en\/wp-json\/wp\/v2\/media\/3721"}],"wp:attachment":[{"href":"https:\/\/habibimb.com\/en\/wp-json\/wp\/v2\/media?parent=4554"}],"wp:term":[{"taxonomy":"product_brand","embeddable":true,"href":"https:\/\/habibimb.com\/en\/wp-json\/wp\/v2\/product_brand?post=4554"},{"taxonomy":"product_cat","embeddable":true,"href":"https:\/\/habibimb.com\/en\/wp-json\/wp\/v2\/product_cat?post=4554"},{"taxonomy":"product_tag","embeddable":true,"href":"https:\/\/habibimb.com\/en\/wp-json\/wp\/v2\/product_tag?post=4554"}],"curies":[{"name":"wp","href":"https:\/\/api.w.org\/{rel}","templated":true}]}}