{"id":4550,"date":"2026-03-18T20:38:28","date_gmt":"2026-03-18T20:38:28","guid":{"rendered":"https:\/\/habibimb.com\/?post_type=product&#038;p=4550"},"modified":"2026-03-26T07:07:46","modified_gmt":"2026-03-26T07:07:46","slug":"decant-wild-intense-by-patric-barbati-5ml","status":"publish","type":"product","link":"https:\/\/habibimb.com\/en\/product\/decant-wild-intense-by-patric-barbati-5ml\/","title":{"rendered":"Decant Wild Intense By Patric, , 5"},"content":{"rendered":"<h2>Dezl\u0103n\u021buie-\u021bi s\u0103lb\u0103ticia interioar\u0103<\/h2>\n<p>Descoper\u0103 farmecul masculinit\u0103\u021bii cu Apa De Parfum Wild Intense By Patric. Acest parfum captivant este conceput pentru b\u0103rbatul modern care \u00eentruchipeaz\u0103 \u00eencrederea \u0219i carisma. Cu un amestec bogat de note care evoc\u0103 esen\u021ba ne\u00eembl\u00e2nzit\u0103 a naturii, promite s\u0103 fie un plus de neuitat pentru colec\u021bia ta de parfumuri. Indiferent dac\u0103 v\u0103 \u00eendrepta\u021bi spre o \u00eent\u00e2lnire sau v\u0103 bucura\u021bi de o noapte \u00een ora\u0219, acest parfum ofer\u0103 un parfum versatil care trece f\u0103r\u0103 probleme de la zi la noapte.<\/p>\n<h2>Profil de parfum distinctiv<\/h2>\n<p>Apa De Parfum Wild Intense se deschide cu note de v\u00e2rf proaspete \u0219i vibrante care revigoreaz\u0103 sim\u021burile, invit\u00e2ndu-te s\u0103 experimentezi s\u0103lb\u0103ticia. Pe m\u0103sur\u0103 ce se a\u0219eaz\u0103, notele de inim\u0103 dezv\u0103luie o armonie captivant\u0103 de elemente p\u0103m\u00e2ntii \u0219i picante care adaug\u0103 profunzime \u0219i complexitate. \u00cen cele din urm\u0103, notele de baz\u0103 de nuan\u021be calde \u0219i moscate ancoreaz\u0103 parfumul, l\u0103s\u00e2nd o impresie persistent\u0103 care \u00eei captiveaz\u0103 pe cei din jurul t\u0103u. Acest parfum creat de exper\u021bi spune o poveste de aventur\u0103 \u0219i alur\u0103, f\u0103c\u00e2ndu-l perfect pentru spiritul aventuros.<\/p>\n<h2>Perfect pentru orice ocazie<\/h2>\n<p>Fie c\u0103 v\u0103 afla\u021bi la un eveniment formal, la o \u00eent\u00e2lnire informal\u0103 sau pur \u0219i simplu v\u0103 bucura\u021bi de activit\u0103\u021bile de zi cu zi, Apa De Parfum Wild Intense completeaz\u0103 orice ocazie. Formula sa de lung\u0103 durat\u0103 v\u0103 asigur\u0103 c\u0103 r\u0103m\u00e2ne\u021bi \u00eenv\u0103luit \u00een aroma sa fascinant\u0103 pe tot parcursul zilei. Flaconul de 100 ml nu este doar elegant, ci \u0219i practic, ceea ce face u\u0219or s\u0103 transporta\u021bi parfumul esen\u021bial oriunde merge\u021bi. \u00cembun\u0103t\u0103\u021be\u0219te-\u021bi rutina de zi cu zi \u0219i f\u0103 o declara\u021bie cu fiecare pulverizare a acestui parfum \u00eenc\u00e2nt\u0103tor.<\/p>","protected":false},"excerpt":{"rendered":"<p>Inspirat din Sauvage Dior<\/p>\n<p><strong data-start=\"106\" data-end=\"123\">Note de v\u00e2rf:<\/strong> citrice, piper negru<br data-start=\"144\" data-end=\"147\" \/><strong data-start=\"147\" data-end=\"166\" data-is-only-node=\"\">Note de mijloc:<\/strong> lavand\u0103, condimente, note aromatice<br data-start=\"202\" data-end=\"205\" \/><strong data-start=\"205\" data-end=\"222\">Note de baz\u0103:<\/strong> ambra, lemn de cedru, mosc<\/p>","protected":false},"featured_media":3037,"comment_status":"open","ping_status":"closed","template":"","meta":{"om_disable_all_campaigns":false,"_monsterinsights_skip_tracking":false,"_monsterinsights_sitenote_active":false,"_monsterinsights_sitenote_note":"","_monsterinsights_sitenote_category":0},"product_brand":[76],"product_cat":[108],"product_tag":[],"class_list":{"0":"post-4550","1":"product","2":"type-product","3":"status-publish","4":"has-post-thumbnail","6":"product_brand-by-patric","7":"product_cat-decanturi","9":"first","10":"instock","11":"shipping-taxable","12":"purchasable","13":"product-type-simple"},"aioseo_notices":[],"ct_brands":[{"id":76,"name":"By Patric","slug":"by-patric"}],"_links":{"self":[{"href":"https:\/\/habibimb.com\/en\/wp-json\/wp\/v2\/product\/4550","targetHints":{"allow":["GET"]}}],"collection":[{"href":"https:\/\/habibimb.com\/en\/wp-json\/wp\/v2\/product"}],"about":[{"href":"https:\/\/habibimb.com\/en\/wp-json\/wp\/v2\/types\/product"}],"replies":[{"embeddable":true,"href":"https:\/\/habibimb.com\/en\/wp-json\/wp\/v2\/comments?post=4550"}],"wp:featuredmedia":[{"embeddable":true,"href":"https:\/\/habibimb.com\/en\/wp-json\/wp\/v2\/media\/3037"}],"wp:attachment":[{"href":"https:\/\/habibimb.com\/en\/wp-json\/wp\/v2\/media?parent=4550"}],"wp:term":[{"taxonomy":"product_brand","embeddable":true,"href":"https:\/\/habibimb.com\/en\/wp-json\/wp\/v2\/product_brand?post=4550"},{"taxonomy":"product_cat","embeddable":true,"href":"https:\/\/habibimb.com\/en\/wp-json\/wp\/v2\/product_cat?post=4550"},{"taxonomy":"product_tag","embeddable":true,"href":"https:\/\/habibimb.com\/en\/wp-json\/wp\/v2\/product_tag?post=4550"}],"curies":[{"name":"wp","href":"https:\/\/api.w.org\/{rel}","templated":true}]}}