{"id":4546,"date":"2026-03-18T20:30:50","date_gmt":"2026-03-18T20:30:50","guid":{"rendered":"https:\/\/habibimb.com\/?post_type=product&#038;p=4546"},"modified":"2026-03-18T21:33:31","modified_gmt":"2026-03-18T21:33:31","slug":"decant-black-afgano-wadi-al-khaleej-barbati-5ml","status":"publish","type":"product","link":"https:\/\/habibimb.com\/en\/product\/decant-black-afgano-wadi-al-khaleej-barbati-5ml\/","title":{"rendered":"Decant Black Afgano, Wadi Al Khaleej ,5"},"content":{"rendered":"<h2>Dezl\u0103n\u021buie-\u021bi esen\u021ba unic\u0103<\/h2>\n<p>Descoperi\u021bi aroma captivant\u0103 a Apa de Parfum Black Afgano de Wadi Al Khaleej, un parfum conceput pentru cei care apreciaz\u0103 lucrurile fine din via\u021b\u0103. Acest parfum rafinat surprinde esen\u021ba autenticit\u0103\u021bii \u0219i rafinamentului, permi\u021b\u00e2ndu-v\u0103 s\u0103 v\u0103 exprima\u021bi personalitatea unic\u0103 \u00eentr-un mod pe care al\u021bii \u0219i-l vor aminti.<\/p>\n<h2>Note de parfum bogate \u0219i complexe<\/h2>\n<p>Compozi\u021bia olfactiv\u0103 a Black Afgano este orice altceva dec\u00e2t obi\u0219nuit\u0103. Cu notele sale bogate \u0219i profunde, acest parfum dezv\u0103luie un amestec de ierburi exotice \u0219i condimente calde care creeaz\u0103 o experien\u021b\u0103 olfactiv\u0103 cu adev\u0103rat unic\u0103. Notele de v\u00e2rf prezint\u0103 un amestec de note verzi \u0219i accente pe baz\u0103 de plante care trezesc sim\u021burile, trec\u00e2nd u\u0219or la note de inim\u0103 de cafea bogat\u0103 \u0219i t\u0103m\u00e2ie care evoc\u0103 un sentiment de c\u0103ldur\u0103 \u0219i profunzime. \u00cen cele din urm\u0103, notele de baz\u0103 de r\u0103\u0219ini pre\u021bioase \u0219i oud ofer\u0103 un final afumat de lung\u0103 durat\u0103, care va persista pl\u0103cut pe tot parcursul zilei.<\/p>\n<h2>Pentru fiecare ocazie<\/h2>\n<p>Apa de Parfum Black Afgano este suficient de versatil pentru a fi purtat cu orice ocazie, fie c\u0103 este vorba de un eveniment formal sau de o ie\u0219ire casual. Mirosul s\u0103u luxos \u0219i \u00eendr\u0103zne\u021b va \u00eentoarce cu siguran\u021b\u0103 capetele \u0219i va st\u00e2rni conversa\u021bii, f\u0103c\u00e2ndu-l accesoriul perfect pentru oricine dore\u0219te s\u0103 fac\u0103 o impresie de durat\u0103. Cu o sticl\u0103 generoas\u0103 de 100 ml, acest parfum este ideal pentru purtarea zilnic\u0103 \u0219i va rezista pentru numeroase aplica\u021bii. Experimenta\u021bi farmecul Black Afgano \u0219i ridica\u021bi-v\u0103 colec\u021bia de parfumuri ast\u0103zi.<\/p>","protected":false},"excerpt":{"rendered":"<ul>\n<li class=\"\" data-start=\"195\" data-end=\"252\">\n<p class=\"\" data-start=\"197\" data-end=\"252\"><strong data-start=\"197\" data-end=\"213\">Note de v\u00e2rf<\/strong>: <span class=\"relative -mx-px my-[-0.2rem] rounded px-px py-[0.2rem] transition-colors duration-100 ease-in-out\">Davana, Ghimbir, Osmanthus<\/span><\/p>\n<\/li>\n<li class=\"\" data-start=\"253\" data-end=\"312\">\n<p class=\"\" data-start=\"255\" data-end=\"312\"><strong data-start=\"255\" data-end=\"273\">Note de mijloc<\/strong>: <span class=\"relative -mx-px my-[-0.2rem] rounded px-px py-[0.2rem] transition-colors duration-100 ease-in-out\">Lemn de guaiac, Paciuli, Vetiver<\/span><\/p>\n<\/li>\n<li class=\"\" data-start=\"313\" data-end=\"414\">\n<p class=\"\" data-start=\"315\" data-end=\"414\"><strong data-start=\"315\" data-end=\"331\">Note de baz\u0103<\/strong>: <span class=\"relative -mx-px my-[-0.2rem] rounded px-px py-[0.2rem] transition-colors duration-100 ease-in-out\">Boabe de tonka, Tutun<\/span><\/p>\n<\/li>\n<\/ul>","protected":false},"featured_media":1531,"comment_status":"open","ping_status":"closed","template":"","meta":{"om_disable_all_campaigns":false,"_monsterinsights_skip_tracking":false,"_monsterinsights_sitenote_active":false,"_monsterinsights_sitenote_note":"","_monsterinsights_sitenote_category":0},"product_brand":[74],"product_cat":[108],"product_tag":[],"class_list":{"0":"post-4546","1":"product","2":"type-product","3":"status-publish","4":"has-post-thumbnail","6":"product_brand-wadi-al-khaleej","7":"product_cat-decanturi","9":"first","10":"instock","11":"shipping-taxable","12":"purchasable","13":"product-type-simple"},"aioseo_notices":[],"ct_brands":[{"id":74,"name":"Wadi Al Khaleej","slug":"wadi-al-khaleej"}],"_links":{"self":[{"href":"https:\/\/habibimb.com\/en\/wp-json\/wp\/v2\/product\/4546","targetHints":{"allow":["GET"]}}],"collection":[{"href":"https:\/\/habibimb.com\/en\/wp-json\/wp\/v2\/product"}],"about":[{"href":"https:\/\/habibimb.com\/en\/wp-json\/wp\/v2\/types\/product"}],"replies":[{"embeddable":true,"href":"https:\/\/habibimb.com\/en\/wp-json\/wp\/v2\/comments?post=4546"}],"wp:featuredmedia":[{"embeddable":true,"href":"https:\/\/habibimb.com\/en\/wp-json\/wp\/v2\/media\/1531"}],"wp:attachment":[{"href":"https:\/\/habibimb.com\/en\/wp-json\/wp\/v2\/media?parent=4546"}],"wp:term":[{"taxonomy":"product_brand","embeddable":true,"href":"https:\/\/habibimb.com\/en\/wp-json\/wp\/v2\/product_brand?post=4546"},{"taxonomy":"product_cat","embeddable":true,"href":"https:\/\/habibimb.com\/en\/wp-json\/wp\/v2\/product_cat?post=4546"},{"taxonomy":"product_tag","embeddable":true,"href":"https:\/\/habibimb.com\/en\/wp-json\/wp\/v2\/product_tag?post=4546"}],"curies":[{"name":"wp","href":"https:\/\/api.w.org\/{rel}","templated":true}]}}