{"id":4488,"date":"2026-02-13T06:17:37","date_gmt":"2026-02-13T06:17:37","guid":{"rendered":"https:\/\/habibimb.com\/?post_type=product&#038;p=4488"},"modified":"2026-02-13T06:16:50","modified_gmt":"2026-02-13T06:16:50","slug":"apa-de-parfum-tara-nojoum-femei-100ml","status":"publish","type":"product","link":"https:\/\/habibimb.com\/en\/product\/apa-de-parfum-tara-nojoum-femei-100ml\/","title":{"rendered":"Tara, Nojoum"},"content":{"rendered":"<p><strong>Tara by Nojoum este o ap\u0103 de parfum feminin\u0103, delicat\u0103 \u0219i elegant\u0103, creat\u0103 pentru femeia care \u00ee\u0219i dore\u0219te un parfum rafinat \u0219i memorabil. Compozi\u021bia sa \u00eembin\u0103 armonios note florale \u0219i fructate cu accente calde \u0219i senzuale, oferind o arom\u0103 echilibrat\u0103 \u0219i persistent\u0103.<\/strong><\/p>","protected":false},"excerpt":{"rendered":"<p><strong>Inspirat din Lattafa Yara<\/strong><\/p>\n<p data-start=\"20\" data-end=\"70\"><strong>Note de v\u00e2rf: Heliotrop, orhidee, mandarin\u0103.<\/strong><\/p>\n<p data-start=\"72\" data-end=\"127\"><strong>Note de mijloc: Acord gourmand, fructe tropicale.<\/strong><\/p>\n<p data-start=\"129\" data-end=\"177\" data-is-last-node=\"\" data-is-only-node=\"\"><strong>Note de baz\u0103: Vanilie, lemn de santal, musk.<\/strong><\/p>","protected":false},"featured_media":4489,"comment_status":"open","ping_status":"closed","template":"","meta":{"om_disable_all_campaigns":false,"_monsterinsights_skip_tracking":false,"_monsterinsights_sitenote_active":false,"_monsterinsights_sitenote_note":"","_monsterinsights_sitenote_category":0},"product_brand":[107],"product_cat":[56],"product_tag":[],"class_list":{"0":"post-4488","1":"product","2":"type-product","3":"status-publish","4":"has-post-thumbnail","6":"product_brand-nojoum","7":"product_cat-pentru-ea","9":"first","10":"instock","11":"shipping-taxable","12":"purchasable","13":"product-type-simple"},"aioseo_notices":[],"ct_brands":[{"id":107,"name":"Nojoum","slug":"nojoum"}],"_links":{"self":[{"href":"https:\/\/habibimb.com\/en\/wp-json\/wp\/v2\/product\/4488","targetHints":{"allow":["GET"]}}],"collection":[{"href":"https:\/\/habibimb.com\/en\/wp-json\/wp\/v2\/product"}],"about":[{"href":"https:\/\/habibimb.com\/en\/wp-json\/wp\/v2\/types\/product"}],"replies":[{"embeddable":true,"href":"https:\/\/habibimb.com\/en\/wp-json\/wp\/v2\/comments?post=4488"}],"wp:featuredmedia":[{"embeddable":true,"href":"https:\/\/habibimb.com\/en\/wp-json\/wp\/v2\/media\/4489"}],"wp:attachment":[{"href":"https:\/\/habibimb.com\/en\/wp-json\/wp\/v2\/media?parent=4488"}],"wp:term":[{"taxonomy":"product_brand","embeddable":true,"href":"https:\/\/habibimb.com\/en\/wp-json\/wp\/v2\/product_brand?post=4488"},{"taxonomy":"product_cat","embeddable":true,"href":"https:\/\/habibimb.com\/en\/wp-json\/wp\/v2\/product_cat?post=4488"},{"taxonomy":"product_tag","embeddable":true,"href":"https:\/\/habibimb.com\/en\/wp-json\/wp\/v2\/product_tag?post=4488"}],"curies":[{"name":"wp","href":"https:\/\/api.w.org\/{rel}","templated":true}]}}