{"id":4479,"date":"2026-02-13T06:03:38","date_gmt":"2026-02-13T06:03:38","guid":{"rendered":"https:\/\/habibimb.com\/?post_type=product&#038;p=4479"},"modified":"2026-02-13T06:02:56","modified_gmt":"2026-02-13T06:02:56","slug":"apa-de-parfum-azure-nojoum-barbati-100ml","status":"publish","type":"product","link":"https:\/\/habibimb.com\/en\/product\/apa-de-parfum-azure-nojoum-barbati-100ml\/","title":{"rendered":"Azure, Nojoum"},"content":{"rendered":"<p><strong>Azure by Nojoum este o ap\u0103 de parfum masculin\u0103, proasp\u0103t\u0103 \u0219i energizant\u0103, inspirat\u0103 de libertatea \u0219i intensitatea notelor marine \u0219i citrice. Creat pentru b\u0103rbatul modern \u0219i activ, parfumul ofer\u0103 un echilibru perfect \u00eentre prospe\u021bime \u0219i profunzime.<\/strong><\/p>","protected":false},"excerpt":{"rendered":"<p><strong>Inspirat din Giorgio Armani Acqua di Gio<\/strong><\/p>\n<p data-start=\"20\" data-end=\"76\"><strong>Note de v\u00e2rf: Bergamot\u0103, acorduri acvatice marine.<\/strong><\/p>\n<p data-start=\"78\" data-end=\"127\"><strong>Note de mijloc: Rozmarin, salvie, geranium.<\/strong><\/p>\n<p data-start=\"129\" data-end=\"176\" data-is-last-node=\"\" data-is-only-node=\"\"><strong>Note de baz\u0103: T\u0103m\u00e2ie, patchouli, lemn cald.<\/strong><\/p>","protected":false},"featured_media":4480,"comment_status":"open","ping_status":"closed","template":"","meta":{"om_disable_all_campaigns":false,"_monsterinsights_skip_tracking":false,"_monsterinsights_sitenote_active":false,"_monsterinsights_sitenote_note":"","_monsterinsights_sitenote_category":0},"product_brand":[107],"product_cat":[55],"product_tag":[],"class_list":{"0":"post-4479","1":"product","2":"type-product","3":"status-publish","4":"has-post-thumbnail","6":"product_brand-nojoum","7":"product_cat-pentru-el","9":"first","10":"instock","11":"shipping-taxable","12":"purchasable","13":"product-type-simple"},"aioseo_notices":[],"ct_brands":[{"id":107,"name":"Nojoum","slug":"nojoum"}],"_links":{"self":[{"href":"https:\/\/habibimb.com\/en\/wp-json\/wp\/v2\/product\/4479","targetHints":{"allow":["GET"]}}],"collection":[{"href":"https:\/\/habibimb.com\/en\/wp-json\/wp\/v2\/product"}],"about":[{"href":"https:\/\/habibimb.com\/en\/wp-json\/wp\/v2\/types\/product"}],"replies":[{"embeddable":true,"href":"https:\/\/habibimb.com\/en\/wp-json\/wp\/v2\/comments?post=4479"}],"wp:featuredmedia":[{"embeddable":true,"href":"https:\/\/habibimb.com\/en\/wp-json\/wp\/v2\/media\/4480"}],"wp:attachment":[{"href":"https:\/\/habibimb.com\/en\/wp-json\/wp\/v2\/media?parent=4479"}],"wp:term":[{"taxonomy":"product_brand","embeddable":true,"href":"https:\/\/habibimb.com\/en\/wp-json\/wp\/v2\/product_brand?post=4479"},{"taxonomy":"product_cat","embeddable":true,"href":"https:\/\/habibimb.com\/en\/wp-json\/wp\/v2\/product_cat?post=4479"},{"taxonomy":"product_tag","embeddable":true,"href":"https:\/\/habibimb.com\/en\/wp-json\/wp\/v2\/product_tag?post=4479"}],"curies":[{"name":"wp","href":"https:\/\/api.w.org\/{rel}","templated":true}]}}