{"id":4469,"date":"2026-02-13T05:48:42","date_gmt":"2026-02-13T05:48:42","guid":{"rendered":"https:\/\/habibimb.com\/?post_type=product&#038;p=4469"},"modified":"2026-03-11T11:48:02","modified_gmt":"2026-03-11T11:48:02","slug":"apa-de-parfum-shaula-nojoum-unisex-100ml","status":"publish","type":"product","link":"https:\/\/habibimb.com\/en\/product\/apa-de-parfum-shaula-nojoum-unisex-100ml\/","title":{"rendered":"Shaula, Nojoum"},"content":{"rendered":"<p><strong>Shaula by Nojoum este o ap\u0103 de parfum unisex, sofisticat\u0103 \u0219i versatil\u0103, creat\u0103 pentru cei care apreciaz\u0103 aromele echilibrate \u0219i expresive. Compozi\u021bia sa \u00eembin\u0103 armonios note proaspete, condimentate \u0219i lemnoase, oferind un parfum intens, dar rafinat.<\/strong><\/p>","protected":false},"excerpt":{"rendered":"<p><strong>Inspirat din Tom Ford Tabacco Vanille<\/strong><\/p>\n<p data-start=\"20\" data-end=\"77\"><strong>Note de v\u00e2rf: Frunz\u0103 de tutun, ghimbir, condimente.<\/strong><\/p>\n<p data-start=\"79\" data-end=\"149\"><strong>Note de mijloc: Boabe de tonka, floare de tutun, vanilie, cacao.<\/strong><\/p>\n<p data-start=\"151\" data-end=\"198\" data-is-last-node=\"\" data-is-only-node=\"\"><strong>Note de baz\u0103: Fructe uscate, note lemnoase.<\/strong><\/p>","protected":false},"featured_media":4473,"comment_status":"open","ping_status":"closed","template":"","meta":{"om_disable_all_campaigns":false,"_monsterinsights_skip_tracking":false,"_monsterinsights_sitenote_active":false,"_monsterinsights_sitenote_note":"","_monsterinsights_sitenote_category":0},"product_brand":[107],"product_cat":[57],"product_tag":[],"class_list":{"0":"post-4469","1":"product","2":"type-product","3":"status-publish","4":"has-post-thumbnail","6":"product_brand-nojoum","7":"product_cat-unisex","9":"first","10":"instock","11":"shipping-taxable","12":"purchasable","13":"product-type-simple"},"aioseo_notices":[],"ct_brands":[{"id":107,"name":"Nojoum","slug":"nojoum"}],"_links":{"self":[{"href":"https:\/\/habibimb.com\/en\/wp-json\/wp\/v2\/product\/4469","targetHints":{"allow":["GET"]}}],"collection":[{"href":"https:\/\/habibimb.com\/en\/wp-json\/wp\/v2\/product"}],"about":[{"href":"https:\/\/habibimb.com\/en\/wp-json\/wp\/v2\/types\/product"}],"replies":[{"embeddable":true,"href":"https:\/\/habibimb.com\/en\/wp-json\/wp\/v2\/comments?post=4469"}],"wp:featuredmedia":[{"embeddable":true,"href":"https:\/\/habibimb.com\/en\/wp-json\/wp\/v2\/media\/4473"}],"wp:attachment":[{"href":"https:\/\/habibimb.com\/en\/wp-json\/wp\/v2\/media?parent=4469"}],"wp:term":[{"taxonomy":"product_brand","embeddable":true,"href":"https:\/\/habibimb.com\/en\/wp-json\/wp\/v2\/product_brand?post=4469"},{"taxonomy":"product_cat","embeddable":true,"href":"https:\/\/habibimb.com\/en\/wp-json\/wp\/v2\/product_cat?post=4469"},{"taxonomy":"product_tag","embeddable":true,"href":"https:\/\/habibimb.com\/en\/wp-json\/wp\/v2\/product_tag?post=4469"}],"curies":[{"name":"wp","href":"https:\/\/api.w.org\/{rel}","templated":true}]}}