{"id":4468,"date":"2026-02-13T05:46:01","date_gmt":"2026-02-13T05:46:01","guid":{"rendered":"https:\/\/habibimb.com\/?post_type=product&#038;p=4468"},"modified":"2026-02-13T05:45:37","modified_gmt":"2026-02-13T05:45:37","slug":"apa-de-parfum-sargas-nojoum-barbati-100ml","status":"publish","type":"product","link":"https:\/\/habibimb.com\/en\/product\/apa-de-parfum-sargas-nojoum-barbati-100ml\/","title":{"rendered":"Sargas, Nojoum"},"content":{"rendered":"<p><strong>Sargas by Nojoum este o ap\u0103 de parfum destinat\u0103 b\u0103rbatului modern, care apreciaz\u0103 elegan\u021ba \u0219i for\u021ba unui parfum bine definit. Compozi\u021bia sa \u00eembin\u0103 note proaspete \u0219i aromatice cu accente lemnoase \u0219i u\u0219or condimentate, cre\u00e2nd o arom\u0103 intens\u0103 \u0219i rafinat\u0103.<\/strong><\/p>","protected":false},"excerpt":{"rendered":"<p><strong>Inspirat din Dior Sauvage<\/strong><\/p>\n<p data-start=\"0\" data-end=\"18\"><strong>Note Olfactive<\/strong><\/p>\n<p data-start=\"20\" data-end=\"67\"><strong>Note de v\u00e2rf: Bergamot\u0103 calabrez\u0103, piper.<\/strong><\/p>\n<p data-start=\"69\" data-end=\"152\"><strong>Note de mijloc: Lavand\u0103, piper roz, piper Sichuan, elemi, vetiver, patchouli.<\/strong><\/p>\n<p data-start=\"154\" data-end=\"198\" data-is-last-node=\"\" data-is-only-node=\"\"><strong>Note de baz\u0103: Ambroxan, cedru, labdanum.<\/strong><\/p>","protected":false},"featured_media":4472,"comment_status":"open","ping_status":"closed","template":"","meta":{"om_disable_all_campaigns":false,"_monsterinsights_skip_tracking":false,"_monsterinsights_sitenote_active":false,"_monsterinsights_sitenote_note":"","_monsterinsights_sitenote_category":0},"product_brand":[107],"product_cat":[55],"product_tag":[],"class_list":{"0":"post-4468","1":"product","2":"type-product","3":"status-publish","4":"has-post-thumbnail","6":"product_brand-nojoum","7":"product_cat-pentru-el","9":"first","10":"instock","11":"shipping-taxable","12":"purchasable","13":"product-type-simple"},"aioseo_notices":[],"ct_brands":[{"id":107,"name":"Nojoum","slug":"nojoum"}],"_links":{"self":[{"href":"https:\/\/habibimb.com\/en\/wp-json\/wp\/v2\/product\/4468","targetHints":{"allow":["GET"]}}],"collection":[{"href":"https:\/\/habibimb.com\/en\/wp-json\/wp\/v2\/product"}],"about":[{"href":"https:\/\/habibimb.com\/en\/wp-json\/wp\/v2\/types\/product"}],"replies":[{"embeddable":true,"href":"https:\/\/habibimb.com\/en\/wp-json\/wp\/v2\/comments?post=4468"}],"wp:featuredmedia":[{"embeddable":true,"href":"https:\/\/habibimb.com\/en\/wp-json\/wp\/v2\/media\/4472"}],"wp:attachment":[{"href":"https:\/\/habibimb.com\/en\/wp-json\/wp\/v2\/media?parent=4468"}],"wp:term":[{"taxonomy":"product_brand","embeddable":true,"href":"https:\/\/habibimb.com\/en\/wp-json\/wp\/v2\/product_brand?post=4468"},{"taxonomy":"product_cat","embeddable":true,"href":"https:\/\/habibimb.com\/en\/wp-json\/wp\/v2\/product_cat?post=4468"},{"taxonomy":"product_tag","embeddable":true,"href":"https:\/\/habibimb.com\/en\/wp-json\/wp\/v2\/product_tag?post=4468"}],"curies":[{"name":"wp","href":"https:\/\/api.w.org\/{rel}","templated":true}]}}