{"id":4467,"date":"2026-02-13T05:42:46","date_gmt":"2026-02-13T05:42:46","guid":{"rendered":"https:\/\/habibimb.com\/?post_type=product&#038;p=4467"},"modified":"2026-03-11T11:48:39","modified_gmt":"2026-03-11T11:48:39","slug":"apa-de-parfum-vega-nojoum-femei-100ml","status":"publish","type":"product","link":"https:\/\/habibimb.com\/en\/product\/apa-de-parfum-vega-nojoum-femei-100ml\/","title":{"rendered":"Vega, Nojoum"},"content":{"rendered":"<p><strong>Vega by Nojoum este o ap\u0103 de parfum feminin\u0103, elegant\u0103 \u0219i rafinat\u0103, creat\u0103 pentru femeia modern\u0103 care \u00ee\u0219i dore\u0219te s\u0103 impresioneze prin stil \u0219i feminitate. Compozi\u021bia sa \u00eembin\u0103 armonios note florale delicate cu accente dulci \u0219i senzuale, oferind un parfum echilibrat \u0219i persistent.<\/strong><\/p>","protected":false},"excerpt":{"rendered":"<p><strong>Inspirat din Lancome La vie est belle<\/strong><\/p>\n<p data-start=\"20\" data-end=\"61\"><strong>Note de v\u00e2rf: Coac\u0103z\u0103 neagr\u0103, par\u0103.<\/strong><\/p>\n<p data-start=\"63\" data-end=\"119\"><strong>Note de mijloc: Iris, iasomie, floare de portocal.<\/strong><\/p>\n<p data-start=\"121\" data-end=\"183\" data-is-last-node=\"\" data-is-only-node=\"\"><strong>Note de baz\u0103: Boabe de tonka, vanilie, pralin\u0103, patchouli.<\/strong><\/p>","protected":false},"featured_media":4470,"comment_status":"open","ping_status":"closed","template":"","meta":{"om_disable_all_campaigns":false,"_monsterinsights_skip_tracking":false,"_monsterinsights_sitenote_active":false,"_monsterinsights_sitenote_note":"","_monsterinsights_sitenote_category":0},"product_brand":[107],"product_cat":[56],"product_tag":[],"class_list":{"0":"post-4467","1":"product","2":"type-product","3":"status-publish","4":"has-post-thumbnail","6":"product_brand-nojoum","7":"product_cat-pentru-ea","9":"first","10":"instock","11":"shipping-taxable","12":"purchasable","13":"product-type-simple"},"aioseo_notices":[],"ct_brands":[{"id":107,"name":"Nojoum","slug":"nojoum"}],"_links":{"self":[{"href":"https:\/\/habibimb.com\/en\/wp-json\/wp\/v2\/product\/4467","targetHints":{"allow":["GET"]}}],"collection":[{"href":"https:\/\/habibimb.com\/en\/wp-json\/wp\/v2\/product"}],"about":[{"href":"https:\/\/habibimb.com\/en\/wp-json\/wp\/v2\/types\/product"}],"replies":[{"embeddable":true,"href":"https:\/\/habibimb.com\/en\/wp-json\/wp\/v2\/comments?post=4467"}],"wp:featuredmedia":[{"embeddable":true,"href":"https:\/\/habibimb.com\/en\/wp-json\/wp\/v2\/media\/4470"}],"wp:attachment":[{"href":"https:\/\/habibimb.com\/en\/wp-json\/wp\/v2\/media?parent=4467"}],"wp:term":[{"taxonomy":"product_brand","embeddable":true,"href":"https:\/\/habibimb.com\/en\/wp-json\/wp\/v2\/product_brand?post=4467"},{"taxonomy":"product_cat","embeddable":true,"href":"https:\/\/habibimb.com\/en\/wp-json\/wp\/v2\/product_cat?post=4467"},{"taxonomy":"product_tag","embeddable":true,"href":"https:\/\/habibimb.com\/en\/wp-json\/wp\/v2\/product_tag?post=4467"}],"curies":[{"name":"wp","href":"https:\/\/api.w.org\/{rel}","templated":true}]}}