{"id":4433,"date":"2026-01-30T16:01:06","date_gmt":"2026-01-30T16:01:06","guid":{"rendered":"https:\/\/habibimb.com\/?post_type=product&#038;p=4433"},"modified":"2026-01-30T16:00:40","modified_gmt":"2026-01-30T16:00:40","slug":"apa-de-parfum-prometheus-fariis-barbati-100ml","status":"publish","type":"product","link":"https:\/\/habibimb.com\/en\/product\/apa-de-parfum-prometheus-fariis-barbati-100ml\/","title":{"rendered":"Prometheus, Fariis"},"content":{"rendered":"<p><strong>Apa de Parfum Prometheus \u2013 Fariis, B\u0103rba\u021bi (100 ml)<\/p>\n<p>Un parfum intens \u0219i impun\u0103tor, inspirat de for\u021b\u0103, curaj \u0219i determinare. Prometheus este creat pentru b\u0103rbatul puternic \u0219i carismatic, combin\u00e2nd note proaspete \u0219i condimentate cu acorduri lemnoase ad\u00e2nci, pentru o arom\u0103 masculin\u0103, elegant\u0103 \u0219i de durat\u0103. Ideal pentru sear\u0103 sau ocazii speciale.<\/p>\n<p>Note de v\u00e2rf: bergamot\u0103, piper<br \/>\nNote de mijloc: note aromatice, condimente calde<br \/>\nNote de baz\u0103: lemn de cedru, ambr\u0103, mosc<\/strong><\/p>","protected":false},"excerpt":{"rendered":"<p>Apa de Parfum Prometheus \u2013 Fariis, B\u0103rba\u021bi (100 ml) Un parfum intens \u0219i impun\u0103tor, inspirat de for\u021b\u0103, curaj \u0219i determinare. Prometheus este creat pentru b\u0103rbatul puternic \u0219i carismatic, combin\u00e2nd note proaspete \u0219i condimentate cu acorduri lemnoase ad\u00e2nci, pentru o arom\u0103 masculin\u0103, elegant\u0103 \u0219i de durat\u0103. Ideal pentru sear\u0103 sau ocazii speciale. Note de v\u00e2rf: bergamot\u0103, [&hellip;]<\/p>","protected":false},"featured_media":4434,"comment_status":"open","ping_status":"closed","template":"","meta":{"om_disable_all_campaigns":false,"_monsterinsights_skip_tracking":false,"_monsterinsights_sitenote_active":false,"_monsterinsights_sitenote_note":"","_monsterinsights_sitenote_category":0},"product_brand":[102],"product_cat":[55],"product_tag":[],"class_list":{"0":"post-4433","1":"product","2":"type-product","3":"status-publish","4":"has-post-thumbnail","6":"product_brand-fariis","7":"product_cat-pentru-el","9":"first","10":"instock","11":"shipping-taxable","12":"purchasable","13":"product-type-simple"},"aioseo_notices":[],"ct_brands":[{"id":102,"name":"Fariis","slug":"fariis"}],"_links":{"self":[{"href":"https:\/\/habibimb.com\/en\/wp-json\/wp\/v2\/product\/4433","targetHints":{"allow":["GET"]}}],"collection":[{"href":"https:\/\/habibimb.com\/en\/wp-json\/wp\/v2\/product"}],"about":[{"href":"https:\/\/habibimb.com\/en\/wp-json\/wp\/v2\/types\/product"}],"replies":[{"embeddable":true,"href":"https:\/\/habibimb.com\/en\/wp-json\/wp\/v2\/comments?post=4433"}],"wp:featuredmedia":[{"embeddable":true,"href":"https:\/\/habibimb.com\/en\/wp-json\/wp\/v2\/media\/4434"}],"wp:attachment":[{"href":"https:\/\/habibimb.com\/en\/wp-json\/wp\/v2\/media?parent=4433"}],"wp:term":[{"taxonomy":"product_brand","embeddable":true,"href":"https:\/\/habibimb.com\/en\/wp-json\/wp\/v2\/product_brand?post=4433"},{"taxonomy":"product_cat","embeddable":true,"href":"https:\/\/habibimb.com\/en\/wp-json\/wp\/v2\/product_cat?post=4433"},{"taxonomy":"product_tag","embeddable":true,"href":"https:\/\/habibimb.com\/en\/wp-json\/wp\/v2\/product_tag?post=4433"}],"curies":[{"name":"wp","href":"https:\/\/api.w.org\/{rel}","templated":true}]}}