{"id":4429,"date":"2026-01-30T15:58:17","date_gmt":"2026-01-30T15:58:17","guid":{"rendered":"https:\/\/habibimb.com\/?post_type=product&#038;p=4429"},"modified":"2026-03-16T12:45:18","modified_gmt":"2026-03-16T12:45:18","slug":"extract-de-parfum-freeze-riiffs-unisex-100ml","status":"publish","type":"product","link":"https:\/\/habibimb.com\/en\/product\/extract-de-parfum-freeze-riiffs-unisex-100ml\/","title":{"rendered":"Freeze, Riiffs"},"content":{"rendered":"<p><strong>Extract de Parfum Freeze \u2013 Riiffs, Unisex (100 ml)<\/p>\n<p>Un parfum intens \u0219i revigorant, cu un caracter modern \u0219i versatil, creat pentru cei care apreciaz\u0103 prospe\u021bimea extrem\u0103 combinat\u0103 cu profunzime aromatic\u0103. Freeze de la Riiffs ofer\u0103 un contrast echilibrat \u00eentre note reci \u0219i accente calde, rezult\u00e2nd o arom\u0103 puternic\u0103, persistent\u0103 \u0219i potrivit\u0103 at\u00e2t pentru femei, c\u00e2t \u0219i pentru b\u0103rba\u021bi.<\/p>\n<p>Note de v\u00e2rf: ment\u0103 glaciar\u0103, citrice fresh<br \/>\nNote de mijloc: note aromatice, lavand\u0103<br \/>\nNote de baz\u0103: lemn ambrat, mosc, note lemnoase<\/strong><\/p>","protected":false},"excerpt":{"rendered":"<p><strong>Inspirat din Oceania Roja Dove<\/strong><\/p>","protected":false},"featured_media":4432,"comment_status":"open","ping_status":"closed","template":"","meta":{"om_disable_all_campaigns":false,"_monsterinsights_skip_tracking":false,"_monsterinsights_sitenote_active":false,"_monsterinsights_sitenote_note":"","_monsterinsights_sitenote_category":0},"product_brand":[73],"product_cat":[55],"product_tag":[],"class_list":{"0":"post-4429","1":"product","2":"type-product","3":"status-publish","4":"has-post-thumbnail","6":"product_brand-riiffs","7":"product_cat-pentru-el","9":"first","10":"instock","11":"shipping-taxable","12":"purchasable","13":"product-type-simple"},"aioseo_notices":[],"ct_brands":[{"id":73,"name":"Riiffs","slug":"riiffs"}],"_links":{"self":[{"href":"https:\/\/habibimb.com\/en\/wp-json\/wp\/v2\/product\/4429","targetHints":{"allow":["GET"]}}],"collection":[{"href":"https:\/\/habibimb.com\/en\/wp-json\/wp\/v2\/product"}],"about":[{"href":"https:\/\/habibimb.com\/en\/wp-json\/wp\/v2\/types\/product"}],"replies":[{"embeddable":true,"href":"https:\/\/habibimb.com\/en\/wp-json\/wp\/v2\/comments?post=4429"}],"wp:featuredmedia":[{"embeddable":true,"href":"https:\/\/habibimb.com\/en\/wp-json\/wp\/v2\/media\/4432"}],"wp:attachment":[{"href":"https:\/\/habibimb.com\/en\/wp-json\/wp\/v2\/media?parent=4429"}],"wp:term":[{"taxonomy":"product_brand","embeddable":true,"href":"https:\/\/habibimb.com\/en\/wp-json\/wp\/v2\/product_brand?post=4429"},{"taxonomy":"product_cat","embeddable":true,"href":"https:\/\/habibimb.com\/en\/wp-json\/wp\/v2\/product_cat?post=4429"},{"taxonomy":"product_tag","embeddable":true,"href":"https:\/\/habibimb.com\/en\/wp-json\/wp\/v2\/product_tag?post=4429"}],"curies":[{"name":"wp","href":"https:\/\/api.w.org\/{rel}","templated":true}]}}