{"id":4427,"date":"2026-01-30T15:54:45","date_gmt":"2026-01-30T15:54:45","guid":{"rendered":"https:\/\/habibimb.com\/?post_type=product&#038;p=4427"},"modified":"2026-02-25T10:56:26","modified_gmt":"2026-02-25T10:56:26","slug":"apa-de-parfum-the-warrior-fariis-barbati-100ml","status":"publish","type":"product","link":"https:\/\/habibimb.com\/en\/product\/apa-de-parfum-the-warrior-fariis-barbati-100ml\/","title":{"rendered":"The Warrior, Fariis"},"content":{"rendered":"<p><strong>Apa de Parfum The Warrior \u2013 Fariis, B\u0103rba\u021bi (100 ml)<\/p>\n<p>Un parfum puternic \u0219i carismatic, creat pentru b\u0103rbatul curajos \u0219i sigur pe sine. The Warrior combin\u0103 note proaspete \u0219i condimentate cu acorduri lemnoase intense, rezult\u00e2nd o arom\u0103 masculin\u0103, impun\u0103toare \u0219i persistent\u0103. Ideal pentru sear\u0103 sau ocazii speciale, acest parfum exprim\u0103 for\u021b\u0103, elegan\u021b\u0103 \u0219i determinare.<\/p>\n<p>Note de v\u00e2rf: piper negru, bergamot\u0103<br \/>\nNote de mijloc: lavand\u0103, condimente aromatice<br \/>\nNote de baz\u0103: lemn de cedru, ambr\u0103, mosc<\/strong><\/p>","protected":false},"excerpt":{"rendered":"<p>Apa de Parfum The Warrior \u2013 Fariis, B\u0103rba\u021bi (100 ml) Un parfum puternic \u0219i carismatic, creat pentru b\u0103rbatul curajos \u0219i sigur pe sine. The Warrior combin\u0103 note proaspete \u0219i condimentate cu acorduri lemnoase intense, rezult\u00e2nd o arom\u0103 masculin\u0103, impun\u0103toare \u0219i persistent\u0103. Ideal pentru sear\u0103 sau ocazii speciale, acest parfum exprim\u0103 for\u021b\u0103, elegan\u021b\u0103 \u0219i determinare. Note [&hellip;]<\/p>","protected":false},"featured_media":4428,"comment_status":"open","ping_status":"closed","template":"","meta":{"om_disable_all_campaigns":false,"_monsterinsights_skip_tracking":false,"_monsterinsights_sitenote_active":false,"_monsterinsights_sitenote_note":"","_monsterinsights_sitenote_category":0},"product_brand":[102],"product_cat":[55],"product_tag":[],"class_list":{"0":"post-4427","1":"product","2":"type-product","3":"status-publish","4":"has-post-thumbnail","6":"product_brand-fariis","7":"product_cat-pentru-el","9":"first","10":"instock","11":"shipping-taxable","12":"purchasable","13":"product-type-simple"},"aioseo_notices":[],"ct_brands":[{"id":102,"name":"Fariis","slug":"fariis"}],"_links":{"self":[{"href":"https:\/\/habibimb.com\/en\/wp-json\/wp\/v2\/product\/4427","targetHints":{"allow":["GET"]}}],"collection":[{"href":"https:\/\/habibimb.com\/en\/wp-json\/wp\/v2\/product"}],"about":[{"href":"https:\/\/habibimb.com\/en\/wp-json\/wp\/v2\/types\/product"}],"replies":[{"embeddable":true,"href":"https:\/\/habibimb.com\/en\/wp-json\/wp\/v2\/comments?post=4427"}],"wp:featuredmedia":[{"embeddable":true,"href":"https:\/\/habibimb.com\/en\/wp-json\/wp\/v2\/media\/4428"}],"wp:attachment":[{"href":"https:\/\/habibimb.com\/en\/wp-json\/wp\/v2\/media?parent=4427"}],"wp:term":[{"taxonomy":"product_brand","embeddable":true,"href":"https:\/\/habibimb.com\/en\/wp-json\/wp\/v2\/product_brand?post=4427"},{"taxonomy":"product_cat","embeddable":true,"href":"https:\/\/habibimb.com\/en\/wp-json\/wp\/v2\/product_cat?post=4427"},{"taxonomy":"product_tag","embeddable":true,"href":"https:\/\/habibimb.com\/en\/wp-json\/wp\/v2\/product_tag?post=4427"}],"curies":[{"name":"wp","href":"https:\/\/api.w.org\/{rel}","templated":true}]}}