{"id":4424,"date":"2026-01-30T15:52:33","date_gmt":"2026-01-30T15:52:33","guid":{"rendered":"https:\/\/habibimb.com\/?post_type=product&#038;p=4424"},"modified":"2026-01-30T15:51:17","modified_gmt":"2026-01-30T15:51:17","slug":"apa-de-parfum-fariha-fariis-unisex-100ml","status":"publish","type":"product","link":"https:\/\/habibimb.com\/en\/product\/apa-de-parfum-fariha-fariis-unisex-100ml\/","title":{"rendered":"Fariha, Fariis"},"content":{"rendered":"<p><strong>Apa de Parfum Fariha \u2013 Fariis, Unisex (100 ml)<\/p>\n<p>Un parfum luminos \u0219i rafinat, ce \u00eembin\u0103 armonios prospe\u021bimea notelor fructate cu accente florale \u0219i o baz\u0103 cald\u0103, senzual\u0103. Fariha este o alegere elegant\u0103 \u0219i versatil\u0103, potrivit\u0103 at\u00e2t pentru femei, c\u00e2t \u0219i pentru b\u0103rba\u021bi, ideal\u0103 pentru purtarea zilnic\u0103 sau momente speciale.<\/p>\n<p>Note de v\u00e2rf: fructe proaspete, citrice fine<br \/>\nNote de mijloc: flori albe, iasomie delicat\u0103<br \/>\nNote de baz\u0103: vanilie, mosc, note lemnoase<\/strong><\/p>","protected":false},"excerpt":{"rendered":"<p>Apa de Parfum Fariha \u2013 Fariis, Unisex (100 ml) Un parfum luminos \u0219i rafinat, ce \u00eembin\u0103 armonios prospe\u021bimea notelor fructate cu accente florale \u0219i o baz\u0103 cald\u0103, senzual\u0103. Fariha este o alegere elegant\u0103 \u0219i versatil\u0103, potrivit\u0103 at\u00e2t pentru femei, c\u00e2t \u0219i pentru b\u0103rba\u021bi, ideal\u0103 pentru purtarea zilnic\u0103 sau momente speciale. Note de v\u00e2rf: fructe proaspete, [&hellip;]<\/p>","protected":false},"featured_media":4425,"comment_status":"open","ping_status":"closed","template":"","meta":{"om_disable_all_campaigns":false,"_monsterinsights_skip_tracking":false,"_monsterinsights_sitenote_active":false,"_monsterinsights_sitenote_note":"","_monsterinsights_sitenote_category":0},"product_brand":[102],"product_cat":[57],"product_tag":[],"class_list":{"0":"post-4424","1":"product","2":"type-product","3":"status-publish","4":"has-post-thumbnail","6":"product_brand-fariis","7":"product_cat-unisex","9":"first","10":"instock","11":"shipping-taxable","12":"purchasable","13":"product-type-simple"},"aioseo_notices":[],"ct_brands":[{"id":102,"name":"Fariis","slug":"fariis"}],"_links":{"self":[{"href":"https:\/\/habibimb.com\/en\/wp-json\/wp\/v2\/product\/4424","targetHints":{"allow":["GET"]}}],"collection":[{"href":"https:\/\/habibimb.com\/en\/wp-json\/wp\/v2\/product"}],"about":[{"href":"https:\/\/habibimb.com\/en\/wp-json\/wp\/v2\/types\/product"}],"replies":[{"embeddable":true,"href":"https:\/\/habibimb.com\/en\/wp-json\/wp\/v2\/comments?post=4424"}],"wp:featuredmedia":[{"embeddable":true,"href":"https:\/\/habibimb.com\/en\/wp-json\/wp\/v2\/media\/4425"}],"wp:attachment":[{"href":"https:\/\/habibimb.com\/en\/wp-json\/wp\/v2\/media?parent=4424"}],"wp:term":[{"taxonomy":"product_brand","embeddable":true,"href":"https:\/\/habibimb.com\/en\/wp-json\/wp\/v2\/product_brand?post=4424"},{"taxonomy":"product_cat","embeddable":true,"href":"https:\/\/habibimb.com\/en\/wp-json\/wp\/v2\/product_cat?post=4424"},{"taxonomy":"product_tag","embeddable":true,"href":"https:\/\/habibimb.com\/en\/wp-json\/wp\/v2\/product_tag?post=4424"}],"curies":[{"name":"wp","href":"https:\/\/api.w.org\/{rel}","templated":true}]}}