{"id":4421,"date":"2026-01-30T15:50:45","date_gmt":"2026-01-30T15:50:45","guid":{"rendered":"https:\/\/habibimb.com\/?post_type=product&#038;p=4421"},"modified":"2026-01-30T15:47:57","modified_gmt":"2026-01-30T15:47:57","slug":"apa-de-parfum-basira-fariis-unisex-100ml","status":"publish","type":"product","link":"https:\/\/habibimb.com\/en\/product\/apa-de-parfum-basira-fariis-unisex-100ml\/","title":{"rendered":"Basira, Fariis"},"content":{"rendered":"<p><strong>Apa de Parfum Basira \u2013 Fariis, Unisex (100 ml)<\/p>\n<p>Un parfum elegant \u0219i echilibrat, creat pentru cei care apreciaz\u0103 aromele sofisticate \u0219i versatile. Basira \u00eembin\u0103 armonios prospe\u021bimea notelor fructate cu accente florale \u0219i o baz\u0103 cald\u0103, senzual\u0103, rezult\u00e2nd o arom\u0103 rafinat\u0103 \u0219i persistent\u0103, potrivit\u0103 at\u00e2t pentru zi, c\u00e2t \u0219i pentru sear\u0103.<\/p>\n<p>Note de v\u00e2rf: fructe dulci, citrice delicate<br \/>\nNote de mijloc: flori albe, iasomie<br \/>\nNote de baz\u0103: vanilie, mosc, ambr\u0103<\/strong><\/p>","protected":false},"excerpt":{"rendered":"<p>Apa de Parfum Basira \u2013 Fariis, Unisex (100 ml) Un parfum elegant \u0219i echilibrat, creat pentru cei care apreciaz\u0103 aromele sofisticate \u0219i versatile. Basira \u00eembin\u0103 armonios prospe\u021bimea notelor fructate cu accente florale \u0219i o baz\u0103 cald\u0103, senzual\u0103, rezult\u00e2nd o arom\u0103 rafinat\u0103 \u0219i persistent\u0103, potrivit\u0103 at\u00e2t pentru zi, c\u00e2t \u0219i pentru sear\u0103. Note de v\u00e2rf: fructe [&hellip;]<\/p>","protected":false},"featured_media":4422,"comment_status":"open","ping_status":"closed","template":"","meta":{"om_disable_all_campaigns":false,"_monsterinsights_skip_tracking":false,"_monsterinsights_sitenote_active":false,"_monsterinsights_sitenote_note":"","_monsterinsights_sitenote_category":0},"product_brand":[102],"product_cat":[57],"product_tag":[],"class_list":{"0":"post-4421","1":"product","2":"type-product","3":"status-publish","4":"has-post-thumbnail","6":"product_brand-fariis","7":"product_cat-unisex","9":"first","10":"instock","11":"shipping-taxable","12":"purchasable","13":"product-type-simple"},"aioseo_notices":[],"ct_brands":[{"id":102,"name":"Fariis","slug":"fariis"}],"_links":{"self":[{"href":"https:\/\/habibimb.com\/en\/wp-json\/wp\/v2\/product\/4421","targetHints":{"allow":["GET"]}}],"collection":[{"href":"https:\/\/habibimb.com\/en\/wp-json\/wp\/v2\/product"}],"about":[{"href":"https:\/\/habibimb.com\/en\/wp-json\/wp\/v2\/types\/product"}],"replies":[{"embeddable":true,"href":"https:\/\/habibimb.com\/en\/wp-json\/wp\/v2\/comments?post=4421"}],"wp:featuredmedia":[{"embeddable":true,"href":"https:\/\/habibimb.com\/en\/wp-json\/wp\/v2\/media\/4422"}],"wp:attachment":[{"href":"https:\/\/habibimb.com\/en\/wp-json\/wp\/v2\/media?parent=4421"}],"wp:term":[{"taxonomy":"product_brand","embeddable":true,"href":"https:\/\/habibimb.com\/en\/wp-json\/wp\/v2\/product_brand?post=4421"},{"taxonomy":"product_cat","embeddable":true,"href":"https:\/\/habibimb.com\/en\/wp-json\/wp\/v2\/product_cat?post=4421"},{"taxonomy":"product_tag","embeddable":true,"href":"https:\/\/habibimb.com\/en\/wp-json\/wp\/v2\/product_tag?post=4421"}],"curies":[{"name":"wp","href":"https:\/\/api.w.org\/{rel}","templated":true}]}}