{"id":4419,"date":"2026-01-30T15:46:31","date_gmt":"2026-01-30T15:46:31","guid":{"rendered":"https:\/\/habibimb.com\/?post_type=product&#038;p=4419"},"modified":"2026-01-30T15:45:10","modified_gmt":"2026-01-30T15:45:10","slug":"apa-de-parfum-rose-melody-fariis-femei-100ml","status":"publish","type":"product","link":"https:\/\/habibimb.com\/en\/product\/apa-de-parfum-rose-melody-fariis-femei-100ml\/","title":{"rendered":"Rose Melody, Fariis"},"content":{"rendered":"<p><strong>Apa de Parfum Basil \u2013 Fariis, B\u0103rba\u021bi (100 ml)<\/p>\n<p>Un parfum proasp\u0103t \u0219i energizant, dedicat b\u0103rbatului modern \u0219i activ. Basil combin\u0103 note verzi \u0219i aromatice cu accente lemnoase calde, oferind o senza\u021bie de prospe\u021bime natural\u0103 \u0219i elegan\u021b\u0103 masculin\u0103. Potrivit pentru purtarea zilnic\u0103, acest parfum este alegerea ideal\u0103 pentru un stil curat \u0219i rafinat.<\/p>\n<p>Note de v\u00e2rf: busuioc, citrice proaspete<br \/>\nNote de mijloc: note aromatice, condimente u\u0219oare<br \/>\nNote de baz\u0103: lemn de cedru, mosc, ambr\u0103<\/strong><\/p>","protected":false},"excerpt":{"rendered":"<p>Apa de Parfum Basil \u2013 Fariis, B\u0103rba\u021bi (100 ml) Un parfum proasp\u0103t \u0219i energizant, dedicat b\u0103rbatului modern \u0219i activ. Basil combin\u0103 note verzi \u0219i aromatice cu accente lemnoase calde, oferind o senza\u021bie de prospe\u021bime natural\u0103 \u0219i elegan\u021b\u0103 masculin\u0103. Potrivit pentru purtarea zilnic\u0103, acest parfum este alegerea ideal\u0103 pentru un stil curat \u0219i rafinat. Note de [&hellip;]<\/p>","protected":false},"featured_media":4420,"comment_status":"open","ping_status":"closed","template":"","meta":{"om_disable_all_campaigns":false,"_monsterinsights_skip_tracking":false,"_monsterinsights_sitenote_active":false,"_monsterinsights_sitenote_note":"","_monsterinsights_sitenote_category":0},"product_brand":[102],"product_cat":[56],"product_tag":[],"class_list":{"0":"post-4419","1":"product","2":"type-product","3":"status-publish","4":"has-post-thumbnail","6":"product_brand-fariis","7":"product_cat-pentru-ea","9":"first","10":"instock","11":"shipping-taxable","12":"purchasable","13":"product-type-simple"},"aioseo_notices":[],"ct_brands":[{"id":102,"name":"Fariis","slug":"fariis"}],"_links":{"self":[{"href":"https:\/\/habibimb.com\/en\/wp-json\/wp\/v2\/product\/4419","targetHints":{"allow":["GET"]}}],"collection":[{"href":"https:\/\/habibimb.com\/en\/wp-json\/wp\/v2\/product"}],"about":[{"href":"https:\/\/habibimb.com\/en\/wp-json\/wp\/v2\/types\/product"}],"replies":[{"embeddable":true,"href":"https:\/\/habibimb.com\/en\/wp-json\/wp\/v2\/comments?post=4419"}],"wp:featuredmedia":[{"embeddable":true,"href":"https:\/\/habibimb.com\/en\/wp-json\/wp\/v2\/media\/4420"}],"wp:attachment":[{"href":"https:\/\/habibimb.com\/en\/wp-json\/wp\/v2\/media?parent=4419"}],"wp:term":[{"taxonomy":"product_brand","embeddable":true,"href":"https:\/\/habibimb.com\/en\/wp-json\/wp\/v2\/product_brand?post=4419"},{"taxonomy":"product_cat","embeddable":true,"href":"https:\/\/habibimb.com\/en\/wp-json\/wp\/v2\/product_cat?post=4419"},{"taxonomy":"product_tag","embeddable":true,"href":"https:\/\/habibimb.com\/en\/wp-json\/wp\/v2\/product_tag?post=4419"}],"curies":[{"name":"wp","href":"https:\/\/api.w.org\/{rel}","templated":true}]}}