{"id":4415,"date":"2026-01-30T15:39:36","date_gmt":"2026-01-30T15:39:36","guid":{"rendered":"https:\/\/habibimb.com\/?post_type=product&#038;p=4415"},"modified":"2026-01-30T15:39:22","modified_gmt":"2026-01-30T15:39:22","slug":"apa-de-parfum-afaf-fariis-femei-100ml","status":"publish","type":"product","link":"https:\/\/habibimb.com\/en\/product\/apa-de-parfum-afaf-fariis-femei-100ml\/","title":{"rendered":"Afaf, Fariis"},"content":{"rendered":"<p><strong>Apa de Parfum Afaf \u2013 Fariis, Femei (100 ml)<\/p>\n<p>Un parfum feminin, delicat \u0219i seduc\u0103tor, ce eviden\u021biaz\u0103 elegan\u021ba natural\u0103 \u0219i rafinamentul. Afaf este o combina\u021bie armonioas\u0103 de note proaspete, florale \u0219i accente calde, cre\u00e2nd o arom\u0103 suav\u0103 \u0219i persistent\u0103, perfect\u0103 pentru purtarea zilnic\u0103 sau momente speciale.<\/p>\n<p>Note de v\u00e2rf: fructe proaspete, citrice fine<br \/>\nNote de mijloc: trandafir, iasomie, note florale<br \/>\nNote de baz\u0103: vanilie, mosc, ambr\u0103<\/strong><\/p>","protected":false},"excerpt":{"rendered":"<p>Apa de Parfum Afaf \u2013 Fariis, Femei (100 ml) Un parfum feminin, delicat \u0219i seduc\u0103tor, ce eviden\u021biaz\u0103 elegan\u021ba natural\u0103 \u0219i rafinamentul. Afaf este o combina\u021bie armonioas\u0103 de note proaspete, florale \u0219i accente calde, cre\u00e2nd o arom\u0103 suav\u0103 \u0219i persistent\u0103, perfect\u0103 pentru purtarea zilnic\u0103 sau momente speciale. Note de v\u00e2rf: fructe proaspete, citrice fine Note de [&hellip;]<\/p>","protected":false},"featured_media":4416,"comment_status":"open","ping_status":"closed","template":"","meta":{"om_disable_all_campaigns":false,"_monsterinsights_skip_tracking":false,"_monsterinsights_sitenote_active":false,"_monsterinsights_sitenote_note":"","_monsterinsights_sitenote_category":0},"product_brand":[102],"product_cat":[56],"product_tag":[],"class_list":{"0":"post-4415","1":"product","2":"type-product","3":"status-publish","4":"has-post-thumbnail","6":"product_brand-fariis","7":"product_cat-pentru-ea","9":"first","10":"instock","11":"shipping-taxable","12":"purchasable","13":"product-type-simple"},"aioseo_notices":[],"ct_brands":[{"id":102,"name":"Fariis","slug":"fariis"}],"_links":{"self":[{"href":"https:\/\/habibimb.com\/en\/wp-json\/wp\/v2\/product\/4415","targetHints":{"allow":["GET"]}}],"collection":[{"href":"https:\/\/habibimb.com\/en\/wp-json\/wp\/v2\/product"}],"about":[{"href":"https:\/\/habibimb.com\/en\/wp-json\/wp\/v2\/types\/product"}],"replies":[{"embeddable":true,"href":"https:\/\/habibimb.com\/en\/wp-json\/wp\/v2\/comments?post=4415"}],"wp:featuredmedia":[{"embeddable":true,"href":"https:\/\/habibimb.com\/en\/wp-json\/wp\/v2\/media\/4416"}],"wp:attachment":[{"href":"https:\/\/habibimb.com\/en\/wp-json\/wp\/v2\/media?parent=4415"}],"wp:term":[{"taxonomy":"product_brand","embeddable":true,"href":"https:\/\/habibimb.com\/en\/wp-json\/wp\/v2\/product_brand?post=4415"},{"taxonomy":"product_cat","embeddable":true,"href":"https:\/\/habibimb.com\/en\/wp-json\/wp\/v2\/product_cat?post=4415"},{"taxonomy":"product_tag","embeddable":true,"href":"https:\/\/habibimb.com\/en\/wp-json\/wp\/v2\/product_tag?post=4415"}],"curies":[{"name":"wp","href":"https:\/\/api.w.org\/{rel}","templated":true}]}}