{"id":4413,"date":"2026-01-30T15:37:42","date_gmt":"2026-01-30T15:37:42","guid":{"rendered":"https:\/\/habibimb.com\/?post_type=product&#038;p=4413"},"modified":"2026-01-30T15:37:25","modified_gmt":"2026-01-30T15:37:25","slug":"apa-de-parfum-mystic-oud-fariis-barbati-100ml","status":"publish","type":"product","link":"https:\/\/habibimb.com\/en\/product\/apa-de-parfum-mystic-oud-fariis-barbati-100ml\/","title":{"rendered":"Mystic Oud, Fariis"},"content":{"rendered":"<p><strong>Apa de Parfum Mystic Oud \u2013 Fariis, B\u0103rba\u021bi (100 ml)<\/p>\n<p>Un parfum intens \u0219i seduc\u0103tor, dedicat b\u0103rbatului sigur pe sine, care apreciaz\u0103 aromele orientale profunde. Mystic Oud \u00eembin\u0103 misterul lemnului de oud cu note calde \u0219i senzuale, oferind o prezen\u021b\u0103 puternic\u0103 \u0219i memorabil\u0103. Ideal pentru sear\u0103 \u0219i ocazii speciale, acest parfum las\u0103 o amprent\u0103 elegant\u0103 \u0219i masculin\u0103.<\/p>\n<p>Note de v\u00e2rf: condimente orientale, note aromatice<br \/>\nNote de mijloc: oud, note lemnoase intense<br \/>\nNote de baz\u0103: ambr\u0103, mosc, vanilie<\/strong><\/p>","protected":false},"excerpt":{"rendered":"<p>Apa de Parfum Mystic Oud \u2013 Fariis, B\u0103rba\u021bi (100 ml) Un parfum intens \u0219i seduc\u0103tor, dedicat b\u0103rbatului sigur pe sine, care apreciaz\u0103 aromele orientale profunde. Mystic Oud \u00eembin\u0103 misterul lemnului de oud cu note calde \u0219i senzuale, oferind o prezen\u021b\u0103 puternic\u0103 \u0219i memorabil\u0103. Ideal pentru sear\u0103 \u0219i ocazii speciale, acest parfum las\u0103 o amprent\u0103 elegant\u0103 [&hellip;]<\/p>","protected":false},"featured_media":4414,"comment_status":"open","ping_status":"closed","template":"","meta":{"om_disable_all_campaigns":false,"_monsterinsights_skip_tracking":false,"_monsterinsights_sitenote_active":false,"_monsterinsights_sitenote_note":"","_monsterinsights_sitenote_category":0},"product_brand":[102],"product_cat":[55],"product_tag":[],"class_list":{"0":"post-4413","1":"product","2":"type-product","3":"status-publish","4":"has-post-thumbnail","6":"product_brand-fariis","7":"product_cat-pentru-el","9":"first","10":"instock","11":"shipping-taxable","12":"purchasable","13":"product-type-simple"},"aioseo_notices":[],"ct_brands":[{"id":102,"name":"Fariis","slug":"fariis"}],"_links":{"self":[{"href":"https:\/\/habibimb.com\/en\/wp-json\/wp\/v2\/product\/4413","targetHints":{"allow":["GET"]}}],"collection":[{"href":"https:\/\/habibimb.com\/en\/wp-json\/wp\/v2\/product"}],"about":[{"href":"https:\/\/habibimb.com\/en\/wp-json\/wp\/v2\/types\/product"}],"replies":[{"embeddable":true,"href":"https:\/\/habibimb.com\/en\/wp-json\/wp\/v2\/comments?post=4413"}],"wp:featuredmedia":[{"embeddable":true,"href":"https:\/\/habibimb.com\/en\/wp-json\/wp\/v2\/media\/4414"}],"wp:attachment":[{"href":"https:\/\/habibimb.com\/en\/wp-json\/wp\/v2\/media?parent=4413"}],"wp:term":[{"taxonomy":"product_brand","embeddable":true,"href":"https:\/\/habibimb.com\/en\/wp-json\/wp\/v2\/product_brand?post=4413"},{"taxonomy":"product_cat","embeddable":true,"href":"https:\/\/habibimb.com\/en\/wp-json\/wp\/v2\/product_cat?post=4413"},{"taxonomy":"product_tag","embeddable":true,"href":"https:\/\/habibimb.com\/en\/wp-json\/wp\/v2\/product_tag?post=4413"}],"curies":[{"name":"wp","href":"https:\/\/api.w.org\/{rel}","templated":true}]}}