{"id":4411,"date":"2026-01-30T15:34:46","date_gmt":"2026-01-30T15:34:46","guid":{"rendered":"https:\/\/habibimb.com\/?post_type=product&#038;p=4411"},"modified":"2026-01-30T15:32:14","modified_gmt":"2026-01-30T15:32:14","slug":"apa-de-parfum-riwayah-harrison-fariis-unisex-100ml","status":"publish","type":"product","link":"https:\/\/habibimb.com\/en\/product\/apa-de-parfum-riwayah-harrison-fariis-unisex-100ml\/","title":{"rendered":"Riwayah Harrison, Fariis"},"content":{"rendered":"<p><strong>Apa de Parfum Riwayah Harrison \u2013 Fariis, Unisex (100 ml)<\/p>\n<p>Un parfum puternic \u0219i rafinat, cu un caracter modern \u0219i elegant, creat pentru cei care vor s\u0103 ias\u0103 \u00een eviden\u021b\u0103 prin stil \u0219i personalitate. Riwayah Harrison combin\u0103 prospe\u021bimea notelor aromatice cu profunzimea acordurilor lemnoase, rezult\u00e2nd o arom\u0103 echilibrat\u0103, intens\u0103 \u0219i de durat\u0103, potrivit\u0103 at\u00e2t pentru zi, c\u00e2t \u0219i pentru sear\u0103.<\/p>\n<p>Note de v\u00e2rf: bergamot\u0103, note aromatice<br \/>\nNote de mijloc: lavand\u0103, condimente fine<br \/>\nNote de baz\u0103: lemn de cedru, ambr\u0103, mosc<\/strong><\/p>","protected":false},"excerpt":{"rendered":"<p>Apa de Parfum Riwayah Harrison \u2013 Fariis, Unisex (100 ml) Un parfum puternic \u0219i rafinat, cu un caracter modern \u0219i elegant, creat pentru cei care vor s\u0103 ias\u0103 \u00een eviden\u021b\u0103 prin stil \u0219i personalitate. Riwayah Harrison combin\u0103 prospe\u021bimea notelor aromatice cu profunzimea acordurilor lemnoase, rezult\u00e2nd o arom\u0103 echilibrat\u0103, intens\u0103 \u0219i de durat\u0103, potrivit\u0103 at\u00e2t pentru [&hellip;]<\/p>","protected":false},"featured_media":4412,"comment_status":"open","ping_status":"closed","template":"","meta":{"om_disable_all_campaigns":false,"_monsterinsights_skip_tracking":false,"_monsterinsights_sitenote_active":false,"_monsterinsights_sitenote_note":"","_monsterinsights_sitenote_category":0},"product_brand":[102],"product_cat":[57],"product_tag":[],"class_list":{"0":"post-4411","1":"product","2":"type-product","3":"status-publish","4":"has-post-thumbnail","6":"product_brand-fariis","7":"product_cat-unisex","9":"first","10":"instock","11":"shipping-taxable","12":"purchasable","13":"product-type-simple"},"aioseo_notices":[],"ct_brands":[{"id":102,"name":"Fariis","slug":"fariis"}],"_links":{"self":[{"href":"https:\/\/habibimb.com\/en\/wp-json\/wp\/v2\/product\/4411","targetHints":{"allow":["GET"]}}],"collection":[{"href":"https:\/\/habibimb.com\/en\/wp-json\/wp\/v2\/product"}],"about":[{"href":"https:\/\/habibimb.com\/en\/wp-json\/wp\/v2\/types\/product"}],"replies":[{"embeddable":true,"href":"https:\/\/habibimb.com\/en\/wp-json\/wp\/v2\/comments?post=4411"}],"wp:featuredmedia":[{"embeddable":true,"href":"https:\/\/habibimb.com\/en\/wp-json\/wp\/v2\/media\/4412"}],"wp:attachment":[{"href":"https:\/\/habibimb.com\/en\/wp-json\/wp\/v2\/media?parent=4411"}],"wp:term":[{"taxonomy":"product_brand","embeddable":true,"href":"https:\/\/habibimb.com\/en\/wp-json\/wp\/v2\/product_brand?post=4411"},{"taxonomy":"product_cat","embeddable":true,"href":"https:\/\/habibimb.com\/en\/wp-json\/wp\/v2\/product_cat?post=4411"},{"taxonomy":"product_tag","embeddable":true,"href":"https:\/\/habibimb.com\/en\/wp-json\/wp\/v2\/product_tag?post=4411"}],"curies":[{"name":"wp","href":"https:\/\/api.w.org\/{rel}","templated":true}]}}