{"id":4409,"date":"2026-01-30T15:31:38","date_gmt":"2026-01-30T15:31:38","guid":{"rendered":"https:\/\/habibimb.com\/?post_type=product&#038;p=4409"},"modified":"2026-01-30T15:31:33","modified_gmt":"2026-01-30T15:31:33","slug":"apa-de-parfum-riwayah-lunara-fariis-unisex-100ml","status":"publish","type":"product","link":"https:\/\/habibimb.com\/en\/product\/apa-de-parfum-riwayah-lunara-fariis-unisex-100ml\/","title":{"rendered":"Riwayah Lunara, Fariis"},"content":{"rendered":"<p><strong>Apa de Parfum Riwayah Lunara \u2013 Fariis, Unisex (100 ml)<\/strong><\/p>\n<p>Un parfum elegant \u0219i misterios, creat pentru femei \u0219i b\u0103rba\u021bi care apreciaz\u0103 aromele rafinate \u0219i bine echilibrate. Fariis \u00eembin\u0103 note proaspete, accente florale \u0219i o baz\u0103 cald\u0103, senzual\u0103, oferind o experien\u021b\u0103 olfactiv\u0103 sofisticat\u0103 \u0219i persistent\u0103, potrivit\u0103 at\u00e2t pentru zi, c\u00e2t \u0219i pentru sear\u0103.<\/p>","protected":false},"excerpt":{"rendered":"<p><strong>Inspirat din La Luna Gissah<\/strong><\/p>\n<p>Note de v\u00e2rf: zmeur\u0103, caisa<\/p>\n<p>Note de mijloc: lemn de guaiac, vat\u0103 de zah\u0103r, lemn de santal<\/p>\n<p>Note de baz\u0103: paciuli, tonka, ambra, vanilie<\/p>","protected":false},"featured_media":4410,"comment_status":"open","ping_status":"closed","template":"","meta":{"om_disable_all_campaigns":false,"_monsterinsights_skip_tracking":false,"_monsterinsights_sitenote_active":false,"_monsterinsights_sitenote_note":"","_monsterinsights_sitenote_category":0},"product_brand":[102],"product_cat":[57],"product_tag":[],"class_list":{"0":"post-4409","1":"product","2":"type-product","3":"status-publish","4":"has-post-thumbnail","6":"product_brand-fariis","7":"product_cat-unisex","9":"first","10":"instock","11":"shipping-taxable","12":"purchasable","13":"product-type-simple"},"aioseo_notices":[],"ct_brands":[{"id":102,"name":"Fariis","slug":"fariis"}],"_links":{"self":[{"href":"https:\/\/habibimb.com\/en\/wp-json\/wp\/v2\/product\/4409","targetHints":{"allow":["GET"]}}],"collection":[{"href":"https:\/\/habibimb.com\/en\/wp-json\/wp\/v2\/product"}],"about":[{"href":"https:\/\/habibimb.com\/en\/wp-json\/wp\/v2\/types\/product"}],"replies":[{"embeddable":true,"href":"https:\/\/habibimb.com\/en\/wp-json\/wp\/v2\/comments?post=4409"}],"wp:featuredmedia":[{"embeddable":true,"href":"https:\/\/habibimb.com\/en\/wp-json\/wp\/v2\/media\/4410"}],"wp:attachment":[{"href":"https:\/\/habibimb.com\/en\/wp-json\/wp\/v2\/media?parent=4409"}],"wp:term":[{"taxonomy":"product_brand","embeddable":true,"href":"https:\/\/habibimb.com\/en\/wp-json\/wp\/v2\/product_brand?post=4409"},{"taxonomy":"product_cat","embeddable":true,"href":"https:\/\/habibimb.com\/en\/wp-json\/wp\/v2\/product_cat?post=4409"},{"taxonomy":"product_tag","embeddable":true,"href":"https:\/\/habibimb.com\/en\/wp-json\/wp\/v2\/product_tag?post=4409"}],"curies":[{"name":"wp","href":"https:\/\/api.w.org\/{rel}","templated":true}]}}