{"id":4304,"date":"2026-01-09T07:32:21","date_gmt":"2026-01-09T07:32:21","guid":{"rendered":"https:\/\/habibimb.com\/?post_type=product&#038;p=4304"},"modified":"2026-01-09T07:31:57","modified_gmt":"2026-01-09T07:31:57","slug":"apa-de-parfum-ana-al-awwal-pink-nusuk-femei-100ml","status":"publish","type":"product","link":"https:\/\/habibimb.com\/en\/product\/apa-de-parfum-ana-al-awwal-pink-nusuk-femei-100ml\/","title":{"rendered":"Ana Al Awwal Pink, Nusuk"},"content":{"rendered":"<p><strong>Ana Al Awwal Pink de la Nusuk este un parfum feminin elegant \u0219i seduc\u0103tor, cu o deschidere proasp\u0103t\u0103 \u0219i fructat\u0103 de bergamot\u0103, litchi \u0219i fructe ro\u0219ii, care evolueaz\u0103 \u00eentr-o inim\u0103 delicat\u0103 \u0219i romantic\u0103 de trandafir \u0219i flori albe. Baza cald\u0103 \u0219i senzual\u0103 de mosc, lemn de cedru, vetiver \u0219i note orientale ofer\u0103 profunzime \u0219i persisten\u021b\u0103, transform\u00e2nd parfumul \u00eentr-o alegere ideal\u0103 pentru femeia modern\u0103, rafinat\u0103 \u0219i sigur\u0103 pe sine.<\/strong><\/p>","protected":false},"excerpt":{"rendered":"<p><strong>Inspirat din Delina Parfums de Marly<\/strong><\/p>","protected":false},"featured_media":4306,"comment_status":"open","ping_status":"closed","template":"","meta":{"om_disable_all_campaigns":false,"_monsterinsights_skip_tracking":false,"_monsterinsights_sitenote_active":false,"_monsterinsights_sitenote_note":"","_monsterinsights_sitenote_category":0},"product_brand":[77],"product_cat":[56],"product_tag":[],"class_list":{"0":"post-4304","1":"product","2":"type-product","3":"status-publish","4":"has-post-thumbnail","6":"product_brand-nusuk","7":"product_cat-pentru-ea","9":"first","10":"instock","11":"shipping-taxable","12":"purchasable","13":"product-type-simple"},"aioseo_notices":[],"ct_brands":[{"id":77,"name":"Nusuk","slug":"nusuk"}],"_links":{"self":[{"href":"https:\/\/habibimb.com\/en\/wp-json\/wp\/v2\/product\/4304","targetHints":{"allow":["GET"]}}],"collection":[{"href":"https:\/\/habibimb.com\/en\/wp-json\/wp\/v2\/product"}],"about":[{"href":"https:\/\/habibimb.com\/en\/wp-json\/wp\/v2\/types\/product"}],"replies":[{"embeddable":true,"href":"https:\/\/habibimb.com\/en\/wp-json\/wp\/v2\/comments?post=4304"}],"wp:featuredmedia":[{"embeddable":true,"href":"https:\/\/habibimb.com\/en\/wp-json\/wp\/v2\/media\/4306"}],"wp:attachment":[{"href":"https:\/\/habibimb.com\/en\/wp-json\/wp\/v2\/media?parent=4304"}],"wp:term":[{"taxonomy":"product_brand","embeddable":true,"href":"https:\/\/habibimb.com\/en\/wp-json\/wp\/v2\/product_brand?post=4304"},{"taxonomy":"product_cat","embeddable":true,"href":"https:\/\/habibimb.com\/en\/wp-json\/wp\/v2\/product_cat?post=4304"},{"taxonomy":"product_tag","embeddable":true,"href":"https:\/\/habibimb.com\/en\/wp-json\/wp\/v2\/product_tag?post=4304"}],"curies":[{"name":"wp","href":"https:\/\/api.w.org\/{rel}","templated":true}]}}