{"id":4290,"date":"2026-01-05T23:40:11","date_gmt":"2026-01-05T23:40:11","guid":{"rendered":"https:\/\/habibimb.com\/?post_type=product&#038;p=4290"},"modified":"2026-01-05T23:39:51","modified_gmt":"2026-01-05T23:39:51","slug":"apa-de-parfum-sarah-wadi-al-khaleej-femei-100ml","status":"publish","type":"product","link":"https:\/\/habibimb.com\/en\/product\/apa-de-parfum-sarah-wadi-al-khaleej-femei-100ml\/","title":{"rendered":"Sarah, Wadi Al Khaleej"},"content":{"rendered":"<p><strong>Sarah de la Wadi Al Khaleej este un parfum feminin delicat \u0219i elegant, cu un caracter floral-oriental. Aroma sa echilibrat\u0103 \u00eembin\u0103 note feminine \u0219i rafinate, oferind o senza\u021bie pl\u0103cut\u0103, cald\u0103 \u0219i atr\u0103g\u0103toare. Potrivit pentru purtare zilnic\u0103, dar \u0219i pentru momente speciale, cu o persisten\u021b\u0103 pl\u0103cut\u0103 \u0219i un siaj discret.<\/strong><\/p>","protected":false},"excerpt":{"rendered":"<p><strong>Note de v\u00e2rf:<br \/>\nFlori albe<br \/>\nNote fructate<br \/>\nAccente citrice<\/p>\n<p>Note de mijloc:<br \/>\nTrandafir<br \/>\nIasomie<br \/>\nNote florale dulci<\/p>\n<p>Note de baz\u0103:<br \/>\nVanilie<br \/>\nMosc<br \/>\nAmbr\u0103<br \/>\nNote lemnoase<\/strong><\/p>","protected":false},"featured_media":4293,"comment_status":"open","ping_status":"closed","template":"","meta":{"om_disable_all_campaigns":false,"_monsterinsights_skip_tracking":false,"_monsterinsights_sitenote_active":false,"_monsterinsights_sitenote_note":"","_monsterinsights_sitenote_category":0},"product_brand":[74],"product_cat":[56],"product_tag":[],"class_list":{"0":"post-4290","1":"product","2":"type-product","3":"status-publish","4":"has-post-thumbnail","6":"product_brand-wadi-al-khaleej","7":"product_cat-pentru-ea","9":"first","10":"instock","11":"shipping-taxable","12":"purchasable","13":"product-type-simple"},"aioseo_notices":[],"ct_brands":[{"id":74,"name":"Wadi Al Khaleej","slug":"wadi-al-khaleej"}],"_links":{"self":[{"href":"https:\/\/habibimb.com\/en\/wp-json\/wp\/v2\/product\/4290","targetHints":{"allow":["GET"]}}],"collection":[{"href":"https:\/\/habibimb.com\/en\/wp-json\/wp\/v2\/product"}],"about":[{"href":"https:\/\/habibimb.com\/en\/wp-json\/wp\/v2\/types\/product"}],"replies":[{"embeddable":true,"href":"https:\/\/habibimb.com\/en\/wp-json\/wp\/v2\/comments?post=4290"}],"wp:featuredmedia":[{"embeddable":true,"href":"https:\/\/habibimb.com\/en\/wp-json\/wp\/v2\/media\/4293"}],"wp:attachment":[{"href":"https:\/\/habibimb.com\/en\/wp-json\/wp\/v2\/media?parent=4290"}],"wp:term":[{"taxonomy":"product_brand","embeddable":true,"href":"https:\/\/habibimb.com\/en\/wp-json\/wp\/v2\/product_brand?post=4290"},{"taxonomy":"product_cat","embeddable":true,"href":"https:\/\/habibimb.com\/en\/wp-json\/wp\/v2\/product_cat?post=4290"},{"taxonomy":"product_tag","embeddable":true,"href":"https:\/\/habibimb.com\/en\/wp-json\/wp\/v2\/product_tag?post=4290"}],"curies":[{"name":"wp","href":"https:\/\/api.w.org\/{rel}","templated":true}]}}