{"id":4277,"date":"2026-01-05T03:43:02","date_gmt":"2026-01-05T03:43:02","guid":{"rendered":"https:\/\/habibimb.com\/?post_type=product&#038;p=4277"},"modified":"2026-02-02T08:29:17","modified_gmt":"2026-02-02T08:29:17","slug":"apa-de-parfum-sheikh-shuyukh-supreme-lattafa-unisex-100ml","status":"publish","type":"product","link":"https:\/\/habibimb.com\/en\/product\/apa-de-parfum-sheikh-shuyukh-supreme-lattafa-unisex-100ml\/","title":{"rendered":"Sheikh Shuyukh Supreme, Lattafa"},"content":{"rendered":"<p><strong>Ap\u0103 de Parfum Sheikh Shuyukh Supreme, Lattafa, Unisex \u2013 100 ml este un parfum intens \u0219i rafinat, creat pentru femei \u0219i b\u0103rba\u021bi. Aroma sa \u00eembin\u0103 note orientale \u0219i lemnoase cu accente condimentate \u0219i calde, oferind o prezen\u021b\u0103 puternic\u0103, elegant\u0103 \u0219i persistent\u0103, ideal\u0103 pentru orice moment al zilei.<\/strong><\/p>","protected":false},"excerpt":{"rendered":"<p><strong>Asem\u0103n\u0103tor cu Scandal Jean paul gaultier<\/strong><\/p>","protected":false},"featured_media":4278,"comment_status":"open","ping_status":"closed","template":"","meta":{"om_disable_all_campaigns":false,"_monsterinsights_skip_tracking":false,"_monsterinsights_sitenote_active":false,"_monsterinsights_sitenote_note":"","_monsterinsights_sitenote_category":0},"product_brand":[63],"product_cat":[57],"product_tag":[],"class_list":{"0":"post-4277","1":"product","2":"type-product","3":"status-publish","4":"has-post-thumbnail","6":"product_brand-lattafa","7":"product_cat-unisex","9":"first","10":"instock","11":"shipping-taxable","12":"purchasable","13":"product-type-simple"},"aioseo_notices":[],"ct_brands":[{"id":63,"name":"Lattafa","slug":"lattafa"}],"_links":{"self":[{"href":"https:\/\/habibimb.com\/en\/wp-json\/wp\/v2\/product\/4277","targetHints":{"allow":["GET"]}}],"collection":[{"href":"https:\/\/habibimb.com\/en\/wp-json\/wp\/v2\/product"}],"about":[{"href":"https:\/\/habibimb.com\/en\/wp-json\/wp\/v2\/types\/product"}],"replies":[{"embeddable":true,"href":"https:\/\/habibimb.com\/en\/wp-json\/wp\/v2\/comments?post=4277"}],"wp:featuredmedia":[{"embeddable":true,"href":"https:\/\/habibimb.com\/en\/wp-json\/wp\/v2\/media\/4278"}],"wp:attachment":[{"href":"https:\/\/habibimb.com\/en\/wp-json\/wp\/v2\/media?parent=4277"}],"wp:term":[{"taxonomy":"product_brand","embeddable":true,"href":"https:\/\/habibimb.com\/en\/wp-json\/wp\/v2\/product_brand?post=4277"},{"taxonomy":"product_cat","embeddable":true,"href":"https:\/\/habibimb.com\/en\/wp-json\/wp\/v2\/product_cat?post=4277"},{"taxonomy":"product_tag","embeddable":true,"href":"https:\/\/habibimb.com\/en\/wp-json\/wp\/v2\/product_tag?post=4277"}],"curies":[{"name":"wp","href":"https:\/\/api.w.org\/{rel}","templated":true}]}}