{"id":4269,"date":"2026-01-05T03:25:06","date_gmt":"2026-01-05T03:25:06","guid":{"rendered":"https:\/\/habibimb.com\/?post_type=product&#038;p=4269"},"modified":"2026-03-31T11:39:26","modified_gmt":"2026-03-31T11:39:26","slug":"apa-de-parfum-falak-riiffs-unisex-100ml","status":"publish","type":"product","link":"https:\/\/habibimb.com\/en\/product\/apa-de-parfum-falak-riiffs-unisex-100ml\/","title":{"rendered":"Falak, Riiffs"},"content":{"rendered":"<p><strong>Ap\u0103 de Parfum Falak, Riiffs, Unisex \u2013 100 ml este un parfum rafinat \u0219i echilibrat, creat pentru femei \u0219i b\u0103rba\u021bi. Aroma sa elegant\u0103 combin\u0103 note proaspete \u0219i u\u0219or condimentate cu accente calde \u0219i senzuale, oferind o prezen\u021b\u0103 pl\u0103cut\u0103 \u0219i persistent\u0103, potrivit\u0103 pentru orice moment al zilei.<\/strong><\/p>","protected":false},"excerpt":{"rendered":"<p><strong>Inspirat din Escapade Gourmande Maison Mataha<\/strong><\/p>","protected":false},"featured_media":4271,"comment_status":"open","ping_status":"closed","template":"","meta":{"om_disable_all_campaigns":false,"_monsterinsights_skip_tracking":false,"_monsterinsights_sitenote_active":false,"_monsterinsights_sitenote_note":"","_monsterinsights_sitenote_category":0},"product_brand":[73],"product_cat":[57],"product_tag":[],"class_list":{"0":"post-4269","1":"product","2":"type-product","3":"status-publish","4":"has-post-thumbnail","6":"product_brand-riiffs","7":"product_cat-unisex","9":"first","10":"instock","11":"shipping-taxable","12":"purchasable","13":"product-type-simple"},"aioseo_notices":[],"ct_brands":[{"id":73,"name":"Riiffs","slug":"riiffs"}],"_links":{"self":[{"href":"https:\/\/habibimb.com\/en\/wp-json\/wp\/v2\/product\/4269","targetHints":{"allow":["GET"]}}],"collection":[{"href":"https:\/\/habibimb.com\/en\/wp-json\/wp\/v2\/product"}],"about":[{"href":"https:\/\/habibimb.com\/en\/wp-json\/wp\/v2\/types\/product"}],"replies":[{"embeddable":true,"href":"https:\/\/habibimb.com\/en\/wp-json\/wp\/v2\/comments?post=4269"}],"wp:featuredmedia":[{"embeddable":true,"href":"https:\/\/habibimb.com\/en\/wp-json\/wp\/v2\/media\/4271"}],"wp:attachment":[{"href":"https:\/\/habibimb.com\/en\/wp-json\/wp\/v2\/media?parent=4269"}],"wp:term":[{"taxonomy":"product_brand","embeddable":true,"href":"https:\/\/habibimb.com\/en\/wp-json\/wp\/v2\/product_brand?post=4269"},{"taxonomy":"product_cat","embeddable":true,"href":"https:\/\/habibimb.com\/en\/wp-json\/wp\/v2\/product_cat?post=4269"},{"taxonomy":"product_tag","embeddable":true,"href":"https:\/\/habibimb.com\/en\/wp-json\/wp\/v2\/product_tag?post=4269"}],"curies":[{"name":"wp","href":"https:\/\/api.w.org\/{rel}","templated":true}]}}