{"id":4265,"date":"2026-01-05T03:21:48","date_gmt":"2026-01-05T03:21:48","guid":{"rendered":"https:\/\/habibimb.com\/?post_type=product&#038;p=4265"},"modified":"2026-03-31T11:41:47","modified_gmt":"2026-03-31T11:41:47","slug":"apa-de-parfum-fire-on-ice-lattafa-unisex-110ml","status":"publish","type":"product","link":"https:\/\/habibimb.com\/en\/product\/apa-de-parfum-fire-on-ice-lattafa-unisex-110ml\/","title":{"rendered":"Fire On Ice, Lattafa, 110"},"content":{"rendered":"<p><strong>Ap\u0103 de Parfum Fire On Ice, Lattafa, Unisex \u2013 110 ml este un parfum intens \u0219i contrastant, ce \u00eembin\u0103 note proaspete \u0219i r\u0103coritoare cu accente calde \u0219i senzuale. Creat pentru femei \u0219i b\u0103rba\u021bi, acest parfum ofer\u0103 o experien\u021b\u0103 olfactiv\u0103 modern\u0103 \u0219i captivant\u0103, ideal\u0103 pentru cei care apreciaz\u0103 aromele puternice \u0219i persistente.<\/strong><\/p>","protected":false},"excerpt":{"rendered":"<p><strong>Inspirat din Angel&#8217;s Share Paradis by Kilian <\/strong><\/p>","protected":false},"featured_media":4266,"comment_status":"open","ping_status":"closed","template":"","meta":{"om_disable_all_campaigns":false,"_monsterinsights_skip_tracking":false,"_monsterinsights_sitenote_active":false,"_monsterinsights_sitenote_note":"","_monsterinsights_sitenote_category":0},"product_brand":[63],"product_cat":[56],"product_tag":[],"class_list":{"0":"post-4265","1":"product","2":"type-product","3":"status-publish","4":"has-post-thumbnail","6":"product_brand-lattafa","7":"product_cat-pentru-ea","9":"first","10":"instock","11":"shipping-taxable","12":"purchasable","13":"product-type-simple"},"aioseo_notices":[],"ct_brands":[{"id":63,"name":"Lattafa","slug":"lattafa"}],"_links":{"self":[{"href":"https:\/\/habibimb.com\/en\/wp-json\/wp\/v2\/product\/4265","targetHints":{"allow":["GET"]}}],"collection":[{"href":"https:\/\/habibimb.com\/en\/wp-json\/wp\/v2\/product"}],"about":[{"href":"https:\/\/habibimb.com\/en\/wp-json\/wp\/v2\/types\/product"}],"replies":[{"embeddable":true,"href":"https:\/\/habibimb.com\/en\/wp-json\/wp\/v2\/comments?post=4265"}],"wp:featuredmedia":[{"embeddable":true,"href":"https:\/\/habibimb.com\/en\/wp-json\/wp\/v2\/media\/4266"}],"wp:attachment":[{"href":"https:\/\/habibimb.com\/en\/wp-json\/wp\/v2\/media?parent=4265"}],"wp:term":[{"taxonomy":"product_brand","embeddable":true,"href":"https:\/\/habibimb.com\/en\/wp-json\/wp\/v2\/product_brand?post=4265"},{"taxonomy":"product_cat","embeddable":true,"href":"https:\/\/habibimb.com\/en\/wp-json\/wp\/v2\/product_cat?post=4265"},{"taxonomy":"product_tag","embeddable":true,"href":"https:\/\/habibimb.com\/en\/wp-json\/wp\/v2\/product_tag?post=4265"}],"curies":[{"name":"wp","href":"https:\/\/api.w.org\/{rel}","templated":true}]}}