{"id":4263,"date":"2026-01-05T03:17:17","date_gmt":"2026-01-05T03:17:17","guid":{"rendered":"https:\/\/habibimb.com\/?post_type=product&#038;p=4263"},"modified":"2026-01-05T03:16:39","modified_gmt":"2026-01-05T03:16:39","slug":"apa-de-parfum-reem-asdaaf-unisex-100ml","status":"publish","type":"product","link":"https:\/\/habibimb.com\/en\/product\/apa-de-parfum-reem-asdaaf-unisex-100ml\/","title":{"rendered":"Reem, Asdaaf"},"content":{"rendered":"<p><strong>Ap\u0103 de Parfum Reem, Asdaaf, Unisex \u2013 100 ml este un parfum elegant \u0219i echilibrat, potrivit at\u00e2t pentru femei, c\u00e2t \u0219i pentru b\u0103rba\u021bi. Aroma sa rafinat\u0103 \u00eembin\u0103 note proaspete \u0219i florale cu accente calde \u0219i senzuale, oferind o prezen\u021b\u0103 pl\u0103cut\u0103 \u0219i persistent\u0103. Ideal pentru purtare zilnic\u0103 sau ocazii speciale, Reem exprim\u0103 stil, armonie \u0219i personalitate.<\/strong><\/p>","protected":false},"excerpt":{"rendered":"<p><strong>Note de v\u00e2rf: note proaspete, fructate<br \/>\nNote de mijloc: note florale, accente u\u0219or dulci<br \/>\nNote de baz\u0103: mosc, note lemnoase calde<\/strong><\/p>","protected":false},"featured_media":4264,"comment_status":"open","ping_status":"closed","template":"","meta":{"om_disable_all_campaigns":false,"_monsterinsights_skip_tracking":false,"_monsterinsights_sitenote_active":false,"_monsterinsights_sitenote_note":"","_monsterinsights_sitenote_category":0},"product_brand":[106],"product_cat":[57],"product_tag":[],"class_list":{"0":"post-4263","1":"product","2":"type-product","3":"status-publish","4":"has-post-thumbnail","6":"product_brand-asdaaf","7":"product_cat-unisex","9":"first","10":"instock","11":"shipping-taxable","12":"purchasable","13":"product-type-simple"},"aioseo_notices":[],"ct_brands":[{"id":106,"name":"Asdaaf","slug":"asdaaf"}],"_links":{"self":[{"href":"https:\/\/habibimb.com\/en\/wp-json\/wp\/v2\/product\/4263","targetHints":{"allow":["GET"]}}],"collection":[{"href":"https:\/\/habibimb.com\/en\/wp-json\/wp\/v2\/product"}],"about":[{"href":"https:\/\/habibimb.com\/en\/wp-json\/wp\/v2\/types\/product"}],"replies":[{"embeddable":true,"href":"https:\/\/habibimb.com\/en\/wp-json\/wp\/v2\/comments?post=4263"}],"wp:featuredmedia":[{"embeddable":true,"href":"https:\/\/habibimb.com\/en\/wp-json\/wp\/v2\/media\/4264"}],"wp:attachment":[{"href":"https:\/\/habibimb.com\/en\/wp-json\/wp\/v2\/media?parent=4263"}],"wp:term":[{"taxonomy":"product_brand","embeddable":true,"href":"https:\/\/habibimb.com\/en\/wp-json\/wp\/v2\/product_brand?post=4263"},{"taxonomy":"product_cat","embeddable":true,"href":"https:\/\/habibimb.com\/en\/wp-json\/wp\/v2\/product_cat?post=4263"},{"taxonomy":"product_tag","embeddable":true,"href":"https:\/\/habibimb.com\/en\/wp-json\/wp\/v2\/product_tag?post=4263"}],"curies":[{"name":"wp","href":"https:\/\/api.w.org\/{rel}","templated":true}]}}