{"id":4255,"date":"2026-01-05T02:55:21","date_gmt":"2026-01-05T02:55:21","guid":{"rendered":"https:\/\/habibimb.com\/?post_type=product&#038;p=4255"},"modified":"2026-01-23T10:41:04","modified_gmt":"2026-01-23T10:41:04","slug":"apa-de-parfum-genesis-fariis-femei-100ml","status":"publish","type":"product","link":"https:\/\/habibimb.com\/en\/product\/apa-de-parfum-genesis-fariis-femei-100ml\/","title":{"rendered":"Genesis, Fariis"},"content":{"rendered":"<p><strong>Genesis Eau de Parfum este o expresie a rafinamentului \u0219i feminit\u0103\u021bii moderne. \u00cembuteliat \u00eentr-un flacon delicat, din sticl\u0103 roz translucid\u0103, parfumul eman\u0103 elegan\u021b\u0103 \u00eenc\u0103 de la prima privire. Capacul auriu, cu design sofisticat \u0219i detalii atent lucrate, completeaz\u0103 perfect aspectul luxos al crea\u021biei.<\/p>\n<p>Emblema aurie cu simbol solar sugereaz\u0103 energie, armonie \u0219i rena\u0219tere , valori care definesc spiritul parfumului. Genesis este o arom\u0103 seduc\u0103toare \u0219i echilibrat\u0103, creat\u0103 pentru femeia care \u00ee\u0219i cunoa\u0219te puterea, dar \u00ee\u0219i p\u0103streaz\u0103 gra\u021bia.<\/strong><\/p>","protected":false},"excerpt":{"rendered":"<p><\/strong>Inspirat din Guidance Amouage<strong><\/p>","protected":false},"featured_media":4256,"comment_status":"open","ping_status":"closed","template":"","meta":{"om_disable_all_campaigns":false,"_monsterinsights_skip_tracking":false,"_monsterinsights_sitenote_active":false,"_monsterinsights_sitenote_note":"","_monsterinsights_sitenote_category":0},"product_brand":[102],"product_cat":[56],"product_tag":[],"class_list":{"0":"post-4255","1":"product","2":"type-product","3":"status-publish","4":"has-post-thumbnail","6":"product_brand-fariis","7":"product_cat-pentru-ea","9":"first","10":"instock","11":"shipping-taxable","12":"purchasable","13":"product-type-simple"},"aioseo_notices":[],"ct_brands":[{"id":102,"name":"Fariis","slug":"fariis"}],"_links":{"self":[{"href":"https:\/\/habibimb.com\/en\/wp-json\/wp\/v2\/product\/4255","targetHints":{"allow":["GET"]}}],"collection":[{"href":"https:\/\/habibimb.com\/en\/wp-json\/wp\/v2\/product"}],"about":[{"href":"https:\/\/habibimb.com\/en\/wp-json\/wp\/v2\/types\/product"}],"replies":[{"embeddable":true,"href":"https:\/\/habibimb.com\/en\/wp-json\/wp\/v2\/comments?post=4255"}],"wp:featuredmedia":[{"embeddable":true,"href":"https:\/\/habibimb.com\/en\/wp-json\/wp\/v2\/media\/4256"}],"wp:attachment":[{"href":"https:\/\/habibimb.com\/en\/wp-json\/wp\/v2\/media?parent=4255"}],"wp:term":[{"taxonomy":"product_brand","embeddable":true,"href":"https:\/\/habibimb.com\/en\/wp-json\/wp\/v2\/product_brand?post=4255"},{"taxonomy":"product_cat","embeddable":true,"href":"https:\/\/habibimb.com\/en\/wp-json\/wp\/v2\/product_cat?post=4255"},{"taxonomy":"product_tag","embeddable":true,"href":"https:\/\/habibimb.com\/en\/wp-json\/wp\/v2\/product_tag?post=4255"}],"curies":[{"name":"wp","href":"https:\/\/api.w.org\/{rel}","templated":true}]}}