{"id":4008,"date":"2025-11-26T08:25:36","date_gmt":"2025-11-26T08:25:36","guid":{"rendered":"https:\/\/habibimb.com\/?post_type=product&#038;p=4008"},"modified":"2025-12-17T10:38:55","modified_gmt":"2025-12-17T10:38:55","slug":"apa-de-parfum-roses-grabby-wadi-al-khaleej-femei-100ml","status":"publish","type":"product","link":"https:\/\/habibimb.com\/en\/product\/apa-de-parfum-roses-grabby-wadi-al-khaleej-femei-100ml\/","title":{"rendered":"Roses Grabby, Wadi Al Khaleej"},"content":{"rendered":"<p><strong>Roses Grabby este o ap\u0103 de parfum feminin\u0103, floral-catifelat\u0103, construit\u0103 \u00een jurul aromelor elegante de trandafir proasp\u0103t, \u00eempletite cu note delicate fructate \u0219i un fond cald, senzual. Un parfum rafinat, romantic \u0219i persistent, perfect pentru femeile care ador\u0103 elegan\u021ba atemporal\u0103 a trandafirului.<\/strong><\/p>","protected":false},"excerpt":{"rendered":"<p><strong>Inspirat din Roses Greedy Mancera <\/strong><\/p>","protected":false},"featured_media":4009,"comment_status":"open","ping_status":"closed","template":"","meta":{"om_disable_all_campaigns":false,"_monsterinsights_skip_tracking":false,"_monsterinsights_sitenote_active":false,"_monsterinsights_sitenote_note":"","_monsterinsights_sitenote_category":0},"product_brand":[74],"product_cat":[56],"product_tag":[],"class_list":{"0":"post-4008","1":"product","2":"type-product","3":"status-publish","4":"has-post-thumbnail","6":"product_brand-wadi-al-khaleej","7":"product_cat-pentru-ea","9":"first","10":"instock","11":"shipping-taxable","12":"purchasable","13":"product-type-simple"},"aioseo_notices":[],"ct_brands":[{"id":74,"name":"Wadi Al Khaleej","slug":"wadi-al-khaleej"}],"_links":{"self":[{"href":"https:\/\/habibimb.com\/en\/wp-json\/wp\/v2\/product\/4008","targetHints":{"allow":["GET"]}}],"collection":[{"href":"https:\/\/habibimb.com\/en\/wp-json\/wp\/v2\/product"}],"about":[{"href":"https:\/\/habibimb.com\/en\/wp-json\/wp\/v2\/types\/product"}],"replies":[{"embeddable":true,"href":"https:\/\/habibimb.com\/en\/wp-json\/wp\/v2\/comments?post=4008"}],"wp:featuredmedia":[{"embeddable":true,"href":"https:\/\/habibimb.com\/en\/wp-json\/wp\/v2\/media\/4009"}],"wp:attachment":[{"href":"https:\/\/habibimb.com\/en\/wp-json\/wp\/v2\/media?parent=4008"}],"wp:term":[{"taxonomy":"product_brand","embeddable":true,"href":"https:\/\/habibimb.com\/en\/wp-json\/wp\/v2\/product_brand?post=4008"},{"taxonomy":"product_cat","embeddable":true,"href":"https:\/\/habibimb.com\/en\/wp-json\/wp\/v2\/product_cat?post=4008"},{"taxonomy":"product_tag","embeddable":true,"href":"https:\/\/habibimb.com\/en\/wp-json\/wp\/v2\/product_tag?post=4008"}],"curies":[{"name":"wp","href":"https:\/\/api.w.org\/{rel}","templated":true}]}}