{"id":3953,"date":"2025-11-25T10:53:54","date_gmt":"2025-11-25T10:53:54","guid":{"rendered":"https:\/\/habibimb.com\/?post_type=product&#038;p=3953"},"modified":"2026-03-05T11:00:32","modified_gmt":"2026-03-05T11:00:32","slug":"apa-de-parfum-opulent-collection-lattafa-4x25ml-by-lattafa","status":"publish","type":"product","link":"https:\/\/habibimb.com\/en\/product\/apa-de-parfum-opulent-collection-lattafa-4x25ml-by-lattafa\/","title":{"rendered":"Opulent Collection, Lattafa, 4x25 by Lattafa"},"content":{"rendered":"<p><strong>Un set versatil de parfumuri unisex care ofer\u0103 o experien\u0163\u0103 complet\u0103: note citrice \u015fi fructate \u00een deschidere, evolu\u00e2d c\u0103tre inimi florale \u015fi baze lemno-orientale profunde. Ideal pentru explorare olfactiv\u0103, cadou sau varietate \u00een purtare.<\/strong><\/p>","protected":false},"excerpt":{"rendered":"<p>Un set versatil de parfumuri unisex care ofer\u0103 o experien\u0163\u0103 complet\u0103: note citrice \u015fi fructate \u00een deschidere, evolu\u00e2d c\u0103tre inimi florale \u015fi baze lemno-orientale profunde. Ideal pentru explorare olfactiv\u0103, cadou sau varietate \u00een purtare.<\/p>","protected":false},"featured_media":3954,"comment_status":"open","ping_status":"closed","template":"","meta":{"om_disable_all_campaigns":false,"_monsterinsights_skip_tracking":false,"_monsterinsights_sitenote_active":false,"_monsterinsights_sitenote_note":"","_monsterinsights_sitenote_category":0},"product_brand":[63],"product_cat":[82],"product_tag":[],"class_list":{"0":"post-3953","1":"product","2":"type-product","3":"status-publish","4":"has-post-thumbnail","6":"product_brand-lattafa","7":"product_cat-set-cadou","9":"first","10":"instock","11":"shipping-taxable","12":"purchasable","13":"product-type-simple"},"aioseo_notices":[],"ct_brands":[{"id":63,"name":"Lattafa","slug":"lattafa"}],"_links":{"self":[{"href":"https:\/\/habibimb.com\/en\/wp-json\/wp\/v2\/product\/3953","targetHints":{"allow":["GET"]}}],"collection":[{"href":"https:\/\/habibimb.com\/en\/wp-json\/wp\/v2\/product"}],"about":[{"href":"https:\/\/habibimb.com\/en\/wp-json\/wp\/v2\/types\/product"}],"replies":[{"embeddable":true,"href":"https:\/\/habibimb.com\/en\/wp-json\/wp\/v2\/comments?post=3953"}],"wp:featuredmedia":[{"embeddable":true,"href":"https:\/\/habibimb.com\/en\/wp-json\/wp\/v2\/media\/3954"}],"wp:attachment":[{"href":"https:\/\/habibimb.com\/en\/wp-json\/wp\/v2\/media?parent=3953"}],"wp:term":[{"taxonomy":"product_brand","embeddable":true,"href":"https:\/\/habibimb.com\/en\/wp-json\/wp\/v2\/product_brand?post=3953"},{"taxonomy":"product_cat","embeddable":true,"href":"https:\/\/habibimb.com\/en\/wp-json\/wp\/v2\/product_cat?post=3953"},{"taxonomy":"product_tag","embeddable":true,"href":"https:\/\/habibimb.com\/en\/wp-json\/wp\/v2\/product_tag?post=3953"}],"curies":[{"name":"wp","href":"https:\/\/api.w.org\/{rel}","templated":true}]}}