{"id":3941,"date":"2025-11-25T10:39:21","date_gmt":"2025-11-25T10:39:21","guid":{"rendered":"https:\/\/habibimb.com\/?post_type=product&#038;p=3941"},"modified":"2025-12-07T15:10:52","modified_gmt":"2025-12-07T15:10:52","slug":"apa-de-parfum-khumar-cafe-wadi-al-khaleej-unisex-100ml","status":"publish","type":"product","link":"https:\/\/habibimb.com\/en\/product\/apa-de-parfum-khumar-cafe-wadi-al-khaleej-unisex-100ml\/","title":{"rendered":"Khumar Cafe, Wadi Al Khaleej"},"content":{"rendered":"<p><strong>Khumar Caf\u00e9 este un parfum unisex care \u00eembin\u0103 dulcea\u0163a gurmand\u0103 cu o profunzime oriental\u0103. Deschiderea este condimentat\u0103, energic\u0103 \u015fi cald\u0103 scor\u021bi\u0219oar\u0103, cardamom \u015fi ghimbir spun \u201elux\u201d \u00eenc\u0103 de la prima pulverizare. Inima aduce dulce-catifelat\u0103 combina\u0163ia de pralin\u0103, fructe confiate \u015fi flori albe, oferind elegan\u0163\u0103 \u015fi sofisticare. Baza este intens\u0103 \u015fi memorabil\u0103: aroma de cafea pr\u0103jit\u0103, vanilie bogat\u0103, boabe de tonka \u015fi benzoin\u0103 plus mosc creeaz\u0103 o semn\u0103tur\u0103 olfactiv\u0103 persistent\u0103 \u0219i seduc\u0103toare.<\/strong><\/p>","protected":false},"excerpt":{"rendered":"<p><strong>Note de v\u00e2rf: scor\u021bi\u0219oar\u0103, cardamom, ghimbir<br \/>\nNote de mijloc: pralin\u0103, fructe confiate, flori albe<br \/>\nNote de baz\u0103: cafea, vanilie, boabe de tonka, benzoin\u0103, mosc<\/strong><\/p>","protected":false},"featured_media":3943,"comment_status":"open","ping_status":"closed","template":"","meta":{"om_disable_all_campaigns":false,"_monsterinsights_skip_tracking":false,"_monsterinsights_sitenote_active":false,"_monsterinsights_sitenote_note":"","_monsterinsights_sitenote_category":0},"product_brand":[74],"product_cat":[57],"product_tag":[],"class_list":{"0":"post-3941","1":"product","2":"type-product","3":"status-publish","4":"has-post-thumbnail","6":"product_brand-wadi-al-khaleej","7":"product_cat-unisex","9":"first","10":"outofstock","11":"shipping-taxable","12":"purchasable","13":"product-type-simple"},"aioseo_notices":[],"ct_brands":[{"id":74,"name":"Wadi Al Khaleej","slug":"wadi-al-khaleej"}],"_links":{"self":[{"href":"https:\/\/habibimb.com\/en\/wp-json\/wp\/v2\/product\/3941","targetHints":{"allow":["GET"]}}],"collection":[{"href":"https:\/\/habibimb.com\/en\/wp-json\/wp\/v2\/product"}],"about":[{"href":"https:\/\/habibimb.com\/en\/wp-json\/wp\/v2\/types\/product"}],"replies":[{"embeddable":true,"href":"https:\/\/habibimb.com\/en\/wp-json\/wp\/v2\/comments?post=3941"}],"wp:featuredmedia":[{"embeddable":true,"href":"https:\/\/habibimb.com\/en\/wp-json\/wp\/v2\/media\/3943"}],"wp:attachment":[{"href":"https:\/\/habibimb.com\/en\/wp-json\/wp\/v2\/media?parent=3941"}],"wp:term":[{"taxonomy":"product_brand","embeddable":true,"href":"https:\/\/habibimb.com\/en\/wp-json\/wp\/v2\/product_brand?post=3941"},{"taxonomy":"product_cat","embeddable":true,"href":"https:\/\/habibimb.com\/en\/wp-json\/wp\/v2\/product_cat?post=3941"},{"taxonomy":"product_tag","embeddable":true,"href":"https:\/\/habibimb.com\/en\/wp-json\/wp\/v2\/product_tag?post=3941"}],"curies":[{"name":"wp","href":"https:\/\/api.w.org\/{rel}","templated":true}]}}