{"id":3938,"date":"2025-11-25T10:37:06","date_gmt":"2025-11-25T10:37:06","guid":{"rendered":"https:\/\/habibimb.com\/?post_type=product&#038;p=3938"},"modified":"2025-12-15T10:50:06","modified_gmt":"2025-12-15T10:50:06","slug":"apa-de-parfum-khumar-wadi-al-khaleej-unisex-100ml","status":"publish","type":"product","link":"https:\/\/habibimb.com\/en\/product\/apa-de-parfum-khumar-wadi-al-khaleej-unisex-100ml\/","title":{"rendered":"Khumar, Wadi Al Khaleej"},"content":{"rendered":"<p><strong>Khumar este un parfum unisex elegant, cu o deschidere citric-aromatic\u0103 luminoas\u0103, care transmite prospe\u021bime \u0219i energie. Inima parfumului devine calm\u0103 \u0219i rafinat\u0103, cu lavand\u0103 \u0219i note verzi, oferind o senza\u021bie curat\u0103 \u0219i modern\u0103. Baza cald\u0103 de vanilie, ambr\u0103 \u0219i lemn creeaz\u0103 un finisaj catifelat, sofisticat \u0219i persistent.<br \/>\nEste un parfum versatil, potrivit pentru purtare zilnic\u0103, indiferent de sezon, pentru femei \u0219i b\u0103rba\u021bi care apreciaz\u0103 aromele curate, elegante \u0219i echilibrate.<\/strong><\/p>","protected":false},"excerpt":{"rendered":"<p>Inspirat din Angel&#8217;s Share Kilian<\/p>","protected":false},"featured_media":3940,"comment_status":"open","ping_status":"closed","template":"","meta":{"om_disable_all_campaigns":false,"_monsterinsights_skip_tracking":false,"_monsterinsights_sitenote_active":false,"_monsterinsights_sitenote_note":"","_monsterinsights_sitenote_category":0},"product_brand":[74],"product_cat":[57],"product_tag":[],"class_list":{"0":"post-3938","1":"product","2":"type-product","3":"status-publish","4":"has-post-thumbnail","6":"product_brand-wadi-al-khaleej","7":"product_cat-unisex","9":"first","10":"instock","11":"shipping-taxable","12":"purchasable","13":"product-type-simple"},"aioseo_notices":[],"ct_brands":[{"id":74,"name":"Wadi Al Khaleej","slug":"wadi-al-khaleej"}],"_links":{"self":[{"href":"https:\/\/habibimb.com\/en\/wp-json\/wp\/v2\/product\/3938","targetHints":{"allow":["GET"]}}],"collection":[{"href":"https:\/\/habibimb.com\/en\/wp-json\/wp\/v2\/product"}],"about":[{"href":"https:\/\/habibimb.com\/en\/wp-json\/wp\/v2\/types\/product"}],"replies":[{"embeddable":true,"href":"https:\/\/habibimb.com\/en\/wp-json\/wp\/v2\/comments?post=3938"}],"wp:featuredmedia":[{"embeddable":true,"href":"https:\/\/habibimb.com\/en\/wp-json\/wp\/v2\/media\/3940"}],"wp:attachment":[{"href":"https:\/\/habibimb.com\/en\/wp-json\/wp\/v2\/media?parent=3938"}],"wp:term":[{"taxonomy":"product_brand","embeddable":true,"href":"https:\/\/habibimb.com\/en\/wp-json\/wp\/v2\/product_brand?post=3938"},{"taxonomy":"product_cat","embeddable":true,"href":"https:\/\/habibimb.com\/en\/wp-json\/wp\/v2\/product_cat?post=3938"},{"taxonomy":"product_tag","embeddable":true,"href":"https:\/\/habibimb.com\/en\/wp-json\/wp\/v2\/product_tag?post=3938"}],"curies":[{"name":"wp","href":"https:\/\/api.w.org\/{rel}","templated":true}]}}