{"id":3909,"date":"2025-11-23T12:19:32","date_gmt":"2025-11-23T12:19:32","guid":{"rendered":"https:\/\/habibimb.com\/?post_type=product&#038;p=3909"},"modified":"2025-12-30T11:28:55","modified_gmt":"2025-12-30T11:28:55","slug":"apa-de-parfum-khumar-pistache-wadi-al-khaleej-unisex-100ml","status":"publish","type":"product","link":"https:\/\/habibimb.com\/en\/product\/apa-de-parfum-khumar-pistache-wadi-al-khaleej-unisex-100ml\/","title":{"rendered":"Khumar Pistache, Wadi Al Khaleej"},"content":{"rendered":"<p><strong>Acest parfum unisex de la Wadi Al Khaleej (100 ml) se pozi\u021bioneaz\u0103 ca o crea\u021bie orient-gourmand\u0103 cu accente dulci \u015fi lemnoase. Pornind de la o deschidere proasp\u0103t\u0103 citric\u0103, evolueaz\u0103 \u00een mijloc spre note florale delicate, iar \u00een final se a\u015faz\u0103 pe piele printr-o baz\u0103 cald\u0103 de mosc, ambr\u0103 \u015fi lemn \u2014 oferind o prezen\u0163\u0103 sofisticat\u0103, elegant\u0103 \u015fi versatil\u0103.<\/strong><\/p>","protected":false},"excerpt":{"rendered":"<p>Note<strong> de v\u00e2rf: fistic prajit<br \/>\nNote de mijloc: lapte de Migdale, vanilie<br \/>\nNote de baz\u0103: tonka, mosc, lemn de santal<\/strong><\/p>","protected":false},"featured_media":3912,"comment_status":"open","ping_status":"closed","template":"","meta":{"om_disable_all_campaigns":false,"_monsterinsights_skip_tracking":false,"_monsterinsights_sitenote_active":false,"_monsterinsights_sitenote_note":"","_monsterinsights_sitenote_category":0},"product_brand":[74],"product_cat":[57],"product_tag":[],"class_list":{"0":"post-3909","1":"product","2":"type-product","3":"status-publish","4":"has-post-thumbnail","6":"product_brand-wadi-al-khaleej","7":"product_cat-unisex","9":"first","10":"instock","11":"shipping-taxable","12":"purchasable","13":"product-type-simple"},"aioseo_notices":[],"ct_brands":[{"id":74,"name":"Wadi Al Khaleej","slug":"wadi-al-khaleej"}],"_links":{"self":[{"href":"https:\/\/habibimb.com\/en\/wp-json\/wp\/v2\/product\/3909","targetHints":{"allow":["GET"]}}],"collection":[{"href":"https:\/\/habibimb.com\/en\/wp-json\/wp\/v2\/product"}],"about":[{"href":"https:\/\/habibimb.com\/en\/wp-json\/wp\/v2\/types\/product"}],"replies":[{"embeddable":true,"href":"https:\/\/habibimb.com\/en\/wp-json\/wp\/v2\/comments?post=3909"}],"wp:featuredmedia":[{"embeddable":true,"href":"https:\/\/habibimb.com\/en\/wp-json\/wp\/v2\/media\/3912"}],"wp:attachment":[{"href":"https:\/\/habibimb.com\/en\/wp-json\/wp\/v2\/media?parent=3909"}],"wp:term":[{"taxonomy":"product_brand","embeddable":true,"href":"https:\/\/habibimb.com\/en\/wp-json\/wp\/v2\/product_brand?post=3909"},{"taxonomy":"product_cat","embeddable":true,"href":"https:\/\/habibimb.com\/en\/wp-json\/wp\/v2\/product_cat?post=3909"},{"taxonomy":"product_tag","embeddable":true,"href":"https:\/\/habibimb.com\/en\/wp-json\/wp\/v2\/product_tag?post=3909"}],"curies":[{"name":"wp","href":"https:\/\/api.w.org\/{rel}","templated":true}]}}