{"id":3906,"date":"2025-11-23T12:07:42","date_gmt":"2025-11-23T12:07:42","guid":{"rendered":"https:\/\/habibimb.com\/?post_type=product&#038;p=3906"},"modified":"2025-12-12T05:48:21","modified_gmt":"2025-12-12T05:48:21","slug":"apa-de-parfum-the-man-la-parfume-fragrance-deluxe-barbati-100ml","status":"publish","type":"product","link":"https:\/\/habibimb.com\/en\/product\/apa-de-parfum-the-man-la-parfume-fragrance-deluxe-barbati-100ml\/","title":{"rendered":"The Man La Parfume, Fragrance Deluxe"},"content":{"rendered":"<p><strong>Este un parfum masculin cu o deschidere elegant\u0103 \u015fi u\u015for floral\u0103 datorit\u0103 iasomiei combinat\u0103 cu o not\u0103 distinct\u0103 de piele. Inima aduce un contrast \u00eentre prospe\u0163ime (bergamot\u0103) \u015fi condimentele piperului negru, iar baza inser\u0103 elemente lemno-ambrate \u015fi senzuale (mosc, paciuli, ambr\u0103 neagr\u0103) care \u00eei dau profunzime \u015fi persistenta. Potrivit pentru ocazii c\u00e2nd vrei s\u0103 la\u015fi o impresie puternic\u0103 \u015fi sofisticat\u0103.<\/strong><\/p>","protected":false},"excerpt":{"rendered":"<p><strong>Inspirat din Le male Jean Paul Gaultier<\/strong><\/p>","protected":false},"featured_media":3908,"comment_status":"open","ping_status":"closed","template":"","meta":{"om_disable_all_campaigns":false,"_monsterinsights_skip_tracking":false,"_monsterinsights_sitenote_active":false,"_monsterinsights_sitenote_note":"","_monsterinsights_sitenote_category":0},"product_brand":[75],"product_cat":[55],"product_tag":[],"class_list":{"0":"post-3906","1":"product","2":"type-product","3":"status-publish","4":"has-post-thumbnail","6":"product_brand-fragrance-deluxe","7":"product_cat-pentru-el","9":"first","10":"outofstock","11":"shipping-taxable","12":"purchasable","13":"product-type-simple"},"aioseo_notices":[],"ct_brands":[{"id":75,"name":"Fragrance Deluxe","slug":"fragrance-deluxe"}],"_links":{"self":[{"href":"https:\/\/habibimb.com\/en\/wp-json\/wp\/v2\/product\/3906","targetHints":{"allow":["GET"]}}],"collection":[{"href":"https:\/\/habibimb.com\/en\/wp-json\/wp\/v2\/product"}],"about":[{"href":"https:\/\/habibimb.com\/en\/wp-json\/wp\/v2\/types\/product"}],"replies":[{"embeddable":true,"href":"https:\/\/habibimb.com\/en\/wp-json\/wp\/v2\/comments?post=3906"}],"wp:featuredmedia":[{"embeddable":true,"href":"https:\/\/habibimb.com\/en\/wp-json\/wp\/v2\/media\/3908"}],"wp:attachment":[{"href":"https:\/\/habibimb.com\/en\/wp-json\/wp\/v2\/media?parent=3906"}],"wp:term":[{"taxonomy":"product_brand","embeddable":true,"href":"https:\/\/habibimb.com\/en\/wp-json\/wp\/v2\/product_brand?post=3906"},{"taxonomy":"product_cat","embeddable":true,"href":"https:\/\/habibimb.com\/en\/wp-json\/wp\/v2\/product_cat?post=3906"},{"taxonomy":"product_tag","embeddable":true,"href":"https:\/\/habibimb.com\/en\/wp-json\/wp\/v2\/product_tag?post=3906"}],"curies":[{"name":"wp","href":"https:\/\/api.w.org\/{rel}","templated":true}]}}