{"id":3903,"date":"2025-11-23T12:05:00","date_gmt":"2025-11-23T12:05:00","guid":{"rendered":"https:\/\/habibimb.com\/?post_type=product&#038;p=3903"},"modified":"2025-12-07T16:24:56","modified_gmt":"2025-12-07T16:24:56","slug":"extract-de-parfum-angel-care-fragrance-deluxe-unisex-100ml","status":"publish","type":"product","link":"https:\/\/habibimb.com\/en\/product\/extract-de-parfum-angel-care-fragrance-deluxe-unisex-100ml\/","title":{"rendered":"Angel Care, Fragrance Deluxe"},"content":{"rendered":"<p><strong>Acest extract de parfum unisex (100 ml) combin\u0103 dulcea\u021ba gourmand cu accente lemnoase \u0219i condimentate. Deschiderea cu cognac ofer\u0103 o impresie warm \u015fi elegant\u0103, inima aduce scor\u021bi\u0219oar\u0103, lichen de stejar \u015fi tonka pentru profunzime aromatic\u0103, iar baza cu praline, santal \u015fi vanilie creeaz\u0103 o senza\u0163ie de confort \u015fi lux. Perfect pentru sear\u0103 sau pentru momente \u00een care dore\u0219ti ca parfumul s\u0103 lase o impresie memorabil\u0103.<\/strong><\/p>","protected":false},"excerpt":{"rendered":"<p><strong>Inspirat din Angel&#8217;s Share Kilian <\/strong><\/p>","protected":false},"featured_media":3905,"comment_status":"open","ping_status":"closed","template":"","meta":{"om_disable_all_campaigns":false,"_monsterinsights_skip_tracking":false,"_monsterinsights_sitenote_active":false,"_monsterinsights_sitenote_note":"","_monsterinsights_sitenote_category":0},"product_brand":[75],"product_cat":[57],"product_tag":[],"class_list":{"0":"post-3903","1":"product","2":"type-product","3":"status-publish","4":"has-post-thumbnail","6":"product_brand-fragrance-deluxe","7":"product_cat-unisex","9":"first","10":"instock","11":"shipping-taxable","12":"purchasable","13":"product-type-simple"},"aioseo_notices":[],"ct_brands":[{"id":75,"name":"Fragrance Deluxe","slug":"fragrance-deluxe"}],"_links":{"self":[{"href":"https:\/\/habibimb.com\/en\/wp-json\/wp\/v2\/product\/3903","targetHints":{"allow":["GET"]}}],"collection":[{"href":"https:\/\/habibimb.com\/en\/wp-json\/wp\/v2\/product"}],"about":[{"href":"https:\/\/habibimb.com\/en\/wp-json\/wp\/v2\/types\/product"}],"replies":[{"embeddable":true,"href":"https:\/\/habibimb.com\/en\/wp-json\/wp\/v2\/comments?post=3903"}],"wp:featuredmedia":[{"embeddable":true,"href":"https:\/\/habibimb.com\/en\/wp-json\/wp\/v2\/media\/3905"}],"wp:attachment":[{"href":"https:\/\/habibimb.com\/en\/wp-json\/wp\/v2\/media?parent=3903"}],"wp:term":[{"taxonomy":"product_brand","embeddable":true,"href":"https:\/\/habibimb.com\/en\/wp-json\/wp\/v2\/product_brand?post=3903"},{"taxonomy":"product_cat","embeddable":true,"href":"https:\/\/habibimb.com\/en\/wp-json\/wp\/v2\/product_cat?post=3903"},{"taxonomy":"product_tag","embeddable":true,"href":"https:\/\/habibimb.com\/en\/wp-json\/wp\/v2\/product_tag?post=3903"}],"curies":[{"name":"wp","href":"https:\/\/api.w.org\/{rel}","templated":true}]}}