{"id":3723,"date":"2025-11-20T08:26:59","date_gmt":"2025-11-20T08:26:59","guid":{"rendered":"https:\/\/habibimb.com\/?post_type=product&#038;p=3723"},"modified":"2026-01-19T13:26:49","modified_gmt":"2026-01-19T13:26:49","slug":"apa-de-parfum-shadow-by-patric-barbati-100ml","status":"publish","type":"product","link":"https:\/\/habibimb.com\/en\/product\/apa-de-parfum-shadow-by-patric-barbati-100ml\/","title":{"rendered":"Shadow, By Patric"},"content":{"rendered":"<p>Note de v\u00e2rf: Lavanda, L\u0103m\u00e2ie<br \/>\nNote de mijloc: Lavanda, Mar, Paciuli<br \/>\nNote de baza: Lavanda, Vanilie, Vetiver<strong><\/p>","protected":false},"excerpt":{"rendered":"<p>Inspirat din Paco Rabanne Phantom<strong><\/p>","protected":false},"featured_media":3724,"comment_status":"open","ping_status":"closed","template":"","meta":{"om_disable_all_campaigns":false,"_monsterinsights_skip_tracking":false,"_monsterinsights_sitenote_active":false,"_monsterinsights_sitenote_note":"","_monsterinsights_sitenote_category":0},"product_brand":[76],"product_cat":[55],"product_tag":[],"class_list":{"0":"post-3723","1":"product","2":"type-product","3":"status-publish","4":"has-post-thumbnail","6":"product_brand-by-patric","7":"product_cat-pentru-el","9":"first","10":"instock","11":"shipping-taxable","12":"purchasable","13":"product-type-simple"},"aioseo_notices":[],"ct_brands":[{"id":76,"name":"By Patric","slug":"by-patric"}],"_links":{"self":[{"href":"https:\/\/habibimb.com\/en\/wp-json\/wp\/v2\/product\/3723","targetHints":{"allow":["GET"]}}],"collection":[{"href":"https:\/\/habibimb.com\/en\/wp-json\/wp\/v2\/product"}],"about":[{"href":"https:\/\/habibimb.com\/en\/wp-json\/wp\/v2\/types\/product"}],"replies":[{"embeddable":true,"href":"https:\/\/habibimb.com\/en\/wp-json\/wp\/v2\/comments?post=3723"}],"wp:featuredmedia":[{"embeddable":true,"href":"https:\/\/habibimb.com\/en\/wp-json\/wp\/v2\/media\/3724"}],"wp:attachment":[{"href":"https:\/\/habibimb.com\/en\/wp-json\/wp\/v2\/media?parent=3723"}],"wp:term":[{"taxonomy":"product_brand","embeddable":true,"href":"https:\/\/habibimb.com\/en\/wp-json\/wp\/v2\/product_brand?post=3723"},{"taxonomy":"product_cat","embeddable":true,"href":"https:\/\/habibimb.com\/en\/wp-json\/wp\/v2\/product_cat?post=3723"},{"taxonomy":"product_tag","embeddable":true,"href":"https:\/\/habibimb.com\/en\/wp-json\/wp\/v2\/product_tag?post=3723"}],"curies":[{"name":"wp","href":"https:\/\/api.w.org\/{rel}","templated":true}]}}