{"id":3712,"date":"2025-11-20T08:09:13","date_gmt":"2025-11-20T08:09:13","guid":{"rendered":"https:\/\/habibimb.com\/?post_type=product&#038;p=3712"},"modified":"2025-12-05T06:49:44","modified_gmt":"2025-12-05T06:49:44","slug":"apa-de-parfum-yara-elixir-lattafa-femei-100ml","status":"publish","type":"product","link":"https:\/\/habibimb.com\/en\/product\/apa-de-parfum-yara-elixir-lattafa-femei-100ml\/","title":{"rendered":"Yara Elixir, Lattafa"},"content":{"rendered":"<p>Note de v\u00e2rf: Bergamot\u0103, Mandarin\u0103, Coac\u0103ze negre<\/p>\n<p>Note de mijloc: L\u0103cr\u0103mioare, Piersic\u0103, Portocal\u0103, M\u0103r<\/p>\n<p>Note de baz\u0103: Oud, Ambr\u0103, Mosc, Vanilie<\/p>","protected":false},"excerpt":{"rendered":"<p>Asem\u0103n\u0103tor cu Marshmallow Kayali<strong><\/p>","protected":false},"featured_media":4012,"comment_status":"open","ping_status":"closed","template":"","meta":{"om_disable_all_campaigns":false,"_monsterinsights_skip_tracking":false,"_monsterinsights_sitenote_active":false,"_monsterinsights_sitenote_note":"","_monsterinsights_sitenote_category":0},"product_brand":[63],"product_cat":[56],"product_tag":[],"class_list":{"0":"post-3712","1":"product","2":"type-product","3":"status-publish","4":"has-post-thumbnail","6":"product_brand-lattafa","7":"product_cat-pentru-ea","9":"first","10":"instock","11":"shipping-taxable","12":"purchasable","13":"product-type-simple"},"aioseo_notices":[],"ct_brands":[{"id":63,"name":"Lattafa","slug":"lattafa"}],"_links":{"self":[{"href":"https:\/\/habibimb.com\/en\/wp-json\/wp\/v2\/product\/3712","targetHints":{"allow":["GET"]}}],"collection":[{"href":"https:\/\/habibimb.com\/en\/wp-json\/wp\/v2\/product"}],"about":[{"href":"https:\/\/habibimb.com\/en\/wp-json\/wp\/v2\/types\/product"}],"replies":[{"embeddable":true,"href":"https:\/\/habibimb.com\/en\/wp-json\/wp\/v2\/comments?post=3712"}],"wp:featuredmedia":[{"embeddable":true,"href":"https:\/\/habibimb.com\/en\/wp-json\/wp\/v2\/media\/4012"}],"wp:attachment":[{"href":"https:\/\/habibimb.com\/en\/wp-json\/wp\/v2\/media?parent=3712"}],"wp:term":[{"taxonomy":"product_brand","embeddable":true,"href":"https:\/\/habibimb.com\/en\/wp-json\/wp\/v2\/product_brand?post=3712"},{"taxonomy":"product_cat","embeddable":true,"href":"https:\/\/habibimb.com\/en\/wp-json\/wp\/v2\/product_cat?post=3712"},{"taxonomy":"product_tag","embeddable":true,"href":"https:\/\/habibimb.com\/en\/wp-json\/wp\/v2\/product_tag?post=3712"}],"curies":[{"name":"wp","href":"https:\/\/api.w.org\/{rel}","templated":true}]}}