{"id":3692,"date":"2025-11-13T11:03:23","date_gmt":"2025-11-13T11:03:23","guid":{"rendered":"https:\/\/habibimb.com\/?post_type=product&#038;p=3692"},"modified":"2026-01-30T10:52:27","modified_gmt":"2026-01-30T10:52:27","slug":"apa-de-parfum-pacific-oud-grandeur-elite-barbati-100ml","status":"publish","type":"product","link":"https:\/\/habibimb.com\/en\/product\/apa-de-parfum-pacific-oud-grandeur-elite-barbati-100ml\/","title":{"rendered":"Pacific Oud, Grandeur Elite"},"content":{"rendered":"<p>Un parfum masculin cu personalitate, care deschide cu accente condimentate \u015fi citrice, evolueaz\u0103 \u00eentr\u2011o inim\u0103 intens\u0103 de whiskey \u015fi laur, \u015fi se a\u015faz\u0103 pe piele cu o baz\u0103 lemnoas\u0103\u2011ambrat\u0103 cu note s\u0103rate \u2014 perfect pentru sear\u0103 sau pentru ocazii c\u00e2nd vrei s\u0103 la\u015fi o impresie puternic\u0103.<strong><\/p>","protected":false},"excerpt":{"rendered":"<p>Note de v\u00e2rf: floare de portocal, piper negru<\/p>\n<p>Note de mijloc: whiskey, laur (frunze de dafin)<\/p>\n<p>Note de baz\u0103: ambr\u0103, chihlimbar, sare<strong><\/p>","protected":false},"featured_media":3694,"comment_status":"open","ping_status":"closed","template":"","meta":{"om_disable_all_campaigns":false,"_monsterinsights_skip_tracking":false,"_monsterinsights_sitenote_active":false,"_monsterinsights_sitenote_note":"","_monsterinsights_sitenote_category":0},"product_brand":[105],"product_cat":[55],"product_tag":[],"class_list":{"0":"post-3692","1":"product","2":"type-product","3":"status-publish","4":"has-post-thumbnail","6":"product_brand-grandeur-elite","7":"product_cat-pentru-el","9":"first","10":"outofstock","11":"shipping-taxable","12":"purchasable","13":"product-type-simple"},"aioseo_notices":[],"ct_brands":[{"id":105,"name":"Grandeur Elite","slug":"grandeur-elite"}],"_links":{"self":[{"href":"https:\/\/habibimb.com\/en\/wp-json\/wp\/v2\/product\/3692","targetHints":{"allow":["GET"]}}],"collection":[{"href":"https:\/\/habibimb.com\/en\/wp-json\/wp\/v2\/product"}],"about":[{"href":"https:\/\/habibimb.com\/en\/wp-json\/wp\/v2\/types\/product"}],"replies":[{"embeddable":true,"href":"https:\/\/habibimb.com\/en\/wp-json\/wp\/v2\/comments?post=3692"}],"wp:featuredmedia":[{"embeddable":true,"href":"https:\/\/habibimb.com\/en\/wp-json\/wp\/v2\/media\/3694"}],"wp:attachment":[{"href":"https:\/\/habibimb.com\/en\/wp-json\/wp\/v2\/media?parent=3692"}],"wp:term":[{"taxonomy":"product_brand","embeddable":true,"href":"https:\/\/habibimb.com\/en\/wp-json\/wp\/v2\/product_brand?post=3692"},{"taxonomy":"product_cat","embeddable":true,"href":"https:\/\/habibimb.com\/en\/wp-json\/wp\/v2\/product_cat?post=3692"},{"taxonomy":"product_tag","embeddable":true,"href":"https:\/\/habibimb.com\/en\/wp-json\/wp\/v2\/product_tag?post=3692"}],"curies":[{"name":"wp","href":"https:\/\/api.w.org\/{rel}","templated":true}]}}