{"id":3689,"date":"2025-11-13T11:00:51","date_gmt":"2025-11-13T11:00:51","guid":{"rendered":"https:\/\/habibimb.com\/?post_type=product&#038;p=3689"},"modified":"2025-12-02T11:45:29","modified_gmt":"2025-12-02T11:45:29","slug":"apa-de-parfum-instinct-noir-grandeur-elite-femei-100ml","status":"publish","type":"product","link":"https:\/\/habibimb.com\/en\/product\/apa-de-parfum-instinct-noir-grandeur-elite-femei-100ml\/","title":{"rendered":"Instinct Noir, Grandeur Elite"},"content":{"rendered":"<p>Instinct\u202fNoir este un parfum oriental\u2011lemnos, destinat femeilor care doresc s\u0103 \u00ee\u015fi exprime latura misterioas\u0103 \u015fi sofisticat\u0103. Debutul exotic este urmat de un suflet floral cald, apoi se a\u015faz\u0103 pe piele cu o baz\u0103 profund\u0103 \u015fi persistenta.<strong><\/p>","protected":false},"excerpt":{"rendered":"<p>Note de v\u00e2rf: ananas, \u015fofran<\/p>\n<p>Note de mijloc: iasomie<\/p>\n<p>Note de baz\u0103: lemn de cedru, ambr\u0103<strong><\/p>","protected":false},"featured_media":3690,"comment_status":"open","ping_status":"closed","template":"","meta":{"om_disable_all_campaigns":false,"_monsterinsights_skip_tracking":false,"_monsterinsights_sitenote_active":false,"_monsterinsights_sitenote_note":"","_monsterinsights_sitenote_category":0},"product_brand":[105],"product_cat":[56],"product_tag":[],"class_list":{"0":"post-3689","1":"product","2":"type-product","3":"status-publish","4":"has-post-thumbnail","6":"product_brand-grandeur-elite","7":"product_cat-pentru-ea","9":"first","10":"instock","11":"shipping-taxable","12":"purchasable","13":"product-type-simple"},"aioseo_notices":[],"ct_brands":[{"id":105,"name":"Grandeur Elite","slug":"grandeur-elite"}],"_links":{"self":[{"href":"https:\/\/habibimb.com\/en\/wp-json\/wp\/v2\/product\/3689","targetHints":{"allow":["GET"]}}],"collection":[{"href":"https:\/\/habibimb.com\/en\/wp-json\/wp\/v2\/product"}],"about":[{"href":"https:\/\/habibimb.com\/en\/wp-json\/wp\/v2\/types\/product"}],"replies":[{"embeddable":true,"href":"https:\/\/habibimb.com\/en\/wp-json\/wp\/v2\/comments?post=3689"}],"wp:featuredmedia":[{"embeddable":true,"href":"https:\/\/habibimb.com\/en\/wp-json\/wp\/v2\/media\/3690"}],"wp:attachment":[{"href":"https:\/\/habibimb.com\/en\/wp-json\/wp\/v2\/media?parent=3689"}],"wp:term":[{"taxonomy":"product_brand","embeddable":true,"href":"https:\/\/habibimb.com\/en\/wp-json\/wp\/v2\/product_brand?post=3689"},{"taxonomy":"product_cat","embeddable":true,"href":"https:\/\/habibimb.com\/en\/wp-json\/wp\/v2\/product_cat?post=3689"},{"taxonomy":"product_tag","embeddable":true,"href":"https:\/\/habibimb.com\/en\/wp-json\/wp\/v2\/product_tag?post=3689"}],"curies":[{"name":"wp","href":"https:\/\/api.w.org\/{rel}","templated":true}]}}