{"id":3686,"date":"2025-11-13T10:58:11","date_gmt":"2025-11-13T10:58:11","guid":{"rendered":"https:\/\/habibimb.com\/?post_type=product&#038;p=3686"},"modified":"2025-11-13T10:57:55","modified_gmt":"2025-11-13T10:57:55","slug":"apa-de-parfum-mushrif-ard-al-zaafaran-barbati-100ml","status":"publish","type":"product","link":"https:\/\/habibimb.com\/en\/product\/apa-de-parfum-mushrif-ard-al-zaafaran-barbati-100ml\/","title":{"rendered":"Mushrif, Ard Al Zaafaran"},"content":{"rendered":"<p>Un parfum pentru b\u0103rba\u021bi (dar \u0219i unisex), care \u00eembin\u0103 prospe\u021bimea citric\u0103 intens\u0103 cu note aromatice \u0219i o baz\u0103 cald\u0103, lemnoas\u0103\u2011gurmand\u0103. Este potrivit pentru purtare de zi \u0219i sear\u0103, cu o prezen\u021b\u0103 elegant\u0103 \u0219i persistent\u0103.<strong><\/p>","protected":false},"excerpt":{"rendered":"<p>Note de v\u00e2rf: portocale ro\u0219ii, bergamot\u0103<\/p>\n<p>Note de mijloc: lavand\u0103, floare de portocal, geranium<\/p>\n<p>Note de baz\u0103: lemn de santal, vetiver, boabe de tonka, praline, ambr\u0103<strong><\/p>","protected":false},"featured_media":3687,"comment_status":"open","ping_status":"closed","template":"","meta":{"om_disable_all_campaigns":false,"_monsterinsights_skip_tracking":false,"_monsterinsights_sitenote_active":false,"_monsterinsights_sitenote_note":"","_monsterinsights_sitenote_category":0},"product_brand":[64],"product_cat":[55],"product_tag":[],"class_list":{"0":"post-3686","1":"product","2":"type-product","3":"status-publish","4":"has-post-thumbnail","6":"product_brand-ard-al-zaafaran","7":"product_cat-pentru-el","9":"first","10":"instock","11":"shipping-taxable","12":"purchasable","13":"product-type-simple"},"aioseo_notices":[],"ct_brands":[{"id":64,"name":"Ard Al Zaafaran","slug":"ard-al-zaafaran"}],"_links":{"self":[{"href":"https:\/\/habibimb.com\/en\/wp-json\/wp\/v2\/product\/3686","targetHints":{"allow":["GET"]}}],"collection":[{"href":"https:\/\/habibimb.com\/en\/wp-json\/wp\/v2\/product"}],"about":[{"href":"https:\/\/habibimb.com\/en\/wp-json\/wp\/v2\/types\/product"}],"replies":[{"embeddable":true,"href":"https:\/\/habibimb.com\/en\/wp-json\/wp\/v2\/comments?post=3686"}],"wp:featuredmedia":[{"embeddable":true,"href":"https:\/\/habibimb.com\/en\/wp-json\/wp\/v2\/media\/3687"}],"wp:attachment":[{"href":"https:\/\/habibimb.com\/en\/wp-json\/wp\/v2\/media?parent=3686"}],"wp:term":[{"taxonomy":"product_brand","embeddable":true,"href":"https:\/\/habibimb.com\/en\/wp-json\/wp\/v2\/product_brand?post=3686"},{"taxonomy":"product_cat","embeddable":true,"href":"https:\/\/habibimb.com\/en\/wp-json\/wp\/v2\/product_cat?post=3686"},{"taxonomy":"product_tag","embeddable":true,"href":"https:\/\/habibimb.com\/en\/wp-json\/wp\/v2\/product_tag?post=3686"}],"curies":[{"name":"wp","href":"https:\/\/api.w.org\/{rel}","templated":true}]}}